{"id":96,"date":"2018-07-23T12:49:28","date_gmt":"2018-07-23T12:49:28","guid":{"rendered":"http:\/\/linksjugend-solid-bw.de\/akamp\/?page_id=96"},"modified":"2019-07-01T14:39:16","modified_gmt":"2019-07-01T14:39:16","slug":"der-rote-faden","status":"publish","type":"page","link":"https:\/\/linksjugend-solid-bw.de\/akamp\/der-rote-faden\/","title":{"rendered":"Der Rote Faden"},"content":{"rendered":"<p>Der Rote Faden ist der Newsletter des Arbeitskreises und informiert seit dem Juni 2018 \u00fcber unsere Arbeit. Au\u00dferdem ver\u00f6ffentlichen wir darin Informationen zu Bildungsangeboten, Biographien, Diskussionsbeitr\u00e4ge und mehr zur innerverbandlichen Diskussion.<\/p>\n<p><a href=\"http:\/\/linksjugend-solid-bw.de\/akamp\/wp-content\/uploads\/sites\/16\/2019\/07\/der_rote_faden_3.pdf\"><strong>Der Rote Faden #3 (01.12.2018)<\/strong><\/a><\/p>\n<p><strong><a href=\"http:\/\/linksjugend-solid-bw.de\/akamp\/wp-content\/uploads\/sites\/16\/2019\/07\/der_rote_faden_2.pdf\">Der Rote Faden #2 (23.07.2018)<\/a><\/strong><\/p>\n<p><a href=\"http:\/\/linksjugend-solid-bw.de\/wordpress\/wp-content\/uploads\/2018\/07\/der_rote_faden_1.pdf\"><strong>Der Rote Faden #1 (11.6.2018)<\/strong><\/a><\/p>\n","protected":false},"excerpt":{"rendered":"<p>Der Rote Faden ist der Newsletter des Arbeitskreises und informiert seit dem Juni 2018 \u00fcber unsere Arbeit. Au\u00dferdem ver\u00f6ffentlichen wir darin Informationen zu Bildungsangeboten, Biographien, Diskussionsbeitr\u00e4ge und mehr zur innerverbandlichen Diskussion. Der Rote Faden #3<\/p>\n","protected":false},"author":61,"featured_media":0,"parent":0,"menu_order":0,"comment_status":"closed","ping_status":"closed","template":"","meta":{"footnotes":"","_links_to":"","_links_to_target":""},"class_list":["post-96","page","type-page","status-publish","hentry"],"_links":{"self":[{"href":"https:\/\/linksjugend-solid-bw.de\/akamp\/wp-json\/wp\/v2\/pages\/96","targetHints":{"allow":["GET"]}}],"collection":[{"href":"https:\/\/linksjugend-solid-bw.de\/akamp\/wp-json\/wp\/v2\/pages"}],"about":[{"href":"https:\/\/linksjugend-solid-bw.de\/akamp\/wp-json\/wp\/v2\/types\/page"}],"author":[{"embeddable":true,"href":"https:\/\/linksjugend-solid-bw.de\/akamp\/wp-json\/wp\/v2\/users\/61"}],"replies":[{"embeddable":true,"href":"https:\/\/linksjugend-solid-bw.de\/akamp\/wp-json\/wp\/v2\/comments?post=96"}],"version-history":[{"count":4,"href":"https:\/\/linksjugend-solid-bw.de\/akamp\/wp-json\/wp\/v2\/pages\/96\/revisions"}],"predecessor-version":[{"id":110,"href":"https:\/\/linksjugend-solid-bw.de\/akamp\/wp-json\/wp\/v2\/pages\/96\/revisions\/110"}],"wp:attachment":[{"href":"https:\/\/linksjugend-solid-bw.de\/akamp\/wp-json\/wp\/v2\/media?parent=96"}],"curies":[{"name":"wp","href":"https:\/\/api.w.org\/{rel}","templated":true}]}}