{"id":4,"date":"2014-02-26T18:41:14","date_gmt":"2014-02-26T18:41:14","guid":{"rendered":"http:\/\/linksjugend-solid-bw.debg_default\/?page_id=4"},"modified":"2022-08-14T14:13:53","modified_gmt":"2022-08-14T12:13:53","slug":"kontakt","status":"publish","type":"page","link":"https:\/\/linksjugend-solid-bw.de\/breisgau\/kontakt\/","title":{"rendered":"Kontakt &amp; Visdp"},"content":{"rendered":"<p>Linksjugend [&#8217;solid] Breisgau-Hochschwarzwald:<\/p>\n<p><em>Linksjugend [\u2018solid] Baden-W\u00fcrttemberg<\/em><br \/><em>Sch\u00fctzenstra\u00dfe 46<\/em><br \/><em>76137 Karlsruhe<\/em><\/p>\n<p>Tel.: (0721) 3548 9341<br \/>Telefonsprechzeiten: Donnerstag, 18-20 Uhr<\/p>\n<p>E-Mail:\u00a0<strong><a href=\"mailto:info@linksjugend-solid-bw.de\">info[at]linksjugend-solid-bw.de<\/a><\/strong><\/p>\n<p style=\"text-align: right\">&lt;<a title=\"Homepage\" href=\"http:\/\/linksjugend-solid-bw.de\/bg_default\">Zur\u00fcck zur Startseite<\/a>&gt;<\/p>\n\n\n<p><\/p>\n","protected":false},"excerpt":{"rendered":"<p>Linksjugend [&#8217;solid] Breisgau-Hochschwarzwald: Linksjugend [\u2018solid] Baden-W\u00fcrttembergSch\u00fctzenstra\u00dfe 4676137 Karlsruhe Tel.: (0721) 3548 9341Telefonsprechzeiten: Donnerstag, 18-20 Uhr E-Mail:\u00a0info[at]linksjugend-solid-bw.de &lt;Zur\u00fcck zur Startseite&gt;<\/p>\n","protected":false},"author":1,"featured_media":0,"parent":0,"menu_order":5,"comment_status":"open","ping_status":"open","template":"","meta":{"jetpack_post_was_ever_published":false,"footnotes":"","_links_to":"","_links_to_target":""},"class_list":["post-4","page","type-page","status-publish","hentry"],"jetpack_sharing_enabled":true,"jetpack_shortlink":"https:\/\/wp.me\/P4o1qP-4","_links":{"self":[{"href":"https:\/\/linksjugend-solid-bw.de\/breisgau\/wp-json\/wp\/v2\/pages\/4","targetHints":{"allow":["GET"]}}],"collection":[{"href":"https:\/\/linksjugend-solid-bw.de\/breisgau\/wp-json\/wp\/v2\/pages"}],"about":[{"href":"https:\/\/linksjugend-solid-bw.de\/breisgau\/wp-json\/wp\/v2\/types\/page"}],"author":[{"embeddable":true,"href":"https:\/\/linksjugend-solid-bw.de\/breisgau\/wp-json\/wp\/v2\/users\/1"}],"replies":[{"embeddable":true,"href":"https:\/\/linksjugend-solid-bw.de\/breisgau\/wp-json\/wp\/v2\/comments?post=4"}],"version-history":[{"count":9,"href":"https:\/\/linksjugend-solid-bw.de\/breisgau\/wp-json\/wp\/v2\/pages\/4\/revisions"}],"predecessor-version":[{"id":163,"href":"https:\/\/linksjugend-solid-bw.de\/breisgau\/wp-json\/wp\/v2\/pages\/4\/revisions\/163"}],"wp:attachment":[{"href":"https:\/\/linksjugend-solid-bw.de\/breisgau\/wp-json\/wp\/v2\/media?parent=4"}],"curies":[{"name":"wp","href":"https:\/\/api.w.org\/{rel}","templated":true}]}}