{"id":1678,"date":"2012-06-21T11:30:05","date_gmt":"2012-06-21T11:30:05","guid":{"rendered":"http:\/\/s144731316.online.de\/wp-solid-fr\/?page_id=2"},"modified":"2025-07-09T17:13:56","modified_gmt":"2025-07-09T17:13:56","slug":"ueber-uns","status":"publish","type":"page","link":"https:\/\/linksjugend-solid-bw.de\/freiburg\/ueber-uns\/","title":{"rendered":"\u00dcber uns"},"content":{"rendered":"<p><img loading=\"lazy\" decoding=\"async\" class=\"attachment-woocommerce_thumbnail  alignleft\" src=\"https:\/\/www.linksjugend-solid.de\/wp-content\/uploads\/2021\/07\/Die-Antifa-ist-kein-Verein-Wir-schon-Plakat-1-200x285.png\" alt=\"\" width=\"182\" height=\"259\" \/>Wir sind die Linksjugend [&#8217;solid] Freiburg und stehen dem kapitalistischen Wirtschaftssystem kritisch gegen\u00fcber. Kapitalismus und die weltweit immer weiter versch\u00e4rfte Ausbeutung der Allgemeinheit sind verantwortlich f\u00fcr viele der globalen Probleme. Kriege, Umweltkatastrophen durch den Klimawandel, Hungersn\u00f6te und globale Ausbeutung sind nicht gottgewollt oder nat\u00fcrlich, sondern Folgen eines dem Profit unterworfen Systems. Wir setzten uns f\u00fcr eine Welt ein, in der alle Menschen die gleichen M\u00f6glichkeiten haben, auch \u00f6konomisch, und frei sind.<\/p>\n<p>Wir k\u00e4mpfen gegen patriarchale Strukturen, Ausbeutung von Menschen, f\u00fcr die F\u00f6rderung und den Ausbau von Grund- und Freiheitsrechten, gegen Rassismus und f\u00fcr das allgemeine Wahlrecht f\u00fcr alle Bewohner*innen der BRD, unabh\u00e4ngig von ihrem Pass. Wir stehen f\u00fcr eine Gesellschaft ohne Diskriminierung.<\/p>\n<p>Gegr\u00fcndet haben wir uns am 23. September 2008 und treffen uns seither regelm\u00e4\u00dfig. Auf unseren w\u00f6chentlichen Treffen diskutieren wir aktuelle Politik in der Stadt, im Land und in der Welt. Wir formulieren Antworten darauf in Form von Aktionen im \u00f6ffentlichen Raum, Ver\u00f6ffentlichungen, sowie in den staatlichen Parlamenten. Dabei arbeiten wir mit der Partei Die Linke zusammen. Wir verwenden viel Zeit f\u00fcr Bildungsveranstaltungen. Politische Meinungsbildung geschieht bei uns unter Freunden. Interessierte werden mit einer Vorstellungsrunde begr\u00fc\u00dft und sind uns immer herzlich Willkommen!<\/p>\n<p>Wir treffen uns jeden Mittwoch um 19:30 Uhr im Parteib\u00fcro der LINKEN in der Karlsstra\u00dfe 10. Schreib uns am besten, wenn Du vorbeischauen m\u00f6chtest: <strong>basisgruppe-freiburg@bw.linksjugend-solid.de<\/strong><\/p>\n<p>Wir freuen uns auf Dich!<\/p>\n<p><a title=\"Homepage\" href=\"http:\/\/linksjugend-solid-bw.de\/freiburg\">Zur\u00fcck zur Startseite<\/a><\/p>\n","protected":false},"excerpt":{"rendered":"<p>Wir sind die Linksjugend [&#8217;solid] Freiburg und stehen dem kapitalistischen Wirtschaftssystem kritisch gegen\u00fcber. Kapitalismus und die weltweit immer weiter versch\u00e4rfte Ausbeutung der Allgemeinheit sind verantwortlich f\u00fcr viele der globalen Probleme. Kriege, Umweltkatastrophen durch den Klimawandel,<\/p>\n","protected":false},"author":1,"featured_media":0,"parent":0,"menu_order":3,"comment_status":"closed","ping_status":"closed","template":"","meta":{"footnotes":"","_links_to":"","_links_to_target":""},"class_list":["post-1678","page","type-page","status-publish","hentry"],"jetpack_sharing_enabled":true,"jetpack_shortlink":"https:\/\/wp.me\/P4nzVr-r4","_links":{"self":[{"href":"https:\/\/linksjugend-solid-bw.de\/freiburg\/wp-json\/wp\/v2\/pages\/1678","targetHints":{"allow":["GET"]}}],"collection":[{"href":"https:\/\/linksjugend-solid-bw.de\/freiburg\/wp-json\/wp\/v2\/pages"}],"about":[{"href":"https:\/\/linksjugend-solid-bw.de\/freiburg\/wp-json\/wp\/v2\/types\/page"}],"author":[{"embeddable":true,"href":"https:\/\/linksjugend-solid-bw.de\/freiburg\/wp-json\/wp\/v2\/users\/1"}],"replies":[{"embeddable":true,"href":"https:\/\/linksjugend-solid-bw.de\/freiburg\/wp-json\/wp\/v2\/comments?post=1678"}],"version-history":[{"count":22,"href":"https:\/\/linksjugend-solid-bw.de\/freiburg\/wp-json\/wp\/v2\/pages\/1678\/revisions"}],"predecessor-version":[{"id":2815,"href":"https:\/\/linksjugend-solid-bw.de\/freiburg\/wp-json\/wp\/v2\/pages\/1678\/revisions\/2815"}],"wp:attachment":[{"href":"https:\/\/linksjugend-solid-bw.de\/freiburg\/wp-json\/wp\/v2\/media?parent=1678"}],"curies":[{"name":"wp","href":"https:\/\/api.w.org\/{rel}","templated":true}]}}