{"id":1699,"date":"2014-02-25T13:15:33","date_gmt":"2014-02-25T13:15:33","guid":{"rendered":"http:\/\/linksjugend-solid-bw.de\/freiburg\/?page_id=1699"},"modified":"2025-02-16T14:26:55","modified_gmt":"2025-02-16T14:26:55","slug":"verband","status":"publish","type":"page","link":"https:\/\/linksjugend-solid-bw.de\/freiburg\/verband\/","title":{"rendered":"Verband"},"content":{"rendered":"<p>Der Jugendverband Linksjugend [\u2019solid] Baden-W\u00fcrttemberg sieht sich in der reichen Tradition der antifaschistischen, sozialistischen und demokratischen Arbeiter*innenjugendbewegung, ihrer Werte und Ziele sowie ihrer Geschichte. Der Jugendverband nimmt dabei kritisch Stellung zu Vergangenheit und Gegenwart der Linken in Deutschland und Europa.<\/p>\n<p>Der Jugendverband teilt die grunds\u00e4tzlichen programmatischen Ziele der Partei DIE LINKE und steht ihr solidarisch und partnerschaftlich zur Seite. Gleichwohl gibt sich der Jugendverband eigene programmatische Ziele und agiert selbstst\u00e4ndig als unabh\u00e4ngiger demokratischer und sozialistischer Jugendverband in Baden-W\u00fcrttemberg. Der Jugendverband streitet als eigenst\u00e4ndige Organisation im B\u00fcndnis mit anderen f\u00fcr eine moderne, demokratische und sozialistische Gesellschaft, in der soziale Gerechtigkeit, gleichberechtigte gesellschaftliche Teilhabe und die menschliche W\u00fcrde im Mittelpunkt stehen.<\/p>\n<p>Der Jugendverband versteht sich als Teil eines breiten B\u00fcndnisses zum Kampf gegen Raubbau und Zerst\u00f6rung unserer Mitwelt. Er setzt sich aktiv f\u00fcr Umweltschutz, Tierschutz und die \u00f6kologische Energiewende ein, und ist darauf bedacht, f\u00fcr diese Ziele aufkl\u00e4rend in die Gesellschaft hineinzuwirken und Bewusstsein zu schaffen. Wir m\u00f6chten unseren Beitrag zu einer gerechten, demokratischen und sozialistischen Gesellschaft leisten. Im Fokus unserer Arbeit stehen dabei vor allem die Interessen von Kindern und Jugendlichen.<\/p>\n<p>Hier geht es zur Homepage unseres Landesverbandes: <a title=\"linksjugend-solid-bw.de\" href=\"http:\/\/linksjugend-solid-bw.de\">linksjugend-solid-bw.de<\/a><\/p>\n<p>Hier geht es zur Homepage unseres Bundesverbandes:\u00a0<a title=\"linksjugend-solid.de\" href=\"http:\/\/linksjugend-solid.de\">linksjugend-solid.de<\/a><\/p>\n<p style=\"text-align: right\">&lt;<a title=\"Homepage\" href=\"http:\/\/linksjugend-solid-bw.de\/freiburg\">Zur\u00fcck zur Startseite<\/a>&gt;<\/p>\n","protected":false},"excerpt":{"rendered":"<p>Der Jugendverband Linksjugend [\u2019solid] Baden-W\u00fcrttemberg sieht sich in der reichen Tradition der antifaschistischen, sozialistischen und demokratischen Arbeiter*innenjugendbewegung, ihrer Werte und Ziele sowie ihrer Geschichte. Der Jugendverband nimmt dabei kritisch Stellung zu Vergangenheit und Gegenwart der<\/p>\n","protected":false},"author":1,"featured_media":0,"parent":0,"menu_order":5,"comment_status":"closed","ping_status":"closed","template":"","meta":{"footnotes":"","_links_to":"","_links_to_target":""},"class_list":["post-1699","page","type-page","status-publish","hentry"],"jetpack_sharing_enabled":true,"jetpack_shortlink":"https:\/\/wp.me\/P4nzVr-rp","_links":{"self":[{"href":"https:\/\/linksjugend-solid-bw.de\/freiburg\/wp-json\/wp\/v2\/pages\/1699","targetHints":{"allow":["GET"]}}],"collection":[{"href":"https:\/\/linksjugend-solid-bw.de\/freiburg\/wp-json\/wp\/v2\/pages"}],"about":[{"href":"https:\/\/linksjugend-solid-bw.de\/freiburg\/wp-json\/wp\/v2\/types\/page"}],"author":[{"embeddable":true,"href":"https:\/\/linksjugend-solid-bw.de\/freiburg\/wp-json\/wp\/v2\/users\/1"}],"replies":[{"embeddable":true,"href":"https:\/\/linksjugend-solid-bw.de\/freiburg\/wp-json\/wp\/v2\/comments?post=1699"}],"version-history":[{"count":5,"href":"https:\/\/linksjugend-solid-bw.de\/freiburg\/wp-json\/wp\/v2\/pages\/1699\/revisions"}],"predecessor-version":[{"id":2757,"href":"https:\/\/linksjugend-solid-bw.de\/freiburg\/wp-json\/wp\/v2\/pages\/1699\/revisions\/2757"}],"wp:attachment":[{"href":"https:\/\/linksjugend-solid-bw.de\/freiburg\/wp-json\/wp\/v2\/media?parent=1699"}],"curies":[{"name":"wp","href":"https:\/\/api.w.org\/{rel}","templated":true}]}}