{"id":4,"date":"2014-02-26T18:41:14","date_gmt":"2014-02-26T18:41:14","guid":{"rendered":"http:\/\/linksjugend-solid-bw.debg_default\/?page_id=4"},"modified":"2017-03-18T20:20:08","modified_gmt":"2017-03-18T19:20:08","slug":"kontakt","status":"publish","type":"page","link":"https:\/\/linksjugend-solid-bw.de\/heidelberg\/kontakt\/","title":{"rendered":"Treffen und Kontakt"},"content":{"rendered":"<p>&nbsp;<\/p>\n<figure id=\"attachment_81\" aria-describedby=\"caption-attachment-81\" style=\"width: 426px\" class=\"wp-caption aligncenter\"><a href=\"http:\/\/linksjugend-solid-bw.de\/heidelberg\/wp-content\/uploads\/sites\/11\/2014\/02\/Seminar-zum-Thema-\u00d6ffentlichkeitsarbeit.jpg\"><img loading=\"lazy\" decoding=\"async\" class=\"wp-image-81 size-full\" src=\"http:\/\/linksjugend-solid-bw.de\/heidelberg\/wp-content\/uploads\/sites\/11\/2014\/02\/Seminar-zum-Thema-\u00d6ffentlichkeitsarbeit.jpg\" alt=\"Seminar zum Thema \u00d6ffentlichkeitsarbeit\" width=\"426\" height=\"315\" srcset=\"https:\/\/linksjugend-solid-bw.de\/heidelberg\/wp-content\/uploads\/sites\/11\/2014\/02\/Seminar-zum-Thema-\u00d6ffentlichkeitsarbeit.jpg 426w, https:\/\/linksjugend-solid-bw.de\/heidelberg\/wp-content\/uploads\/sites\/11\/2014\/02\/Seminar-zum-Thema-\u00d6ffentlichkeitsarbeit-300x222.jpg 300w\" sizes=\"auto, (max-width: 426px) 100vw, 426px\" \/><\/a><figcaption id=\"caption-attachment-81\" class=\"wp-caption-text\"><em>(Bild veraltet)<\/em><\/figcaption><\/figure>\n<p>&nbsp;<\/p>\n<p>Die Linksjugend [&#8216;solid] Heidelberg trifft sich jeden Donnerstag um 19:00 Uhr im B\u00fcro der linkspartei Heidelberg, Theodor-K\u00f6rner-Str. 7. Dabei planen und organisieren wir Veranstaltungen, besprechen aktuelle Planungen und k\u00f6nnen politische Entwicklungen diskutieren.<\/p>\n<p>Unsere Treffen sind f\u00fcr alle Interessierten offen, auch G\u00e4stes sind jederzeit herzlich willkommen: Schau einfach vorbei!<\/p>\n<p>&nbsp;<\/p>\n<p>Weitere Termine oder eventuelle \u00c4nderungen werden hier angek\u00fcndigt.<\/p>\n<p>&nbsp;<\/p>\n<p>Falls Du Interesse an oder Fragen zu unserer Arbeit oder unseren Treffen hast, kannst du uns nat\u00fcrlich auch gerne eine Mail an heidelberg@linksjugend-solid-bw.de schreiben:<\/p>\n<p>&nbsp;<\/p>\n<p style=\"text-align: left\"><strong>Kontakt<\/strong><\/p>\n<div data-test='contact-form'\n\t\t\tid='contact-form-4'\n\t\t\tclass='wp-block-jetpack-contact-form-container '\n\t\t\tdata-wp-interactive='jetpack\/form' data-wp-context='{\"formId\":\"4\",\"formHash\":\"9dc1a6c2e2c87fa2bd5a45f38901dd28c8747028\",\"showErrors\":false,\"errors\":[],\"fields\":[],\"isMultiStep\":false,\"useAjax\":true,\"submissionData\":null,\"formattedSubmissionData\":[],\"submissionSuccess\":false,\"submissionError\":null,\"elementId\":\"jp-form-9dc1a6c2e2c87fa2bd5a45f38901dd28c8747028\"}'\n\t\t\tdata-wp-watch--scroll-to-wrapper=\"callbacks.scrollToWrapper\"\n\t\t>\n<div class=\"contact-form-submission contact-form-ajax-submission\" data-wp-class--submission-success=\"context.submissionSuccess\"><p class=\"go-back-message\"><a class=\"link\" role=\"button\" tabindex=\"0\" data-wp-on--click=\"actions.goBack\" href=\"\/heidelberg\/wp-json\/wp\/v2\/pages\/4\">Go back<\/a> <\/p><h4 id=\"contact-form-success-header\">Your message has been sent<\/h4>\n\n<template data-wp-each--submission=\"context.formattedSubmissionData\">\n\t\t\t\t<div>\n\t\t\t\t\t<div class=\"field-name\" data-wp-text=\"context.submission.label\" data-wp-bind--hidden=\"!context.submission.label\"><\/div>\n\t\t\t\t\t<div class=\"field-value\" data-wp-text=\"context.submission.value\"><\/div>\n\t\t\t\t<\/div>\n\t\t\t<\/template><\/div><form action='https:\/\/linksjugend-solid-bw.de\/heidelberg\/kontakt\/'\n\t\t\t\tid='jp-form-9dc1a6c2e2c87fa2bd5a45f38901dd28c8747028'\n\t\t\t\tmethod='post'\n\t\t\t\tclass='contact-form commentsblock' aria-label=\"Treffen und Kontakt\"\n\t\t\t\tdata-wp-on--submit=\"actions.onFormSubmit\"\n\t\t\t\tdata-wp-on--reset=\"actions.onFormReset\"\n\t\t\t\tdata-wp-class--submission-success=\"context.submissionSuccess\"\n\t\t\t\tdata-wp-class--is-first-step=\"state.isFirstStep\"\n\t\t\t\tdata-wp-class--is-last-step=\"state.isLastStep\"\n\t\t\t\tdata-wp-class--is-ajax-form=\"context.useAjax\"\n\t\t\t\tnovalidate >\n<input type='hidden' name='jetpack_contact_form_jwt' value='eyJ0eXAiOiJKV1QiLCJhbGciOiJIUzI1NiJ9.eyJhdHRyaWJ1dGVzIjp7InRvIjoiJiM4MjE3O2tvbnRha3RAc29saWQtaGQuZGUmIzgyMTc7Iiwic3ViamVjdCI6IltMaW5rc2p1Z2VuZCBbJ3NvbGlkXSBIZWlkZWxiZXJnXSBUcmVmZmVuIHVuZCBLb250YWt0Iiwic2hvd19zdWJqZWN0Ijoibm8iLCJ3aWRnZXQiOiIiLCJibG9ja190ZW1wbGF0ZSI6IiIsImJsb2NrX3RlbXBsYXRlX3BhcnQiOiIiLCJpZCI6IjQiLCJzdWJtaXRfYnV0dG9uX3RleHQiOiJTdWJtaXQiLCJjdXN0b21UaGFua3lvdSI6IiIsImN1c3RvbVRoYW5reW91SGVhZGluZyI6IllvdXIgbWVzc2FnZSBoYXMgYmVlbiBzZW50IiwiY3VzdG9tVGhhbmt5b3VNZXNzYWdlIjoiVGhhbmsgeW91IGZvciB5b3VyIHN1Ym1pc3Npb24hIiwiY3VzdG9tVGhhbmt5b3VSZWRpcmVjdCI6IiIsImpldHBhY2tDUk0iOiIxIiwibWFpbHBvZXQiOiIiLCJjbGFzc05hbWUiOiIiLCJwb3N0VG9VcmwiOiIiLCJzYWxlc2ZvcmNlRGF0YSI6IiIsImhpZGRlbkZpZWxkcyI6IiIsInN0ZXBUcmFuc2l0aW9uIjoiZmFkZS1zbGlkZSJ9LCJjb250ZW50IjoiW2NvbnRhY3QtZmllbGQgbGFiZWw9J05hbWUnIHR5cGU9J25hbWUnIHJlcXVpcmVkPScxJ1wvXVtjb250YWN0LWZpZWxkIGxhYmVsPSdFbWFpbCcgdHlwZT0nZW1haWwnIHJlcXVpcmVkPScxJ1wvXVtjb250YWN0LWZpZWxkIGxhYmVsPSdOYWNocmljaHQnIHR5cGU9J3RleHRhcmVhJyByZXF1aXJlZD0nMSdcL10iLCJoYXNoIjoiOWRjMWE2YzJlMmM4N2ZhMmJkNWE0NWYzODkwMWRkMjhjODc0NzAyOCJ9.jAkqORH-r1V6yDQFJFYypdpdPYf5IClX8SP5ShKYvGs' \/>\n\n<div style=\"\"  data-wp-interactive=\"jetpack\/form\" data-wp-context='{\"fieldId\":\"g4-name\",\"fieldType\":\"name\",\"fieldLabel\":\"Name\",\"fieldValue\":\"\",\"fieldPlaceholder\":\"\",\"fieldIsRequired\":\"1\",\"fieldErrorMessage\":\"\",\"fieldExtra\":[],\"formHash\":\"9dc1a6c2e2c87fa2bd5a45f38901dd28c8747028\"}'  class='grunion-field-name-wrap grunion-field-wrap'  data-wp-init='callbacks.initializeField' data-wp-on--jetpack-form-reset='callbacks.initializeField' >\n<label\n\t\t\t\tfor='g4-name' class=\"grunion-field-label name\" >Name<span class=\"grunion-label-required\" aria-hidden=\"true\">(required)<\/span><\/label>\n<input\n\t\t\t\t\ttype='text'\n\t\t\t\t\tname='g4-name'\n\t\t\t\t\tid='g4-name'\n\t\t\t\t\tvalue=''\n\n\t\t\t\t\tdata-wp-bind--aria-invalid='state.fieldHasErrors'\n\t\t\t\t\tdata-wp-bind--value='state.getFieldValue'\n\t\t\t\t\taria-errormessage='g4-name-text-error-message'\n\t\t\t\t\tdata-wp-on--input='actions.onFieldChange'\n\t\t\t\t\tdata-wp-on--blur='actions.onFieldBlur'\n\t\t\t\t\tdata-wp-class--has-value='state.hasFieldValue'\n\n\t\t\t\t\tclass='name  grunion-field' \n\t\t\t\t\trequired='true' aria-required='true'  \/>\n \n\t\t\t<div id=\"g4-name-text-error\" class=\"contact-form__input-error\" data-wp-class--has-errors=\"state.fieldHasErrors\">\n\t\t\t\t<span class=\"contact-form__warning-icon\">\n\t\t\t\t\t<svg width=\"16\" height=\"16\" viewBox=\"0 0 16 16\" fill=\"none\" xmlns=\"http:\/\/www.w3.org\/2000\/svg\">\n\t\t\t\t\t\t<path d=\"M8.50015 11.6402H7.50015V10.6402H8.50015V11.6402Z\" \/>\n\t\t\t\t\t\t<path d=\"M7.50015 9.64018H8.50015V6.30684H7.50015V9.64018Z\" \/>\n\t\t\t\t\t\t<path fill-rule=\"evenodd\" clip-rule=\"evenodd\" d=\"M6.98331 3.0947C7.42933 2.30177 8.57096 2.30177 9.01698 3.09469L13.8771 11.7349C14.3145 12.5126 13.7525 13.4735 12.8602 13.4735H3.14004C2.24774 13.4735 1.68575 12.5126 2.12321 11.7349L6.98331 3.0947ZM8.14541 3.58496C8.08169 3.47168 7.9186 3.47168 7.85488 3.58496L2.99478 12.2251C2.93229 12.3362 3.01257 12.4735 3.14004 12.4735H12.8602C12.9877 12.4735 13.068 12.3362 13.0055 12.2251L8.14541 3.58496Z\" \/>\n\t\t\t\t\t<\/svg>\n\t\t\t\t\t<span class=\"visually-hidden\">Warning<\/span>\n\t\t\t\t<\/span>\n\t\t\t\t<span data-wp-text=\"state.errorMessage\" id=\"g4-name-text-error-message\"><\/span>\n\t\t\t<\/div> \n\t<\/div>\n\n<div style=\"\"  data-wp-interactive=\"jetpack\/form\" data-wp-context='{\"fieldId\":\"g4-email\",\"fieldType\":\"email\",\"fieldLabel\":\"Email\",\"fieldValue\":\"\",\"fieldPlaceholder\":\"\",\"fieldIsRequired\":\"1\",\"fieldErrorMessage\":\"\",\"fieldExtra\":[],\"formHash\":\"9dc1a6c2e2c87fa2bd5a45f38901dd28c8747028\"}'  class='grunion-field-email-wrap grunion-field-wrap'  data-wp-init='callbacks.initializeField' data-wp-on--jetpack-form-reset='callbacks.initializeField' >\n<label\n\t\t\t\tfor='g4-email' class=\"grunion-field-label email\" >Email<span class=\"grunion-label-required\" aria-hidden=\"true\">(required)<\/span><\/label>\n<input\n\t\t\t\t\ttype='email'\n\t\t\t\t\tname='g4-email'\n\t\t\t\t\tid='g4-email'\n\t\t\t\t\tvalue=''\n\n\t\t\t\t\tdata-wp-bind--aria-invalid='state.fieldHasErrors'\n\t\t\t\t\tdata-wp-bind--value='state.getFieldValue'\n\t\t\t\t\taria-errormessage='g4-email-email-error-message'\n\t\t\t\t\tdata-wp-on--input='actions.onFieldChange'\n\t\t\t\t\tdata-wp-on--blur='actions.onFieldBlur'\n\t\t\t\t\tdata-wp-class--has-value='state.hasFieldValue'\n\n\t\t\t\t\tclass='email  grunion-field' \n\t\t\t\t\trequired='true' aria-required='true'  \/>\n \n\t\t\t<div id=\"g4-email-email-error\" class=\"contact-form__input-error\" data-wp-class--has-errors=\"state.fieldHasErrors\">\n\t\t\t\t<span class=\"contact-form__warning-icon\">\n\t\t\t\t\t<svg width=\"16\" height=\"16\" viewBox=\"0 0 16 16\" fill=\"none\" xmlns=\"http:\/\/www.w3.org\/2000\/svg\">\n\t\t\t\t\t\t<path d=\"M8.50015 11.6402H7.50015V10.6402H8.50015V11.6402Z\" \/>\n\t\t\t\t\t\t<path d=\"M7.50015 9.64018H8.50015V6.30684H7.50015V9.64018Z\" \/>\n\t\t\t\t\t\t<path fill-rule=\"evenodd\" clip-rule=\"evenodd\" d=\"M6.98331 3.0947C7.42933 2.30177 8.57096 2.30177 9.01698 3.09469L13.8771 11.7349C14.3145 12.5126 13.7525 13.4735 12.8602 13.4735H3.14004C2.24774 13.4735 1.68575 12.5126 2.12321 11.7349L6.98331 3.0947ZM8.14541 3.58496C8.08169 3.47168 7.9186 3.47168 7.85488 3.58496L2.99478 12.2251C2.93229 12.3362 3.01257 12.4735 3.14004 12.4735H12.8602C12.9877 12.4735 13.068 12.3362 13.0055 12.2251L8.14541 3.58496Z\" \/>\n\t\t\t\t\t<\/svg>\n\t\t\t\t\t<span class=\"visually-hidden\">Warning<\/span>\n\t\t\t\t<\/span>\n\t\t\t\t<span data-wp-text=\"state.errorMessage\" id=\"g4-email-email-error-message\"><\/span>\n\t\t\t<\/div> \n\t<\/div>\n\n<div style=\"\"  data-wp-interactive=\"jetpack\/form\" data-wp-context='{\"fieldId\":\"g4-nachricht\",\"fieldType\":\"textarea\",\"fieldLabel\":\"Nachricht\",\"fieldValue\":\"\",\"fieldPlaceholder\":\"\",\"fieldIsRequired\":\"1\",\"fieldErrorMessage\":\"\",\"fieldExtra\":[],\"formHash\":\"9dc1a6c2e2c87fa2bd5a45f38901dd28c8747028\"}'  class='grunion-field-textarea-wrap grunion-field-wrap'  data-wp-init='callbacks.initializeField' data-wp-on--jetpack-form-reset='callbacks.initializeField' >\n<label\n\t\t\t\tfor='contact-form-comment-g4-nachricht' class=\"grunion-field-label textarea\" >Nachricht<span class=\"grunion-label-required\" aria-hidden=\"true\">(required)<\/span><\/label>\n<textarea\n\t\t                style=''\n\t\t                name='g4-nachricht'\n\t\t                id='contact-form-comment-g4-nachricht'\n\t\t                rows='20'\n\t\t\t\t\t\tdata-wp-text='state.getFieldValue'\n\t\t\t\t\t\tdata-wp-on--input='actions.onFieldChange'\n\t\t\t\t\t\tdata-wp-on--blur='actions.onFieldBlur'\n\t\t\t\t\t\tdata-wp-class--has-value='state.hasFieldValue'\n\t\t\t\t\t\tdata-wp-bind--aria-invalid='state.fieldHasErrors'\n\t\t\t\t\t\tdata-wp-on--keydown='actions.onKeyDownTextarea'\n\t\t\t\t\t\taria-errormessage='g4-nachricht-textarea-error-message'\n\t\t\t\t\t\tclass='textarea  grunion-field'  required aria-required='true'><\/textarea>\n \n\t\t\t<div id=\"g4-nachricht-textarea-error\" class=\"contact-form__input-error\" data-wp-class--has-errors=\"state.fieldHasErrors\">\n\t\t\t\t<span class=\"contact-form__warning-icon\">\n\t\t\t\t\t<svg width=\"16\" height=\"16\" viewBox=\"0 0 16 16\" fill=\"none\" xmlns=\"http:\/\/www.w3.org\/2000\/svg\">\n\t\t\t\t\t\t<path d=\"M8.50015 11.6402H7.50015V10.6402H8.50015V11.6402Z\" \/>\n\t\t\t\t\t\t<path d=\"M7.50015 9.64018H8.50015V6.30684H7.50015V9.64018Z\" \/>\n\t\t\t\t\t\t<path fill-rule=\"evenodd\" clip-rule=\"evenodd\" d=\"M6.98331 3.0947C7.42933 2.30177 8.57096 2.30177 9.01698 3.09469L13.8771 11.7349C14.3145 12.5126 13.7525 13.4735 12.8602 13.4735H3.14004C2.24774 13.4735 1.68575 12.5126 2.12321 11.7349L6.98331 3.0947ZM8.14541 3.58496C8.08169 3.47168 7.9186 3.47168 7.85488 3.58496L2.99478 12.2251C2.93229 12.3362 3.01257 12.4735 3.14004 12.4735H12.8602C12.9877 12.4735 13.068 12.3362 13.0055 12.2251L8.14541 3.58496Z\" \/>\n\t\t\t\t\t<\/svg>\n\t\t\t\t\t<span class=\"visually-hidden\">Warning<\/span>\n\t\t\t\t<\/span>\n\t\t\t\t<span data-wp-text=\"state.errorMessage\" id=\"g4-nachricht-textarea-error-message\"><\/span>\n\t\t\t<\/div>\n\t<\/div>\n\t<p class='contact-submit'>\n<div class=\"contact-form__error\" data-wp-class--show-errors=\"state.showFormErrors\"><span class=\"contact-form__warning-icon\"><span class=\"visually-hidden\">Warning.<\/span><i aria-hidden=\"true\"><\/i><\/span>\n\t\t\t\t<span data-wp-text=\"state.getFormErrorMessage\"><\/span>\n\t\t\t\t<ul>\n\t\t\t\t<template data-wp-each=\"state.getErrorList\" data-wp-key=\"context.item.id\">\n\t\t\t\t\t<li><a data-wp-bind--href=\"context.item.anchor\" data-wp-on--click=\"actions.scrollIntoView\" data-wp-text=\"context.item.label\"><\/a><\/li>\n\t\t\t\t<\/template>\n\t\t\t\t<\/ul><\/div><div class=\"contact-form__error\" data-wp-class--show-errors=\"state.showSubmissionError\" data-wp-text=\"context.submissionError\"><\/div>\t\t<button type='submit' class='pushbutton-wide'>Submit<\/button>\t\t<input type='hidden' name='contact-form-id' value='4' \/>\n\t\t<input type='hidden' name='action' value='grunion-contact-form' \/>\n\t\t<input type='hidden' name='contact-form-hash' value='9dc1a6c2e2c87fa2bd5a45f38901dd28c8747028' \/>\n\t<\/p>\n<p style=\"display: none !important;\" class=\"akismet-fields-container\" data-prefix=\"ak_\"><label>&#916;<textarea name=\"ak_hp_textarea\" cols=\"45\" rows=\"8\" maxlength=\"100\"><\/textarea><\/label><input type=\"hidden\" id=\"ak_js_1\" name=\"ak_js\" value=\"122\"\/><script>document.getElementById( \"ak_js_1\" ).setAttribute( \"value\", ( new Date() ).getTime() );<\/script><\/p><\/form>\n<\/div>\n<p>&nbsp;<\/p>\n<p>&nbsp;<\/p>\n<p style=\"text-align: right\">&lt;<a title=\"Homepage\" href=\"http:\/\/linksjugend-solid-bw.de\/heidelberg\">Zur\u00fcck zur Startseite<\/a>&gt;<\/p>\n","protected":false},"excerpt":{"rendered":"<p>&nbsp; &nbsp; Die Linksjugend [&#8216;solid] Heidelberg trifft sich jeden Donnerstag um 19:00 Uhr im B\u00fcro der linkspartei Heidelberg, Theodor-K\u00f6rner-Str. 7. Dabei planen und organisieren wir Veranstaltungen, besprechen aktuelle Planungen und k\u00f6nnen politische Entwicklungen diskutieren. Unsere<\/p>\n","protected":false},"author":1,"featured_media":0,"parent":0,"menu_order":5,"comment_status":"open","ping_status":"open","template":"","meta":{"jetpack_post_was_ever_published":false,"footnotes":"","_links_to":"","_links_to_target":""},"class_list":["post-4","page","type-page","status-publish","hentry"],"jetpack_sharing_enabled":true,"jetpack_shortlink":"https:\/\/wp.me\/P4o1qP-4","_links":{"self":[{"href":"https:\/\/linksjugend-solid-bw.de\/heidelberg\/wp-json\/wp\/v2\/pages\/4","targetHints":{"allow":["GET"]}}],"collection":[{"href":"https:\/\/linksjugend-solid-bw.de\/heidelberg\/wp-json\/wp\/v2\/pages"}],"about":[{"href":"https:\/\/linksjugend-solid-bw.de\/heidelberg\/wp-json\/wp\/v2\/types\/page"}],"author":[{"embeddable":true,"href":"https:\/\/linksjugend-solid-bw.de\/heidelberg\/wp-json\/wp\/v2\/users\/1"}],"replies":[{"embeddable":true,"href":"https:\/\/linksjugend-solid-bw.de\/heidelberg\/wp-json\/wp\/v2\/comments?post=4"}],"version-history":[{"count":19,"href":"https:\/\/linksjugend-solid-bw.de\/heidelberg\/wp-json\/wp\/v2\/pages\/4\/revisions"}],"predecessor-version":[{"id":195,"href":"https:\/\/linksjugend-solid-bw.de\/heidelberg\/wp-json\/wp\/v2\/pages\/4\/revisions\/195"}],"wp:attachment":[{"href":"https:\/\/linksjugend-solid-bw.de\/heidelberg\/wp-json\/wp\/v2\/media?parent=4"}],"curies":[{"name":"wp","href":"https:\/\/api.w.org\/{rel}","templated":true}]}}