{"id":7,"date":"2014-02-26T18:52:58","date_gmt":"2014-02-26T18:52:58","guid":{"rendered":"http:\/\/linksjugend-solid-bw.debg_default\/?page_id=7"},"modified":"2020-06-08T15:33:42","modified_gmt":"2020-06-08T15:33:42","slug":"material","status":"publish","type":"page","link":"https:\/\/linksjugend-solid-bw.de\/heilbronn\/material\/","title":{"rendered":"Material"},"content":{"rendered":"<h4>Unsere Aufkleber:<\/h4>\n<div class=\"tiled-gallery type-rectangular tiled-gallery-unresized\" data-original-width=\"810\" data-carousel-extra='null' itemscope itemtype=\"http:\/\/schema.org\/ImageGallery\" > <div class=\"gallery-row\" style=\"width: 810px; height: 384px;\" data-original-width=\"810\" data-original-height=\"384\" > <div class=\"gallery-group images-1\" style=\"width: 541px; height: 384px;\" data-original-width=\"541\" data-original-height=\"384\" > <div class=\"tiled-gallery-item tiled-gallery-item-large\" itemprop=\"associatedMedia\" itemscope itemtype=\"http:\/\/schema.org\/ImageObject\"> <a href=\"https:\/\/linksjugend-solid-bw.de\/heilbronn\/material\/solid_nazis_verpisst_euch-2\/\" border=\"0\" itemprop=\"url\"> <meta itemprop=\"width\" content=\"537\"> <meta itemprop=\"height\" content=\"380\"> <img decoding=\"async\" class=\"\" data-attachment-id=\"92\" data-orig-file=\"https:\/\/linksjugend-solid-bw.de\/heilbronn\/wp-content\/uploads\/sites\/37\/2020\/06\/solid_nazis_verpisst_euch.jpg\" data-orig-size=\"283,200\" data-comments-opened=\"1\" data-image-meta=\"{&quot;aperture&quot;:&quot;0&quot;,&quot;credit&quot;:&quot;&quot;,&quot;camera&quot;:&quot;&quot;,&quot;caption&quot;:&quot;&quot;,&quot;created_timestamp&quot;:&quot;0&quot;,&quot;copyright&quot;:&quot;&quot;,&quot;focal_length&quot;:&quot;0&quot;,&quot;iso&quot;:&quot;0&quot;,&quot;shutter_speed&quot;:&quot;0&quot;,&quot;title&quot;:&quot;&quot;,&quot;orientation&quot;:&quot;0&quot;}\" data-image-title=\"solid_nazis_verpisst_euch\" data-image-description=\"\" data-medium-file=\"https:\/\/linksjugend-solid-bw.de\/heilbronn\/wp-content\/uploads\/sites\/37\/2020\/06\/solid_nazis_verpisst_euch.jpg\" data-large-file=\"https:\/\/linksjugend-solid-bw.de\/heilbronn\/wp-content\/uploads\/sites\/37\/2020\/06\/solid_nazis_verpisst_euch.jpg\" src=\"https:\/\/i0.wp.com\/linksjugend-solid-bw.de\/heilbronn\/wp-content\/uploads\/sites\/37\/2020\/06\/solid_nazis_verpisst_euch.jpg?w=537&#038;h=380&#038;ssl=1\" width=\"537\" height=\"380\" loading=\"lazy\" data-original-width=\"537\" data-original-height=\"380\" itemprop=\"http:\/\/schema.org\/image\" title=\"solid_nazis_verpisst_euch\" alt=\"solid_nazis_verpisst_euch\" style=\"width: 537px; height: 380px;\" \/> <\/a> <\/div> <\/div> <!-- close group --> <div class=\"gallery-group images-2\" style=\"width: 269px; height: 384px;\" data-original-width=\"269\" data-original-height=\"384\" > <div class=\"tiled-gallery-item tiled-gallery-item-large\" itemprop=\"associatedMedia\" itemscope itemtype=\"http:\/\/schema.org\/ImageObject\"> <a href=\"https:\/\/linksjugend-solid-bw.de\/heilbronn\/material\/solid_fight_nato-2\/\" border=\"0\" itemprop=\"url\"> <meta itemprop=\"width\" content=\"265\"> <meta itemprop=\"height\" content=\"188\"> <img decoding=\"async\" class=\"\" data-attachment-id=\"87\" data-orig-file=\"https:\/\/linksjugend-solid-bw.de\/heilbronn\/wp-content\/uploads\/sites\/37\/2020\/06\/solid_fight_nato.jpg\" data-orig-size=\"1024,726\" data-comments-opened=\"1\" data-image-meta=\"{&quot;aperture&quot;:&quot;0&quot;,&quot;credit&quot;:&quot;&quot;,&quot;camera&quot;:&quot;&quot;,&quot;caption&quot;:&quot;&quot;,&quot;created_timestamp&quot;:&quot;0&quot;,&quot;copyright&quot;:&quot;&quot;,&quot;focal_length&quot;:&quot;0&quot;,&quot;iso&quot;:&quot;0&quot;,&quot;shutter_speed&quot;:&quot;0&quot;,&quot;title&quot;:&quot;&quot;,&quot;orientation&quot;:&quot;0&quot;}\" data-image-title=\"solid_fight_nato\" data-image-description=\"\" data-medium-file=\"https:\/\/linksjugend-solid-bw.de\/heilbronn\/wp-content\/uploads\/sites\/37\/2020\/06\/solid_fight_nato-300x213.jpg\" data-large-file=\"https:\/\/linksjugend-solid-bw.de\/heilbronn\/wp-content\/uploads\/sites\/37\/2020\/06\/solid_fight_nato.jpg\" src=\"https:\/\/i0.wp.com\/linksjugend-solid-bw.de\/heilbronn\/wp-content\/uploads\/sites\/37\/2020\/06\/solid_fight_nato.jpg?w=265&#038;h=188&#038;ssl=1\" srcset=\"https:\/\/linksjugend-solid-bw.de\/heilbronn\/wp-content\/uploads\/sites\/37\/2020\/06\/solid_fight_nato.jpg 1024w, https:\/\/linksjugend-solid-bw.de\/heilbronn\/wp-content\/uploads\/sites\/37\/2020\/06\/solid_fight_nato-300x213.jpg 300w, https:\/\/linksjugend-solid-bw.de\/heilbronn\/wp-content\/uploads\/sites\/37\/2020\/06\/solid_fight_nato-768x545.jpg 768w\" width=\"265\" height=\"188\" loading=\"lazy\" data-original-width=\"265\" data-original-height=\"188\" itemprop=\"http:\/\/schema.org\/image\" title=\"solid_fight_nato\" alt=\"solid_fight_nato\" style=\"width: 265px; height: 188px;\" \/> <\/a> <\/div> <div class=\"tiled-gallery-item tiled-gallery-item-large\" itemprop=\"associatedMedia\" itemscope itemtype=\"http:\/\/schema.org\/ImageObject\"> <a href=\"https:\/\/linksjugend-solid-bw.de\/heilbronn\/material\/solid_rustung_stoppen-2\/\" border=\"0\" itemprop=\"url\"> <meta itemprop=\"width\" content=\"265\"> <meta itemprop=\"height\" content=\"188\"> <img decoding=\"async\" class=\"\" data-attachment-id=\"86\" data-orig-file=\"https:\/\/linksjugend-solid-bw.de\/heilbronn\/wp-content\/uploads\/sites\/37\/2020\/06\/solid_r\u00fcstung_stoppen.jpg\" data-orig-size=\"1024,727\" data-comments-opened=\"1\" data-image-meta=\"{&quot;aperture&quot;:&quot;0&quot;,&quot;credit&quot;:&quot;&quot;,&quot;camera&quot;:&quot;&quot;,&quot;caption&quot;:&quot;&quot;,&quot;created_timestamp&quot;:&quot;0&quot;,&quot;copyright&quot;:&quot;&quot;,&quot;focal_length&quot;:&quot;0&quot;,&quot;iso&quot;:&quot;0&quot;,&quot;shutter_speed&quot;:&quot;0&quot;,&quot;title&quot;:&quot;&quot;,&quot;orientation&quot;:&quot;0&quot;}\" data-image-title=\"solid_r\u00fcstung_stoppen\" data-image-description=\"\" data-medium-file=\"https:\/\/linksjugend-solid-bw.de\/heilbronn\/wp-content\/uploads\/sites\/37\/2020\/06\/solid_r\u00fcstung_stoppen-300x213.jpg\" data-large-file=\"https:\/\/linksjugend-solid-bw.de\/heilbronn\/wp-content\/uploads\/sites\/37\/2020\/06\/solid_r\u00fcstung_stoppen.jpg\" src=\"https:\/\/i0.wp.com\/linksjugend-solid-bw.de\/heilbronn\/wp-content\/uploads\/sites\/37\/2020\/06\/solid_r%C3%BCstung_stoppen.jpg?w=265&#038;h=188&#038;ssl=1\" width=\"265\" height=\"188\" loading=\"lazy\" data-original-width=\"265\" data-original-height=\"188\" itemprop=\"http:\/\/schema.org\/image\" title=\"solid_r\u00fcstung_stoppen\" alt=\"solid_r\u00fcstung_stoppen\" style=\"width: 265px; height: 188px;\" \/> <\/a> <\/div> <\/div> <!-- close group --> <\/div> <!-- close row --> <div class=\"gallery-row\" style=\"width: 810px; height: 385px;\" data-original-width=\"810\" data-original-height=\"385\" > <div class=\"gallery-group images-2\" style=\"width: 270px; height: 385px;\" data-original-width=\"270\" data-original-height=\"385\" > <div class=\"tiled-gallery-item tiled-gallery-item-large\" itemprop=\"associatedMedia\" itemscope itemtype=\"http:\/\/schema.org\/ImageObject\"> <a href=\"https:\/\/linksjugend-solid-bw.de\/heilbronn\/material\/solid_mieten_runter-2\/\" border=\"0\" itemprop=\"url\"> <meta itemprop=\"width\" content=\"266\"> <meta itemprop=\"height\" content=\"188\"> <img decoding=\"async\" class=\"\" data-attachment-id=\"94\" data-orig-file=\"https:\/\/linksjugend-solid-bw.de\/heilbronn\/wp-content\/uploads\/sites\/37\/2020\/06\/solid_mieten_runter.jpg\" data-orig-size=\"426,302\" data-comments-opened=\"1\" data-image-meta=\"{&quot;aperture&quot;:&quot;0&quot;,&quot;credit&quot;:&quot;&quot;,&quot;camera&quot;:&quot;&quot;,&quot;caption&quot;:&quot;&quot;,&quot;created_timestamp&quot;:&quot;0&quot;,&quot;copyright&quot;:&quot;&quot;,&quot;focal_length&quot;:&quot;0&quot;,&quot;iso&quot;:&quot;0&quot;,&quot;shutter_speed&quot;:&quot;0&quot;,&quot;title&quot;:&quot;&quot;,&quot;orientation&quot;:&quot;0&quot;}\" data-image-title=\"solid_mieten_runter\" data-image-description=\"\" data-medium-file=\"https:\/\/linksjugend-solid-bw.de\/heilbronn\/wp-content\/uploads\/sites\/37\/2020\/06\/solid_mieten_runter-300x213.jpg\" data-large-file=\"https:\/\/linksjugend-solid-bw.de\/heilbronn\/wp-content\/uploads\/sites\/37\/2020\/06\/solid_mieten_runter.jpg\" src=\"https:\/\/i0.wp.com\/linksjugend-solid-bw.de\/heilbronn\/wp-content\/uploads\/sites\/37\/2020\/06\/solid_mieten_runter.jpg?w=266&#038;h=188&#038;ssl=1\" srcset=\"https:\/\/linksjugend-solid-bw.de\/heilbronn\/wp-content\/uploads\/sites\/37\/2020\/06\/solid_mieten_runter.jpg 426w, https:\/\/linksjugend-solid-bw.de\/heilbronn\/wp-content\/uploads\/sites\/37\/2020\/06\/solid_mieten_runter-300x213.jpg 300w\" width=\"266\" height=\"188\" loading=\"lazy\" data-original-width=\"266\" data-original-height=\"188\" itemprop=\"http:\/\/schema.org\/image\" title=\"solid_mieten_runter\" alt=\"solid_mieten_runter\" style=\"width: 266px; height: 188px;\" \/> <\/a> <\/div> <div class=\"tiled-gallery-item tiled-gallery-item-large\" itemprop=\"associatedMedia\" itemscope itemtype=\"http:\/\/schema.org\/ImageObject\"> <a href=\"https:\/\/linksjugend-solid-bw.de\/heilbronn\/material\/solid_kein_mensch_ist_illegal-2\/\" border=\"0\" itemprop=\"url\"> <meta itemprop=\"width\" content=\"266\"> <meta itemprop=\"height\" content=\"189\"> <img decoding=\"async\" class=\"\" data-attachment-id=\"93\" data-orig-file=\"https:\/\/linksjugend-solid-bw.de\/heilbronn\/wp-content\/uploads\/sites\/37\/2020\/06\/solid_kein_mensch_ist_illegal.jpg\" data-orig-size=\"282,200\" data-comments-opened=\"1\" data-image-meta=\"{&quot;aperture&quot;:&quot;0&quot;,&quot;credit&quot;:&quot;&quot;,&quot;camera&quot;:&quot;&quot;,&quot;caption&quot;:&quot;&quot;,&quot;created_timestamp&quot;:&quot;0&quot;,&quot;copyright&quot;:&quot;&quot;,&quot;focal_length&quot;:&quot;0&quot;,&quot;iso&quot;:&quot;0&quot;,&quot;shutter_speed&quot;:&quot;0&quot;,&quot;title&quot;:&quot;&quot;,&quot;orientation&quot;:&quot;0&quot;}\" data-image-title=\"solid_kein_mensch_ist_illegal\" data-image-description=\"\" data-medium-file=\"https:\/\/linksjugend-solid-bw.de\/heilbronn\/wp-content\/uploads\/sites\/37\/2020\/06\/solid_kein_mensch_ist_illegal.jpg\" data-large-file=\"https:\/\/linksjugend-solid-bw.de\/heilbronn\/wp-content\/uploads\/sites\/37\/2020\/06\/solid_kein_mensch_ist_illegal.jpg\" src=\"https:\/\/i0.wp.com\/linksjugend-solid-bw.de\/heilbronn\/wp-content\/uploads\/sites\/37\/2020\/06\/solid_kein_mensch_ist_illegal.jpg?w=266&#038;h=189&#038;ssl=1\" width=\"266\" height=\"189\" loading=\"lazy\" data-original-width=\"266\" data-original-height=\"189\" itemprop=\"http:\/\/schema.org\/image\" title=\"solid_kein_mensch_ist_illegal\" alt=\"solid_kein_mensch_ist_illegal\" style=\"width: 266px; height: 189px;\" \/> <\/a> <\/div> <\/div> <!-- close group --> <div class=\"gallery-group images-1\" style=\"width: 540px; height: 385px;\" data-original-width=\"540\" data-original-height=\"385\" > <div class=\"tiled-gallery-item tiled-gallery-item-large\" itemprop=\"associatedMedia\" itemscope itemtype=\"http:\/\/schema.org\/ImageObject\"> <a href=\"https:\/\/linksjugend-solid-bw.de\/heilbronn\/material\/solid_rot_frech-2\/\" border=\"0\" itemprop=\"url\"> <meta itemprop=\"width\" content=\"536\"> <meta itemprop=\"height\" content=\"381\"> <img decoding=\"async\" class=\"\" data-attachment-id=\"85\" data-orig-file=\"https:\/\/linksjugend-solid-bw.de\/heilbronn\/wp-content\/uploads\/sites\/37\/2020\/06\/solid_rot_frech.jpg\" data-orig-size=\"1024,727\" data-comments-opened=\"1\" data-image-meta=\"{&quot;aperture&quot;:&quot;0&quot;,&quot;credit&quot;:&quot;&quot;,&quot;camera&quot;:&quot;&quot;,&quot;caption&quot;:&quot;&quot;,&quot;created_timestamp&quot;:&quot;0&quot;,&quot;copyright&quot;:&quot;&quot;,&quot;focal_length&quot;:&quot;0&quot;,&quot;iso&quot;:&quot;0&quot;,&quot;shutter_speed&quot;:&quot;0&quot;,&quot;title&quot;:&quot;&quot;,&quot;orientation&quot;:&quot;0&quot;}\" data-image-title=\"solid_rot_frech\" data-image-description=\"\" data-medium-file=\"https:\/\/linksjugend-solid-bw.de\/heilbronn\/wp-content\/uploads\/sites\/37\/2020\/06\/solid_rot_frech-300x213.jpg\" data-large-file=\"https:\/\/linksjugend-solid-bw.de\/heilbronn\/wp-content\/uploads\/sites\/37\/2020\/06\/solid_rot_frech.jpg\" src=\"https:\/\/i0.wp.com\/linksjugend-solid-bw.de\/heilbronn\/wp-content\/uploads\/sites\/37\/2020\/06\/solid_rot_frech.jpg?w=536&#038;h=381&#038;ssl=1\" srcset=\"https:\/\/linksjugend-solid-bw.de\/heilbronn\/wp-content\/uploads\/sites\/37\/2020\/06\/solid_rot_frech.jpg 1024w, https:\/\/linksjugend-solid-bw.de\/heilbronn\/wp-content\/uploads\/sites\/37\/2020\/06\/solid_rot_frech-300x213.jpg 300w, https:\/\/linksjugend-solid-bw.de\/heilbronn\/wp-content\/uploads\/sites\/37\/2020\/06\/solid_rot_frech-768x545.jpg 768w\" width=\"536\" height=\"381\" loading=\"lazy\" data-original-width=\"536\" data-original-height=\"381\" itemprop=\"http:\/\/schema.org\/image\" title=\"solid_rot_frech\" alt=\"solid_rot_frech\" style=\"width: 536px; height: 381px;\" \/> <\/a> <\/div> <\/div> <!-- close group --> <\/div> <!-- close row --> <div class=\"gallery-row\" style=\"width: 810px; height: 288px;\" data-original-width=\"810\" data-original-height=\"288\" > <div class=\"gallery-group images-1\" style=\"width: 406px; height: 288px;\" data-original-width=\"406\" data-original-height=\"288\" > <div class=\"tiled-gallery-item tiled-gallery-item-large\" itemprop=\"associatedMedia\" itemscope itemtype=\"http:\/\/schema.org\/ImageObject\"> <a href=\"https:\/\/linksjugend-solid-bw.de\/heilbronn\/material\/solid_legalize-2\/\" border=\"0\" itemprop=\"url\"> <meta itemprop=\"width\" content=\"402\"> <meta itemprop=\"height\" content=\"284\"> <img decoding=\"async\" class=\"\" data-attachment-id=\"91\" data-orig-file=\"https:\/\/linksjugend-solid-bw.de\/heilbronn\/wp-content\/uploads\/sites\/37\/2020\/06\/solid_legalize.jpg\" data-orig-size=\"283,200\" data-comments-opened=\"1\" data-image-meta=\"{&quot;aperture&quot;:&quot;0&quot;,&quot;credit&quot;:&quot;&quot;,&quot;camera&quot;:&quot;&quot;,&quot;caption&quot;:&quot;&quot;,&quot;created_timestamp&quot;:&quot;0&quot;,&quot;copyright&quot;:&quot;&quot;,&quot;focal_length&quot;:&quot;0&quot;,&quot;iso&quot;:&quot;0&quot;,&quot;shutter_speed&quot;:&quot;0&quot;,&quot;title&quot;:&quot;&quot;,&quot;orientation&quot;:&quot;0&quot;}\" data-image-title=\"solid_legalize\" data-image-description=\"\" data-medium-file=\"https:\/\/linksjugend-solid-bw.de\/heilbronn\/wp-content\/uploads\/sites\/37\/2020\/06\/solid_legalize.jpg\" data-large-file=\"https:\/\/linksjugend-solid-bw.de\/heilbronn\/wp-content\/uploads\/sites\/37\/2020\/06\/solid_legalize.jpg\" src=\"https:\/\/i0.wp.com\/linksjugend-solid-bw.de\/heilbronn\/wp-content\/uploads\/sites\/37\/2020\/06\/solid_legalize.jpg?w=402&#038;h=284&#038;ssl=1\" width=\"402\" height=\"284\" loading=\"lazy\" data-original-width=\"402\" data-original-height=\"284\" itemprop=\"http:\/\/schema.org\/image\" title=\"solid_legalize\" alt=\"solid_legalize\" style=\"width: 402px; height: 284px;\" \/> <\/a> <\/div> <\/div> <!-- close group --> <div class=\"gallery-group images-1\" style=\"width: 404px; height: 288px;\" data-original-width=\"404\" data-original-height=\"288\" > <div class=\"tiled-gallery-item tiled-gallery-item-large\" itemprop=\"associatedMedia\" itemscope itemtype=\"http:\/\/schema.org\/ImageObject\"> <a href=\"https:\/\/linksjugend-solid-bw.de\/heilbronn\/material\/solid_umverteilen-2\/\" border=\"0\" itemprop=\"url\"> <meta itemprop=\"width\" content=\"400\"> <meta itemprop=\"height\" content=\"284\"> <img decoding=\"async\" class=\"\" data-attachment-id=\"90\" data-orig-file=\"https:\/\/linksjugend-solid-bw.de\/heilbronn\/wp-content\/uploads\/sites\/37\/2020\/06\/solid_umverteilen.jpg\" data-orig-size=\"571,405\" data-comments-opened=\"1\" data-image-meta=\"{&quot;aperture&quot;:&quot;0&quot;,&quot;credit&quot;:&quot;&quot;,&quot;camera&quot;:&quot;&quot;,&quot;caption&quot;:&quot;&quot;,&quot;created_timestamp&quot;:&quot;0&quot;,&quot;copyright&quot;:&quot;&quot;,&quot;focal_length&quot;:&quot;0&quot;,&quot;iso&quot;:&quot;0&quot;,&quot;shutter_speed&quot;:&quot;0&quot;,&quot;title&quot;:&quot;&quot;,&quot;orientation&quot;:&quot;0&quot;}\" data-image-title=\"solid_umverteilen\" data-image-description=\"\" data-medium-file=\"https:\/\/linksjugend-solid-bw.de\/heilbronn\/wp-content\/uploads\/sites\/37\/2020\/06\/solid_umverteilen-300x213.jpg\" data-large-file=\"https:\/\/linksjugend-solid-bw.de\/heilbronn\/wp-content\/uploads\/sites\/37\/2020\/06\/solid_umverteilen.jpg\" src=\"https:\/\/i0.wp.com\/linksjugend-solid-bw.de\/heilbronn\/wp-content\/uploads\/sites\/37\/2020\/06\/solid_umverteilen.jpg?w=400&#038;h=284&#038;ssl=1\" srcset=\"https:\/\/linksjugend-solid-bw.de\/heilbronn\/wp-content\/uploads\/sites\/37\/2020\/06\/solid_umverteilen.jpg 571w, https:\/\/linksjugend-solid-bw.de\/heilbronn\/wp-content\/uploads\/sites\/37\/2020\/06\/solid_umverteilen-300x213.jpg 300w\" width=\"400\" height=\"284\" loading=\"lazy\" data-original-width=\"400\" data-original-height=\"284\" itemprop=\"http:\/\/schema.org\/image\" title=\"solid_umverteilen\" alt=\"solid_umverteilen\" style=\"width: 400px; height: 284px;\" \/> <\/a> <\/div> <\/div> <!-- close group --> <\/div> <!-- close row --> <div class=\"gallery-row\" style=\"width: 810px; height: 288px;\" data-original-width=\"810\" data-original-height=\"288\" > <div class=\"gallery-group images-1\" style=\"width: 405px; height: 288px;\" data-original-width=\"405\" data-original-height=\"288\" > <div class=\"tiled-gallery-item tiled-gallery-item-large\" itemprop=\"associatedMedia\" itemscope itemtype=\"http:\/\/schema.org\/ImageObject\"> <a href=\"https:\/\/linksjugend-solid-bw.de\/heilbronn\/material\/solid_linke_wahlen-2\/\" border=\"0\" itemprop=\"url\"> <meta itemprop=\"width\" content=\"401\"> <meta itemprop=\"height\" content=\"284\"> <img decoding=\"async\" class=\"\" data-attachment-id=\"95\" data-orig-file=\"https:\/\/linksjugend-solid-bw.de\/heilbronn\/wp-content\/uploads\/sites\/37\/2020\/06\/solid_linke_w\u00e4hlen.jpg\" data-orig-size=\"426,302\" data-comments-opened=\"1\" data-image-meta=\"{&quot;aperture&quot;:&quot;0&quot;,&quot;credit&quot;:&quot;&quot;,&quot;camera&quot;:&quot;&quot;,&quot;caption&quot;:&quot;&quot;,&quot;created_timestamp&quot;:&quot;0&quot;,&quot;copyright&quot;:&quot;&quot;,&quot;focal_length&quot;:&quot;0&quot;,&quot;iso&quot;:&quot;0&quot;,&quot;shutter_speed&quot;:&quot;0&quot;,&quot;title&quot;:&quot;&quot;,&quot;orientation&quot;:&quot;0&quot;}\" data-image-title=\"solid_linke_w\u00e4hlen\" data-image-description=\"\" data-medium-file=\"https:\/\/linksjugend-solid-bw.de\/heilbronn\/wp-content\/uploads\/sites\/37\/2020\/06\/solid_linke_w\u00e4hlen-300x213.jpg\" data-large-file=\"https:\/\/linksjugend-solid-bw.de\/heilbronn\/wp-content\/uploads\/sites\/37\/2020\/06\/solid_linke_w\u00e4hlen.jpg\" src=\"https:\/\/i0.wp.com\/linksjugend-solid-bw.de\/heilbronn\/wp-content\/uploads\/sites\/37\/2020\/06\/solid_linke_w%C3%A4hlen.jpg?w=401&#038;h=284&#038;ssl=1\" width=\"401\" height=\"284\" loading=\"lazy\" data-original-width=\"401\" data-original-height=\"284\" itemprop=\"http:\/\/schema.org\/image\" title=\"solid_linke_w\u00e4hlen\" alt=\"solid_linke_w\u00e4hlen\" style=\"width: 401px; height: 284px;\" \/> <\/a> <\/div> <\/div> <!-- close group --> <div class=\"gallery-group images-1\" style=\"width: 405px; height: 288px;\" data-original-width=\"405\" data-original-height=\"288\" > <div class=\"tiled-gallery-item tiled-gallery-item-large\" itemprop=\"associatedMedia\" itemscope itemtype=\"http:\/\/schema.org\/ImageObject\"> <a href=\"https:\/\/linksjugend-solid-bw.de\/heilbronn\/material\/solid_schulfrei-2\/\" border=\"0\" itemprop=\"url\"> <meta itemprop=\"width\" content=\"401\"> <meta itemprop=\"height\" content=\"284\"> <img decoding=\"async\" class=\"\" data-attachment-id=\"89\" data-orig-file=\"https:\/\/linksjugend-solid-bw.de\/heilbronn\/wp-content\/uploads\/sites\/37\/2020\/06\/solid_schulfrei.jpg\" data-orig-size=\"281,199\" data-comments-opened=\"1\" data-image-meta=\"{&quot;aperture&quot;:&quot;0&quot;,&quot;credit&quot;:&quot;&quot;,&quot;camera&quot;:&quot;&quot;,&quot;caption&quot;:&quot;&quot;,&quot;created_timestamp&quot;:&quot;0&quot;,&quot;copyright&quot;:&quot;&quot;,&quot;focal_length&quot;:&quot;0&quot;,&quot;iso&quot;:&quot;0&quot;,&quot;shutter_speed&quot;:&quot;0&quot;,&quot;title&quot;:&quot;&quot;,&quot;orientation&quot;:&quot;0&quot;}\" data-image-title=\"solid_schulfrei\" data-image-description=\"\" data-medium-file=\"https:\/\/linksjugend-solid-bw.de\/heilbronn\/wp-content\/uploads\/sites\/37\/2020\/06\/solid_schulfrei.jpg\" data-large-file=\"https:\/\/linksjugend-solid-bw.de\/heilbronn\/wp-content\/uploads\/sites\/37\/2020\/06\/solid_schulfrei.jpg\" src=\"https:\/\/i0.wp.com\/linksjugend-solid-bw.de\/heilbronn\/wp-content\/uploads\/sites\/37\/2020\/06\/solid_schulfrei.jpg?w=401&#038;h=284&#038;ssl=1\" width=\"401\" height=\"284\" loading=\"lazy\" data-original-width=\"401\" data-original-height=\"284\" itemprop=\"http:\/\/schema.org\/image\" title=\"solid_schulfrei\" alt=\"solid_schulfrei\" style=\"width: 401px; height: 284px;\" \/> <\/a> <\/div> <\/div> <!-- close group --> <\/div> <!-- close row --> <div class=\"gallery-row\" style=\"width: 810px; height: 581px;\" data-original-width=\"810\" data-original-height=\"581\" > <div class=\"gallery-group images-1\" style=\"width: 810px; height: 581px;\" data-original-width=\"810\" data-original-height=\"581\" > <div class=\"tiled-gallery-item tiled-gallery-item-large\" itemprop=\"associatedMedia\" itemscope itemtype=\"http:\/\/schema.org\/ImageObject\"> <a href=\"https:\/\/linksjugend-solid-bw.de\/heilbronn\/material\/solid_nazis_stoppen-2\/\" border=\"0\" itemprop=\"url\"> <meta itemprop=\"width\" content=\"806\"> <meta itemprop=\"height\" content=\"577\"> <img decoding=\"async\" class=\"\" data-attachment-id=\"88\" data-orig-file=\"https:\/\/linksjugend-solid-bw.de\/heilbronn\/wp-content\/uploads\/sites\/37\/2020\/06\/solid_nazis_stoppen.jpg\" data-orig-size=\"281,201\" data-comments-opened=\"1\" data-image-meta=\"{&quot;aperture&quot;:&quot;0&quot;,&quot;credit&quot;:&quot;&quot;,&quot;camera&quot;:&quot;&quot;,&quot;caption&quot;:&quot;&quot;,&quot;created_timestamp&quot;:&quot;0&quot;,&quot;copyright&quot;:&quot;&quot;,&quot;focal_length&quot;:&quot;0&quot;,&quot;iso&quot;:&quot;0&quot;,&quot;shutter_speed&quot;:&quot;0&quot;,&quot;title&quot;:&quot;&quot;,&quot;orientation&quot;:&quot;0&quot;}\" data-image-title=\"solid_nazis_stoppen\" data-image-description=\"\" data-medium-file=\"https:\/\/linksjugend-solid-bw.de\/heilbronn\/wp-content\/uploads\/sites\/37\/2020\/06\/solid_nazis_stoppen.jpg\" data-large-file=\"https:\/\/linksjugend-solid-bw.de\/heilbronn\/wp-content\/uploads\/sites\/37\/2020\/06\/solid_nazis_stoppen.jpg\" src=\"https:\/\/i0.wp.com\/linksjugend-solid-bw.de\/heilbronn\/wp-content\/uploads\/sites\/37\/2020\/06\/solid_nazis_stoppen.jpg?w=806&#038;h=577&#038;ssl=1\" width=\"806\" height=\"577\" loading=\"lazy\" data-original-width=\"806\" data-original-height=\"577\" itemprop=\"http:\/\/schema.org\/image\" title=\"solid_nazis_stoppen\" alt=\"solid_nazis_stoppen\" style=\"width: 806px; height: 577px;\" \/> <\/a> <\/div> <\/div> <!-- close group --> <\/div> <!-- close row --> <\/div>\n<p><img decoding=\"async\" title=\"gallery link=&quot;file&quot; type=&quot;rectangular&quot; ids=&quot;629,323,321,319,318,316,315,313,312,311,310,314,309&quot;\" src=\"http:\/\/linksjugend-solid-bw.de\/freiburg\/wp-includes\/js\/tinymce\/plugins\/wpgallery\/img\/t.gif\" alt=\"\" \/><\/p>\n<p>Unser Material soll nat\u00fcrlich Verbreitung finden. Kopieren, verteilen und bestellen ist ausdr\u00fccklich erw\u00fcnscht!<\/p>\n<p>Das Zeug ist nat\u00fcrlich\u00a0<strong>KOSTENLOS<\/strong>, schreib doch einfach eine Bestellung an:\u00a0<em>versand@linksjugend-solid-bw.de<\/em><\/p>\n<h4>Flyer und anderes Material der [&#8217;solid]:<\/h4>\n<p><strong>Material des Bundesverbandes:<\/strong><\/p>\n<p><a title=\"Satzung der Linksjugend['solid]\" href=\"http:\/\/s144731316.online.de\/wp-solid-fr\/wp-content\/uploads\/2013\/06\/Satzung_21.03.2009.pdf\" target=\"_blank\" rel=\"noopener noreferrer\">Bundessatzung der Linksjugend[&#8217;solid] (2009)<\/a><\/p>\n<p><strong>Material des Landesverbandes Baden-W\u00fcrttemberg:<\/strong><br \/>\n<a title=\"Landessatzung der Linksjugend['solid] BaW\u00fc\" href=\"http:\/\/s144731316.online.de\/wp-solid-fr\/wp-content\/uploads\/2013\/06\/satzung-linksjugend2011-bw.pdf\" target=\"_blank\" rel=\"noopener noreferrer\">Landessatzung der Linksjugend[&#8217;solid] BaW\u00fc (2011)<\/a><br \/>\n<a title=\"Eintrittserkl\u00e4rung\" href=\"http:\/\/s144731316.online.de\/wp-solid-fr\/wp-content\/uploads\/2013\/06\/eintrittserkla__rung_solid.pdf\" target=\"_blank\" rel=\"noopener noreferrer\">Eintrittserkl\u00e4rung<\/a><\/p>\n<p style=\"text-align: right\">&lt;<a title=\"Homepage\" href=\"http:\/\/linksjugend-solid-bw.de\/bg_default\">Zur\u00fcck zur Startseite<\/a>&gt;<\/p>\n","protected":false},"excerpt":{"rendered":"<p>Unsere Aufkleber: Unser Material soll nat\u00fcrlich Verbreitung finden. Kopieren, verteilen und bestellen ist ausdr\u00fccklich erw\u00fcnscht! Das Zeug ist nat\u00fcrlich\u00a0KOSTENLOS, schreib doch einfach eine Bestellung an:\u00a0versand@linksjugend-solid-bw.de Flyer und anderes Material der [&#8217;solid]: Material des Bundesverbandes: Bundessatzung<\/p>\n","protected":false},"author":1,"featured_media":0,"parent":0,"menu_order":1,"comment_status":"open","ping_status":"open","template":"","meta":{"jetpack_post_was_ever_published":false,"footnotes":"","_links_to":"","_links_to_target":""},"class_list":["post-7","page","type-page","status-publish","hentry"],"jetpack_sharing_enabled":true,"jetpack_shortlink":"https:\/\/wp.me\/P4o1qP-7","_links":{"self":[{"href":"https:\/\/linksjugend-solid-bw.de\/heilbronn\/wp-json\/wp\/v2\/pages\/7","targetHints":{"allow":["GET"]}}],"collection":[{"href":"https:\/\/linksjugend-solid-bw.de\/heilbronn\/wp-json\/wp\/v2\/pages"}],"about":[{"href":"https:\/\/linksjugend-solid-bw.de\/heilbronn\/wp-json\/wp\/v2\/types\/page"}],"author":[{"embeddable":true,"href":"https:\/\/linksjugend-solid-bw.de\/heilbronn\/wp-json\/wp\/v2\/users\/1"}],"replies":[{"embeddable":true,"href":"https:\/\/linksjugend-solid-bw.de\/heilbronn\/wp-json\/wp\/v2\/comments?post=7"}],"version-history":[{"count":5,"href":"https:\/\/linksjugend-solid-bw.de\/heilbronn\/wp-json\/wp\/v2\/pages\/7\/revisions"}],"predecessor-version":[{"id":96,"href":"https:\/\/linksjugend-solid-bw.de\/heilbronn\/wp-json\/wp\/v2\/pages\/7\/revisions\/96"}],"wp:attachment":[{"href":"https:\/\/linksjugend-solid-bw.de\/heilbronn\/wp-json\/wp\/v2\/media?parent=7"}],"curies":[{"name":"wp","href":"https:\/\/api.w.org\/{rel}","templated":true}]}}