{"id":180,"date":"2016-09-06T15:00:12","date_gmt":"2016-09-06T14:00:12","guid":{"rendered":"http:\/\/linksjugend-solid-bw.de\/hevi\/?page_id=180"},"modified":"2016-11-22T19:06:20","modified_gmt":"2016-11-22T18:06:20","slug":"rojava","status":"publish","type":"page","link":"https:\/\/linksjugend-solid-bw.de\/hevi\/rojava\/","title":{"rendered":"Rojava"},"content":{"rendered":"<p align=\"JUSTIFY\">Rojava ist ein Gebiet im Norden Syriens (syrisches Kurdistan), in der die kurdische, christliche wie auch muslimische Bev\u00f6lkerung gemeinsam versucht, eine demokratische, emanzipatorische und freie Gesellschaft aufzubauen. Rojava ist derzeit in 3 Kantone aufgeteilt \u2013 Ciz\u00eere, Koban\u00ee und Efr\u00een \u2013 die vor kurzem ihre Autonomie bekannt gaben. Die Region wird auch die Kornkammer Syriens genannt, da hier die meiste Landwirtschaft und die lukrative \u00d6lindustrie angesiedelt sind.<\/p>\n<p align=\"JUSTIFY\">Mit Beginn des Aufstandes veranstaltete die PYD (Partei der demokratischen Union) in den kurdischen Gebieten immer wieder friedliche Demonstrationen und Streiks, um schlie\u00dflich nach dem Abzug der Baath-Truppen f\u00fcr eine Offensive gegen die FSA (Freie Syrische Armee) in den Betrieben, der Verwaltung, sowie bei der Polizei (Asayi\u015f) und in der Armee (YPG) basisdemokratische R\u00e4testrukturen aufbauen zu k\u00f6nnen. Ebenfalls errichtete man Sprach- und Kulturschulen und sorgte f\u00fcr kostenlose Gesundheitsversorgung und Bildung. Benzin an Tankstellen und Nahrung in B\u00e4ckereien\/Lebensmittell\u00e4den gibt es zu bezahlbaren Preisen. RichterInnen und Vorgesetzte werden von der Bev\u00f6lkerung und der Belegschaft gew\u00e4hlt, in den Schulen erhalten die Kinder mehr Mitsprache, um ihnen von Beginn an ein Demokratieverst\u00e4ndnis zu vermitteln.<\/p>\n<p align=\"JUSTIFY\">Zwar ist die PYD die treibende Kraft hinter der Bewegung, trotzdem beherrscht sie nicht alleine das R\u00e4tesystem, welches von unten nach oben aufgebaut ist. Viele weitere Organisationen sind daran beteiligt, die jeweils ihre Delegierten in die \u00fcbergeordneten Gremien entsenden. So gibt es z.B. Stra\u00dfenkomitees, die auf Stadtteilkomitees aufbauen, welche dann wiederum den Volksrat bilden.<\/p>\n<p align=\"JUSTIFY\">Die Revolution in Rojava ist vor allem aber auch eine Revolution der Frau, was konkret bedeutet, dass es in allen Verwaltungsstrukturen eine Mindestquote von 40% der Frauen gibt, ja selbst die Armee hat ihre eigenen reinen Frauenbrigaden. Wenn ein Mann einer Frau Gewalt antut, muss er sich vor einem Volksgericht verantworten.<\/p>\n<p align=\"JUSTIFY\">F\u00fcr die arabische Welt ist dies ein Meilenstein in der Geschichte. Doch nicht nur die bisher genannten Verbesserungen sprechen f\u00fcr eine Solidarit\u00e4t mit der Bewegung in Rojava. Auch das Zusammenleben der kurdischen, arabischen, christlichen und muslimischen Minderheiten wird durch Quotierungen im System verbessert.<\/p>\n<p align=\"JUSTIFY\">W\u00e4hrend die Bev\u00f6lkerung t\u00e4glich ums \u00dcberleben k\u00e4mpft, da Islamisten versuchen Rojava zu unterwerfen, werden durch Boykotte der T\u00fcrkei und des Irak Hilfsg\u00fcter an den Grenzen aufgehalten. Hilfsg\u00fcter an die Islamisten gelangen allerdings \u00fcber die t\u00fcrkische Grenze, was zeigt, dass die T\u00fcrkei keinesfalls an einer positiven L\u00f6sung der Kurdenfrage interessiert ist. Die t\u00fcrkische Armee marschiert ebenfalls an den Grenzen zu Rojava auf und dringt immer weiter in das R\u00fcckzugsgebiet der PKK (Arbeiterpartei Kurdistans) vor, welche den t\u00fcrkisch-kurdischen Teil aufgrund des Waffenstillstands mit der t\u00fcrkischen Regierung r\u00e4umten. Auch Deutschland bringt sich durch die Stationierung von \u201ePatriot\u201c-Abwehrraketen in den Konflikt an der Grenze ein.<\/p>\n<p align=\"JUSTIFY\">Traurig ist es, dass die Mainstream-Medien wieder einmal nicht \u00fcber solch eine fortschrittliche Bewegung berichten, ja die ganze Bewegung fast totgeschwiegen und der syrische Konflikt nur auf Assad und Opposition reduziert wird. Ein dritter Weg, der immer gr\u00f6\u00dfere Erfolge aufweist, findet kaum Beachtung, da man dann den Menschen aufzeigen k\u00f6nnte, wie eine bessere Gesellschaft funktionieren kann.<\/p>\n<p align=\"JUSTIFY\">Die Ideen und Ziele der Bewegung in Rojava verdienen internationale Solidarit\u00e4t \u2013 sie stellen eine wahre Alternative zum derzeitigen System dar und eine Option f\u00fcr alle gescheiterten arabischen Revolutionen.<\/p>\n","protected":false},"excerpt":{"rendered":"<p>Rojava ist ein Gebiet im Norden Syriens (syrisches Kurdistan), in der die kurdische, christliche wie auch muslimische Bev\u00f6lkerung gemeinsam versucht, eine demokratische, emanzipatorische und freie Gesellschaft aufzubauen. Rojava ist derzeit in 3 Kantone aufgeteilt \u2013<\/p>\n","protected":false},"author":16,"featured_media":0,"parent":0,"menu_order":0,"comment_status":"closed","ping_status":"closed","template":"template-frontpage.php","meta":{"jetpack_post_was_ever_published":false,"footnotes":"","_links_to":"","_links_to_target":""},"class_list":["post-180","page","type-page","status-publish","hentry"],"jetpack_sharing_enabled":true,"jetpack_shortlink":"https:\/\/wp.me\/P4o1qP-2U","_links":{"self":[{"href":"https:\/\/linksjugend-solid-bw.de\/hevi\/wp-json\/wp\/v2\/pages\/180","targetHints":{"allow":["GET"]}}],"collection":[{"href":"https:\/\/linksjugend-solid-bw.de\/hevi\/wp-json\/wp\/v2\/pages"}],"about":[{"href":"https:\/\/linksjugend-solid-bw.de\/hevi\/wp-json\/wp\/v2\/types\/page"}],"author":[{"embeddable":true,"href":"https:\/\/linksjugend-solid-bw.de\/hevi\/wp-json\/wp\/v2\/users\/16"}],"replies":[{"embeddable":true,"href":"https:\/\/linksjugend-solid-bw.de\/hevi\/wp-json\/wp\/v2\/comments?post=180"}],"version-history":[{"count":1,"href":"https:\/\/linksjugend-solid-bw.de\/hevi\/wp-json\/wp\/v2\/pages\/180\/revisions"}],"predecessor-version":[{"id":182,"href":"https:\/\/linksjugend-solid-bw.de\/hevi\/wp-json\/wp\/v2\/pages\/180\/revisions\/182"}],"wp:attachment":[{"href":"https:\/\/linksjugend-solid-bw.de\/hevi\/wp-json\/wp\/v2\/media?parent=180"}],"curies":[{"name":"wp","href":"https:\/\/api.w.org\/{rel}","templated":true}]}}