{"id":69,"date":"2015-03-07T13:23:46","date_gmt":"2015-03-07T12:23:46","guid":{"rendered":"http:\/\/linksjugend-solid-bw.de\/hevi\/?page_id=69"},"modified":"2016-11-22T14:26:38","modified_gmt":"2016-11-22T13:26:38","slug":"about","status":"publish","type":"page","link":"https:\/\/linksjugend-solid-bw.de\/hevi\/about\/","title":{"rendered":"Selbstverst\u00e4ndnis"},"content":{"rendered":"<p style=\"text-align: justify\">Der Landesarbeitskreis H\u00eav\u00ee (kurdisch f\u00fcr <span class=\"i\"><i>Hoffnung<\/i><\/span><span class=\"\">) wurde 2014 zur Unterst\u00fctzung der radikaldemokratischen Revolution in Rojava (Westkurdistan\/Nordsyrien) von Mitgliedern der Linksjugend [&#8216;solid] gegr\u00fcndet. Mittlerweile sind wir als Bundesarbeitskreis auch deutschlandweit aktiv &#8211; als Zusammenschluss von Internationalist_innen, die sich mit weltweiten sozialen K\u00e4mpfen im 21. Jahrhundert auseinandersetzen. Unsere Solidarit\u00e4t gilt dabei denjenigen Bewegungen, die Abschaffung bestehender Herrschaftsverh\u00e4ltnisse und eine emanzipatorische Ver\u00e4nderung anstreben &#8211; zum Beispiel in Bezug auf kapitalistische Ausbeutung, patriarchale Unterdr\u00fcckung und imperialistische Bevormundung.<\/span><\/p>\n","protected":false},"excerpt":{"rendered":"<p>Der Landesarbeitskreis H\u00eav\u00ee (kurdisch f\u00fcr Hoffnung) wurde 2014 zur Unterst\u00fctzung der radikaldemokratischen Revolution in Rojava (Westkurdistan\/Nordsyrien) von Mitgliedern der Linksjugend [&#8216;solid] gegr\u00fcndet. Mittlerweile sind wir als Bundesarbeitskreis auch deutschlandweit aktiv &#8211; als Zusammenschluss von Internationalist_innen,<\/p>\n","protected":false},"author":16,"featured_media":0,"parent":0,"menu_order":0,"comment_status":"open","ping_status":"open","template":"","meta":{"jetpack_post_was_ever_published":false,"footnotes":"","_links_to":"","_links_to_target":""},"class_list":["post-69","page","type-page","status-publish","hentry"],"jetpack_sharing_enabled":true,"jetpack_shortlink":"https:\/\/wp.me\/P4o1qP-17","_links":{"self":[{"href":"https:\/\/linksjugend-solid-bw.de\/hevi\/wp-json\/wp\/v2\/pages\/69","targetHints":{"allow":["GET"]}}],"collection":[{"href":"https:\/\/linksjugend-solid-bw.de\/hevi\/wp-json\/wp\/v2\/pages"}],"about":[{"href":"https:\/\/linksjugend-solid-bw.de\/hevi\/wp-json\/wp\/v2\/types\/page"}],"author":[{"embeddable":true,"href":"https:\/\/linksjugend-solid-bw.de\/hevi\/wp-json\/wp\/v2\/users\/16"}],"replies":[{"embeddable":true,"href":"https:\/\/linksjugend-solid-bw.de\/hevi\/wp-json\/wp\/v2\/comments?post=69"}],"version-history":[{"count":4,"href":"https:\/\/linksjugend-solid-bw.de\/hevi\/wp-json\/wp\/v2\/pages\/69\/revisions"}],"predecessor-version":[{"id":213,"href":"https:\/\/linksjugend-solid-bw.de\/hevi\/wp-json\/wp\/v2\/pages\/69\/revisions\/213"}],"wp:attachment":[{"href":"https:\/\/linksjugend-solid-bw.de\/hevi\/wp-json\/wp\/v2\/media?parent=69"}],"curies":[{"name":"wp","href":"https:\/\/api.w.org\/{rel}","templated":true}]}}