{"id":20,"date":"2014-02-26T18:54:39","date_gmt":"2014-02-26T18:54:39","guid":{"rendered":"http:\/\/linksjugend-solid-bw.debg_default\/?page_id=20"},"modified":"2019-03-09T07:46:33","modified_gmt":"2019-03-09T07:46:33","slug":"gruppentreffen","status":"publish","type":"page","link":"https:\/\/linksjugend-solid-bw.de\/karlsruhe\/gruppentreffen\/","title":{"rendered":"Offenes Plenum"},"content":{"rendered":"<p>Wir, die [&#8216;solid] KA, veranstalten jeden Donnerstag um 18h im B\u00fcro von DIE LINKE Karlsruhe (Sch\u00fctzenstrasse 46, 76137 Karlsruhe) ein offenes Plenum. Kommt gerne vorbei, auch spontan!<\/p>\n<p style=\"text-align: right\">&lt;<a title=\"Homepage\" href=\"http:\/\/linksjugend-solid-bw.de\/bg_default\">Zur\u00fcck zur Startseite<\/a>&gt;<\/p>\n","protected":false},"excerpt":{"rendered":"<p>Wir, die [&#8216;solid] KA, veranstalten jeden Donnerstag um 18h im B\u00fcro von DIE LINKE Karlsruhe (Sch\u00fctzenstrasse 46, 76137 Karlsruhe) ein offenes Plenum. Kommt gerne vorbei, auch spontan! &lt;Zur\u00fcck zur Startseite&gt;<\/p>\n","protected":false},"author":1,"featured_media":0,"parent":0,"menu_order":4,"comment_status":"closed","ping_status":"open","template":"","meta":{"jetpack_post_was_ever_published":false,"footnotes":"","_links_to":"","_links_to_target":""},"class_list":["post-20","page","type-page","status-publish","hentry"],"jetpack_sharing_enabled":true,"jetpack_shortlink":"https:\/\/wp.me\/P4o1qP-k","_links":{"self":[{"href":"https:\/\/linksjugend-solid-bw.de\/karlsruhe\/wp-json\/wp\/v2\/pages\/20","targetHints":{"allow":["GET"]}}],"collection":[{"href":"https:\/\/linksjugend-solid-bw.de\/karlsruhe\/wp-json\/wp\/v2\/pages"}],"about":[{"href":"https:\/\/linksjugend-solid-bw.de\/karlsruhe\/wp-json\/wp\/v2\/types\/page"}],"author":[{"embeddable":true,"href":"https:\/\/linksjugend-solid-bw.de\/karlsruhe\/wp-json\/wp\/v2\/users\/1"}],"replies":[{"embeddable":true,"href":"https:\/\/linksjugend-solid-bw.de\/karlsruhe\/wp-json\/wp\/v2\/comments?post=20"}],"version-history":[{"count":4,"href":"https:\/\/linksjugend-solid-bw.de\/karlsruhe\/wp-json\/wp\/v2\/pages\/20\/revisions"}],"predecessor-version":[{"id":69,"href":"https:\/\/linksjugend-solid-bw.de\/karlsruhe\/wp-json\/wp\/v2\/pages\/20\/revisions\/69"}],"wp:attachment":[{"href":"https:\/\/linksjugend-solid-bw.de\/karlsruhe\/wp-json\/wp\/v2\/media?parent=20"}],"curies":[{"name":"wp","href":"https:\/\/api.w.org\/{rel}","templated":true}]}}