{"id":131,"date":"2015-08-31T10:27:51","date_gmt":"2015-08-31T10:27:51","guid":{"rendered":"http:\/\/linksjugend-solid-bw.de\/kita\/?page_id=131"},"modified":"2015-08-31T10:27:51","modified_gmt":"2015-08-31T10:27:51","slug":"weiterfuhrende-seiten","status":"publish","type":"page","link":"https:\/\/linksjugend-solid-bw.de\/kita\/weiterfuhrende-seiten\/","title":{"rendered":"Weiterf\u00fchrende Seiten"},"content":{"rendered":"<h3 style=\"text-align: justify\">Die Freifunk Initiative<\/h3>\n<p style=\"text-align: justify\">Die <a href=\"http:\/\/freifunk.net\/\">Freifunk-Initiative<\/a> ist seit \u00fcber zehn Jahren in Deutschland aktiv und engagiert sich f\u00fcr die Verbreitung freier Internetzug\u00e4nge. Insbesondere in Berlin und in ostdeutschen St\u00e4dten, wo lange Zeit nur wenige DSL-Anschl\u00fcsse zur Verf\u00fcgung standen, feierte die Initiative fr\u00fchzeitige Erfolge.<br \/>\nIm Gegensatz zu kommerziell betriebenen Stadtnetzen ist bei Freifunk keine Anmeldung n\u00f6tig, es gibt keine engen Zeit- oder Datenkontingente. Die Netzanbindung wird von Privatleuten zur Verf\u00fcgung gestellt, die sich auf eigene Kosten einen Freifunk-Router in die Wohnung stellen. Die Netzinfrastruktur dahinter wird meist von gemeinn\u00fctzigen Vereinen getragen.<br \/>\nUm teuren Abmahnungen vorzubeugen, wird der Datenverkehr \u00fcber gemeinsame Server geleitet. Damit genie\u00dfen die Freifunk-Vereine das so genannte &#8220;Providerprivileg&#8221; und m\u00fcssen f\u00fcr etwaige Rechteverletzungen nicht haften. Wenn sich jemand \u00fcber das Freifunk-Netz einen Film illegal herunterl\u00e4dt, m\u00fcssen die Vereine keine Abmahngeb\u00fchren zahlen. Diese Regelung ist aber durch einen aktuellen Gesetzentwurf der Bundesregierung bedroht. Die genauen Folgen der Neuregelung sind jedoch noch unklar.<br \/>\n<em>(Quelle: Torsten Kleinz)<\/em><\/p>\n","protected":false},"excerpt":{"rendered":"<p>Die Freifunk Initiative Die Freifunk-Initiative ist seit \u00fcber zehn Jahren in Deutschland aktiv und engagiert sich f\u00fcr die Verbreitung freier Internetzug\u00e4nge. Insbesondere in Berlin und in ostdeutschen St\u00e4dten, wo lange Zeit nur wenige DSL-Anschl\u00fcsse zur<\/p>\n","protected":false},"author":62,"featured_media":0,"parent":0,"menu_order":0,"comment_status":"closed","ping_status":"closed","template":"","meta":{"jetpack_post_was_ever_published":false,"footnotes":"","_links_to":"","_links_to_target":""},"class_list":["post-131","page","type-page","status-publish","hentry"],"jetpack_sharing_enabled":true,"jetpack_shortlink":"https:\/\/wp.me\/P671Fw-27","_links":{"self":[{"href":"https:\/\/linksjugend-solid-bw.de\/kita\/wp-json\/wp\/v2\/pages\/131","targetHints":{"allow":["GET"]}}],"collection":[{"href":"https:\/\/linksjugend-solid-bw.de\/kita\/wp-json\/wp\/v2\/pages"}],"about":[{"href":"https:\/\/linksjugend-solid-bw.de\/kita\/wp-json\/wp\/v2\/types\/page"}],"author":[{"embeddable":true,"href":"https:\/\/linksjugend-solid-bw.de\/kita\/wp-json\/wp\/v2\/users\/62"}],"replies":[{"embeddable":true,"href":"https:\/\/linksjugend-solid-bw.de\/kita\/wp-json\/wp\/v2\/comments?post=131"}],"version-history":[{"count":1,"href":"https:\/\/linksjugend-solid-bw.de\/kita\/wp-json\/wp\/v2\/pages\/131\/revisions"}],"predecessor-version":[{"id":133,"href":"https:\/\/linksjugend-solid-bw.de\/kita\/wp-json\/wp\/v2\/pages\/131\/revisions\/133"}],"wp:attachment":[{"href":"https:\/\/linksjugend-solid-bw.de\/kita\/wp-json\/wp\/v2\/media?parent=131"}],"curies":[{"name":"wp","href":"https:\/\/api.w.org\/{rel}","templated":true}]}}