{"id":202,"date":"2018-06-12T06:04:35","date_gmt":"2018-06-12T06:04:35","guid":{"rendered":"http:\/\/linksjugend-solid-bw.de\/kita\/?page_id=202"},"modified":"2018-06-12T06:07:49","modified_gmt":"2018-06-12T06:07:49","slug":"der-rote-faden","status":"publish","type":"page","link":"https:\/\/linksjugend-solid-bw.de\/kita\/der-rote-faden\/","title":{"rendered":"Der Rote Faden | monatlicher Newsletter"},"content":{"rendered":"<p>Der Rote Faden ist ein regelm\u00e4\u00dfig spontan monatlich erscheinender Newsletter der der innverbandlichen Diskussion und Bildung f\u00f6rderlich sein soll.<\/p>\n","protected":false},"excerpt":{"rendered":"<p>Der Rote Faden ist ein regelm\u00e4\u00dfig spontan monatlich erscheinender Newsletter der der innverbandlichen Diskussion und Bildung f\u00f6rderlich sein soll.<\/p>\n","protected":false},"author":1,"featured_media":0,"parent":0,"menu_order":0,"comment_status":"closed","ping_status":"closed","template":"","meta":{"jetpack_post_was_ever_published":false,"footnotes":"","_links_to":"","_links_to_target":""},"class_list":["post-202","page","type-page","status-publish","hentry"],"jetpack_sharing_enabled":true,"jetpack_shortlink":"https:\/\/wp.me\/P671Fw-3g","_links":{"self":[{"href":"https:\/\/linksjugend-solid-bw.de\/kita\/wp-json\/wp\/v2\/pages\/202","targetHints":{"allow":["GET"]}}],"collection":[{"href":"https:\/\/linksjugend-solid-bw.de\/kita\/wp-json\/wp\/v2\/pages"}],"about":[{"href":"https:\/\/linksjugend-solid-bw.de\/kita\/wp-json\/wp\/v2\/types\/page"}],"author":[{"embeddable":true,"href":"https:\/\/linksjugend-solid-bw.de\/kita\/wp-json\/wp\/v2\/users\/1"}],"replies":[{"embeddable":true,"href":"https:\/\/linksjugend-solid-bw.de\/kita\/wp-json\/wp\/v2\/comments?post=202"}],"version-history":[{"count":2,"href":"https:\/\/linksjugend-solid-bw.de\/kita\/wp-json\/wp\/v2\/pages\/202\/revisions"}],"predecessor-version":[{"id":206,"href":"https:\/\/linksjugend-solid-bw.de\/kita\/wp-json\/wp\/v2\/pages\/202\/revisions\/206"}],"wp:attachment":[{"href":"https:\/\/linksjugend-solid-bw.de\/kita\/wp-json\/wp\/v2\/media?parent=202"}],"curies":[{"name":"wp","href":"https:\/\/api.w.org\/{rel}","templated":true}]}}