{"id":59,"date":"2015-03-04T13:45:26","date_gmt":"2015-03-04T13:45:26","guid":{"rendered":"http:\/\/linksjugend-solid-bw.de\/kita\/?page_id=59"},"modified":"2015-03-06T23:59:10","modified_gmt":"2015-03-06T23:59:10","slug":"impressum","status":"publish","type":"page","link":"https:\/\/linksjugend-solid-bw.de\/kita\/impressum\/","title":{"rendered":"Impressum"},"content":{"rendered":"<h4>Zweck der KITA:<\/h4>\n<p>Die KITA ist beauftragt:<\/p>\n<ul style=\"text-align: justify;\">\n<li>Die IT-Infrastruktur des Landesverbandes zu verwalten (Server, Homepage, Forum und Mailverteiler).<\/li>\n<li>Dem LSpR bei allen IT-Zusammenh\u00e4ngen beratend zur Seite zu stehen.<\/li>\n<\/ul>\n<p>Zus\u00e4tzlich soll sie eine inhaltliche Auseinandersetzung mit IT im Landesverband vorantreiben (z.B. durch Workshops, Cryptopartys, etc.).<\/p>\n<p>Die Kommission besteht aus 1-4 gew\u00e4hlten Mitgliedern.<\/p>\n<h4>Copyright Disclaimer<\/h4>\n<p style=\"text-align: justify;\"><a href=\"http:\/\/creativecommons.org\/licenses\/by-nc\/4.0\/\" rel=\"license\"><img loading=\"lazy\" decoding=\"async\" class=\" alignleft\" style=\"border-width: 0;\" src=\"https:\/\/i.creativecommons.org\/l\/by-nc\/4.0\/88x31.png\" alt=\"Creative Commons Lizenzvertrag\" width=\"79\" height=\"28\" \/><\/a>Alle Werke der KITA sind lizenziert unter einer <a href=\"http:\/\/creativecommons.org\/licenses\/by-nc\/4.0\/\" rel=\"license\">Creative Commons Namensnennung-Nicht kommerziell 4.0 International Lizenz<\/a>.<\/p>\n<p style=\"text-align: justify;\">Das hei\u00dft, sie d\u00fcrfen frei weiterverwendet, modifiziert und geteilt werden f\u00fcr nicht-kommerzielle Zwecke.<\/p>\n<h4>Kontakt:<\/h4>\n<p>Kontakt unter: kita [at] linksjugend-solid-bw.de<\/p>\n<p>PGP Key:<\/p>\n<p><code>-----BEGIN PGP PUBLIC KEY BLOCK-----<br \/>\nVersion: GnuPG v2.0.22 (GNU\/Linux)<\/p>\n<p>mQENBFNYP1kBCAC+NEStPdKhlZGiBQiU9YG3NTuPciigF0hW9Th0E\/MaC9ZVsk\/Z<br \/>\n\/ilxC\/+xr5x84AwC7gxh2YeU+KvmktjisR6\/MEuz7FCynZcHX6RaycK1s9QtPWIu<br \/>\n+P9P3UW+Px3hQyuf0vFIvFJv6ViU0NkyY0+SONG9m9+ZOozYQZFVm9YsSAb263Hu<br \/>\n0cldui4nCEx2vLpBdRjtSgEY\/jF88TJMeGWVKMiZE1DQY4ovdoCza4xDVQihBtd+<br \/>\ncUFoLhjsZPf+POYeXSmGoppKo1XobA40WXAALoJ7c4rMrB6iB8UdqDzkRO5\/OewI<br \/>\nDSTZiwEdrWCDHfwv\/0OdSXfhAwdfkZbjyqzNABEBAAG0M0Fsam9zY2hhIEhhcnRt<br \/>\nYW5uIDxpdC15ZXRpQGxpbmtzanVnZW5kLXNvbGlkLWJ3LmRlPokBPwQTAQIAKQUC<br \/>\nU1g\/WQIbIwUJCWYBgAcLCQgHAwIBBhUIAgkKCwQWAgMBAh4BAheAAAoJECuMTzYS<br \/>\nCPOEGtwH\/3v75qSaCqC54DFiWSFunaQqvjc6qaLNvR3xL4WuCZQntEXy8CZK10r4<br \/>\n\/YbnamGNYFt9TPhQLi3mP24iEbgMCxlPhTT2Kd\/cdT1S2Ff42YZ0liO1qSDgUea2<br \/>\nfuGTV0PWyz1jQpX\/4EAea+uvz7d+MlN836O+iHRG01wyl3RceRoahf\/0n0SMgN1A<br \/>\nTs\/uKW9ABbnx9wMhtQvLkx+xcp1etl+y0lH8q7dBi+61W0966d83bpIJCsE19Txk<br \/>\nB1eROEa379ZRz9G2hcZj2uS1N413EpfE4S3QqENxUCikDh0lRWTpqNt1tW0bK30h<br \/>\neCiQCGK45dOelm0P3kx8L4nxffhE7u2JARwEEwECAAYFAlNYQCUACgkQGq4Di22o<br \/>\nR1lsqQf8CoOPtVWr+I25QWfowMAqELDU9\/WLLGNGz\/lUrjqns1ZsVsXd1FFimIHW<br \/>\n4FNWf0lEACHhlEI0P8F7AMIfFEOjcADSaiV61jnFmFmJYmp4T9r6O1CtwrQwIEtp<br \/>\nJBL63xjcexspSuSKtYdOu8\/AADUVLWsYh5F\/fBCS2a3T6jgMWpGQAIOxGdtY2TZP<br \/>\n9tX6Q9hJOBorYS0c3MC\/40YqqHhFRcNoKHd2SWKZqgXpHAwVY0oA7I2GoHihufy5<br \/>\n4Za3ICvxGj9cwVSWTAmqUYtS0myRWoO1CDI23+qkI\/7re551GSA\/DiVbZcaS+UQ\/<br \/>\n3IxBC+hGO8\/dK2WEFl6ZhDNuuSnwhbkBDQRTWD9ZAQgAy2Pul4QkyfDSBd2hSEjP<br \/>\n+FdjKHnsvHpXIiTiB2qOldUUfM6bgptmcFgHuon8UDGDtXf98PimOgAaLdoDW+T7<br \/>\nE0Go9Yy8GS0Qcd25x0yFgfejor\/yOuHMqAlctMow56UZBmxblwYdll4+aJbjYXjE<br \/>\n2zRhePFTSISwjGsZizMHSjVeRt0EMluS9kryAav10Mzul7TnMzHTnwOp31QbjgmW<br \/>\nhzKlNmmIo7l29sR9diEqrF2Z5Uroz0Ao3c2qT7zVl\/7StU29v6m29CAXFomvgbMZ<br \/>\nZISKD6i8oJFp57aKwHvtbsm2aAQgfWrQy8sxNEkDr4P5mNjTxgaihz7dMJLtkidF<br \/>\nYwARAQABiQElBBgBAgAPBQJTWD9ZAhsMBQkJZgGAAAoJECuMTzYSCPOEqKYH\/RcU<br \/>\nOTOKjjBT3HAxJw3t\/4CHR\/bX+eSk4BCmyjrMjp0kMNVxgrbjyop488OzRw4EhDAX<br \/>\ngzqneTpqogjIMbYUeU1Khkjqy\/cgBIEtFJcavvjFV3e\/oKFcXFeV3Eny+buHJhMo<br \/>\nCHt33nnDfXB4j2vEd9FTFFW3d2cXyw0I+CIatzXFvT1amX2dIhFnZfJyTazjFt2B<br \/>\n4OHZB7IRWo62Bpj47O1geS+QNuOlzyWivVgBs1nA\/zpLpHtbMR+t\/hqvXH9sjfBJ<br \/>\n0utKPYDrG3lXixcBu23GwPdRbf0F\/opPpWBa2RiMuuaD67eNj5e\/LxXCXH6aPe2f<br \/>\nmch7Lfd04mc+6AzjzBQ=<br \/>\n=fJtm<br \/>\n-----END PGP PUBLIC KEY BLOCK-----<\/code><\/p>\n","protected":false},"excerpt":{"rendered":"<p>Zweck der KITA: Die KITA ist beauftragt: Die IT-Infrastruktur des Landesverbandes zu verwalten (Server, Homepage, Forum und Mailverteiler). Dem LSpR bei allen IT-Zusammenh\u00e4ngen beratend zur Seite zu stehen. Zus\u00e4tzlich soll sie eine inhaltliche Auseinandersetzung mit<\/p>\n","protected":false},"author":1,"featured_media":0,"parent":0,"menu_order":5,"comment_status":"open","ping_status":"open","template":"","meta":{"jetpack_post_was_ever_published":false,"footnotes":"","_links_to":"","_links_to_target":""},"class_list":["post-59","page","type-page","status-publish","hentry"],"jetpack_sharing_enabled":true,"jetpack_shortlink":"https:\/\/wp.me\/P671Fw-X","_links":{"self":[{"href":"https:\/\/linksjugend-solid-bw.de\/kita\/wp-json\/wp\/v2\/pages\/59","targetHints":{"allow":["GET"]}}],"collection":[{"href":"https:\/\/linksjugend-solid-bw.de\/kita\/wp-json\/wp\/v2\/pages"}],"about":[{"href":"https:\/\/linksjugend-solid-bw.de\/kita\/wp-json\/wp\/v2\/types\/page"}],"author":[{"embeddable":true,"href":"https:\/\/linksjugend-solid-bw.de\/kita\/wp-json\/wp\/v2\/users\/1"}],"replies":[{"embeddable":true,"href":"https:\/\/linksjugend-solid-bw.de\/kita\/wp-json\/wp\/v2\/comments?post=59"}],"version-history":[{"count":10,"href":"https:\/\/linksjugend-solid-bw.de\/kita\/wp-json\/wp\/v2\/pages\/59\/revisions"}],"predecessor-version":[{"id":100,"href":"https:\/\/linksjugend-solid-bw.de\/kita\/wp-json\/wp\/v2\/pages\/59\/revisions\/100"}],"wp:attachment":[{"href":"https:\/\/linksjugend-solid-bw.de\/kita\/wp-json\/wp\/v2\/media?parent=59"}],"curies":[{"name":"wp","href":"https:\/\/api.w.org\/{rel}","templated":true}]}}