{"id":8,"date":"2014-03-01T19:02:31","date_gmt":"2014-03-01T19:02:31","guid":{"rendered":"http:\/\/linksjugend-solid-bw.de\/mannheim\/?page_id=8"},"modified":"2022-09-22T20:36:30","modified_gmt":"2022-09-22T18:36:30","slug":"material","status":"publish","type":"page","link":"https:\/\/linksjugend-solid-bw.de\/mannheim\/material\/","title":{"rendered":"Material"},"content":{"rendered":"<h4>Unsere Aufkleber:<img decoding=\"async\" title=\"gallery type=&quot;rectangular&quot; ids=&quot;8,9,10,11,12,13,14,15,16,17,18&quot; orderby=&quot;rand&quot;\" src=\"http:\/\/linksjugend-solid-bw.de\/konstanz\/wp-includes\/js\/tinymce\/plugins\/wpgallery\/img\/t.gif\" alt=\"\" \/><\/h4>\n<p><strong>Neue Designs ab November 2022.<\/strong><\/p>\n<p>Unser Material soll nat\u00fcrlich Verbreitung finden. Kopieren, verteilen und bestellen ist ausdr\u00fccklich erw\u00fcnscht!<\/p>\n<p>Das Zeug ist nat\u00fcrlich\u00a0<strong>KOSTENLOS<\/strong>, schreib doch einfach eine Bestellung an:\u00a0<em>versand@linksjugend-solid-bw.de<\/em><\/p>\n<h4>Flyer und anderes Material der [&#8217;solid]:<\/h4>\n<p><strong>Material des Bundesverbandes:<\/strong><\/p>\n<p><a title=\"Satzung der Linksjugend['solid]\" href=\"http:\/\/s144731316.online.de\/wp-solid-fr\/wp-content\/uploads\/2013\/06\/Satzung_21.03.2009.pdf\" target=\"_blank\" rel=\"noopener\">Bundessatzung der Linksjugend[&#8217;solid] (2009)<\/a><\/p>\n<p><strong>Material des Landesverbandes Baden-W\u00fcrttemberg:<\/strong><br \/>\n<a title=\"Landessatzung der Linksjugend['solid] BaW\u00fc\" href=\"http:\/\/s144731316.online.de\/wp-solid-fr\/wp-content\/uploads\/2013\/06\/satzung-linksjugend2011-bw.pdf\" target=\"_blank\" rel=\"noopener\">Landessatzung der Linksjugend[&#8217;solid] BaW\u00fc (2011)<\/a><br \/>\n<a title=\"Eintrittserkl\u00e4rung\" href=\"http:\/\/s144731316.online.de\/wp-solid-fr\/wp-content\/uploads\/2013\/06\/eintrittserkla__rung_solid.pdf\" target=\"_blank\" rel=\"noopener\">Eintrittserkl\u00e4rung<\/a><\/p>\n<p style=\"text-align: left\"><strong>Material der Basisgruppe Mannheim:<\/strong><br \/>\n<a title=\"Satzung der Linksjugend['solid] Mannheim\" href=\"http:\/\/linksjugend-solid-bw.de\/mannheim\/wp-content\/uploads\/sites\/6\/2014\/05\/satzung-linksjugend-ma.pdf\">Satzung der Linksjugend[&#8217;solid] Mannheim<\/a><\/p>\n<p style=\"text-align: right\">&lt;<a title=\"Homepage\" href=\"http:\/\/linksjugend-solid-bw.de\/mannheim\">Zur\u00fcck zur Startseite<\/a>&gt;<\/p>\n","protected":false},"excerpt":{"rendered":"<p>Unsere Aufkleber: Neue Designs ab November 2022. Unser Material soll nat\u00fcrlich Verbreitung finden. Kopieren, verteilen und bestellen ist ausdr\u00fccklich erw\u00fcnscht! Das Zeug ist nat\u00fcrlich\u00a0KOSTENLOS, schreib doch einfach eine Bestellung an:\u00a0versand@linksjugend-solid-bw.de Flyer und anderes Material der<\/p>\n","protected":false},"author":1,"featured_media":0,"parent":0,"menu_order":1,"comment_status":"open","ping_status":"open","template":"","meta":{"jetpack_post_was_ever_published":false,"footnotes":"","_links_to":"","_links_to_target":""},"class_list":["post-8","page","type-page","status-publish","hentry"],"jetpack_sharing_enabled":true,"jetpack_shortlink":"https:\/\/wp.me\/P4oDtB-8","_links":{"self":[{"href":"https:\/\/linksjugend-solid-bw.de\/mannheim\/wp-json\/wp\/v2\/pages\/8","targetHints":{"allow":["GET"]}}],"collection":[{"href":"https:\/\/linksjugend-solid-bw.de\/mannheim\/wp-json\/wp\/v2\/pages"}],"about":[{"href":"https:\/\/linksjugend-solid-bw.de\/mannheim\/wp-json\/wp\/v2\/types\/page"}],"author":[{"embeddable":true,"href":"https:\/\/linksjugend-solid-bw.de\/mannheim\/wp-json\/wp\/v2\/users\/1"}],"replies":[{"embeddable":true,"href":"https:\/\/linksjugend-solid-bw.de\/mannheim\/wp-json\/wp\/v2\/comments?post=8"}],"version-history":[{"count":7,"href":"https:\/\/linksjugend-solid-bw.de\/mannheim\/wp-json\/wp\/v2\/pages\/8\/revisions"}],"predecessor-version":[{"id":340,"href":"https:\/\/linksjugend-solid-bw.de\/mannheim\/wp-json\/wp\/v2\/pages\/8\/revisions\/340"}],"wp:attachment":[{"href":"https:\/\/linksjugend-solid-bw.de\/mannheim\/wp-json\/wp\/v2\/media?parent=8"}],"curies":[{"name":"wp","href":"https:\/\/api.w.org\/{rel}","templated":true}]}}