{"id":1207,"date":"2017-05-02T21:26:26","date_gmt":"2017-05-02T21:26:26","guid":{"rendered":"http:\/\/linksjugend-solid-bw.de\/ortenau\/?page_id=1207"},"modified":"2022-05-16T13:20:37","modified_gmt":"2022-05-16T13:20:37","slug":"uber-uns","status":"publish","type":"page","link":"https:\/\/linksjugend-solid-bw.de\/ortenau\/uber-uns\/","title":{"rendered":"\u00dcber uns"},"content":{"rendered":"\n<p style=\"font-size:16px\">In Zeiten, in denen Kriege, Wirtschaftskrisen, Umweltzerst\u00f6rung und Armut zunehmen und immer mehr Menschen aus ihrer Heimat fliehen m\u00fcssen, stellen wir fest, dass uns die allt\u00e4glichen Antworten aus Schule und Elternhaus f\u00fcr diese Dinge nicht mehr ausreichen. Deshalb haben wir uns im Oktober 2012 zusammengeschlossen, um gemeinsam nach Antworten und Alternativen zu suchen.<\/p>\n\n\n\n<figure class=\"wp-block-image size-large\"><a href=\"https:\/\/linksjugend-solid-bw.de\/ortenau\/wp-content\/uploads\/sites\/5\/2022\/05\/Unbenannt.png\"><img loading=\"lazy\" decoding=\"async\" width=\"1024\" height=\"423\" src=\"https:\/\/linksjugend-solid-bw.de\/ortenau\/wp-content\/uploads\/sites\/5\/2022\/05\/Unbenannt-1024x423.png\" alt=\"\" class=\"wp-image-2097\" srcset=\"https:\/\/linksjugend-solid-bw.de\/ortenau\/wp-content\/uploads\/sites\/5\/2022\/05\/Unbenannt-1024x423.png 1024w, https:\/\/linksjugend-solid-bw.de\/ortenau\/wp-content\/uploads\/sites\/5\/2022\/05\/Unbenannt-300x124.png 300w, https:\/\/linksjugend-solid-bw.de\/ortenau\/wp-content\/uploads\/sites\/5\/2022\/05\/Unbenannt-768x317.png 768w, https:\/\/linksjugend-solid-bw.de\/ortenau\/wp-content\/uploads\/sites\/5\/2022\/05\/Unbenannt-1536x635.png 1536w, https:\/\/linksjugend-solid-bw.de\/ortenau\/wp-content\/uploads\/sites\/5\/2022\/05\/Unbenannt-2048x846.png 2048w\" sizes=\"auto, (max-width: 1024px) 100vw, 1024px\" \/><\/a><\/figure>\n\n\n\n<p style=\"font-size:16px\"><strong>Praktische Solidarit\u00e4t<\/strong><\/p>\n\n\n\n<p style=\"font-size:16px\">Unter praktischer Solidarit\u00e4t verstehen wir, unsere Theorien in konkreten Projekten umzusetzen.<\/p>\n\n\n\n<p>Wenn bei der Post gestreikt wurde, waren wir vor Ort, um die Arbeiter:innen als Streikposten zu unterst\u00fctzen. Wir gehen in Fl\u00fcchtlingsunterk\u00fcnfte und stehen den Menschen bei allt\u00e4glichen Problemen zur Seite. Wir zeigen Wege auf, wie man sich gegen die B\u00fcrokratie in Deutschland zur Wehr setzen kann. Und das bedeutet auch, unsere Mitglieder vor Angriffen von au\u00dfen zu sch\u00fctzen, wenn der Staat sie mit Repression \u00fcberziehen will oder Faschisten sich in den Vierteln breit machen wollen. Um unsere Themen an die \u00d6ffentlichkeit zu bringen, nutzen wir Demonstrationen, Infost\u00e4nde oder Flyerverteilaktionen. Wir bedienen uns also einer reichlichen praktischen Arbeit und stehen damit unseren kurdischen, alevitischen, jesidischen oder Sinti und Roma Freunden beiseite. Genauso wie wir mit VVN, Gewerkschaften, Linkspartei, Antifa und anarchistischer Initiative gemeinsam zusammen arbeiten.<\/p>\n\n\n\n<figure class=\"wp-block-image size-large\"><a href=\"https:\/\/linksjugend-solid-bw.de\/ortenau\/wp-content\/uploads\/sites\/5\/2022\/05\/m.png\"><img loading=\"lazy\" decoding=\"async\" width=\"1024\" height=\"409\" src=\"https:\/\/linksjugend-solid-bw.de\/ortenau\/wp-content\/uploads\/sites\/5\/2022\/05\/m-1024x409.png\" alt=\"\" class=\"wp-image-2098\" srcset=\"https:\/\/linksjugend-solid-bw.de\/ortenau\/wp-content\/uploads\/sites\/5\/2022\/05\/m-1024x409.png 1024w, https:\/\/linksjugend-solid-bw.de\/ortenau\/wp-content\/uploads\/sites\/5\/2022\/05\/m-300x120.png 300w, https:\/\/linksjugend-solid-bw.de\/ortenau\/wp-content\/uploads\/sites\/5\/2022\/05\/m-768x307.png 768w, https:\/\/linksjugend-solid-bw.de\/ortenau\/wp-content\/uploads\/sites\/5\/2022\/05\/m-1536x614.png 1536w, https:\/\/linksjugend-solid-bw.de\/ortenau\/wp-content\/uploads\/sites\/5\/2022\/05\/m-2048x819.png 2048w\" sizes=\"auto, (max-width: 1024px) 100vw, 1024px\" \/><\/a><\/figure>\n\n\n\n<p style=\"font-size:16px\"><span style=\"font-size: large\"><strong>Bewusstsein schaffen<\/strong><\/span><\/p>\n\n\n\n<p><span style=\"font-size: medium\">Warum steigen die Mieten? Warum haben wir immer noch mit Rassismus zu k\u00e4mpfen? Wer profitiert eigentlich an Krieg und Umweltzerst\u00f6rung? Wie funktioniert der Kapitalismus? <\/span><\/p>\n\n\n\n<p><span style=\"font-size: medium\">Solche Fragen zu behandeln ist f\u00fcr uns nicht einfach &#8222;graue Theorie&#8220;. Die Gedanken, die wir uns zur Gesellschaft machen, bestimmen, wie wir zur Gesellschaft stehen. Sie sollten also richtig durchdacht sein. <\/span><\/p>\n\n\n\n<p><span style=\"font-size: medium\">Darum veranstalten wir regelm\u00e4\u00dfig \u00f6ffentliche Vortr\u00e4ge, bspw. zu Themen wie der Klassengesellschaft, der AfD oder dem Kommunismus. Auch beim Kneipenabend gibt es \u00f6fters kleinere Diskussionsrunden, in denen jeder willkommen ist. In Seminaren erarbeiten wir dann kompliziertere Themen wie die Kapitalismusanalyse von Marx oder den modernen Imperialismus der Gro\u00dfm\u00e4chte. <\/span><\/p>\n\n\n\n<p><span style=\"font-size: medium\">Wir organisieren eine selbstst\u00e4ndige Kultur des Lernens und Forschens, denn auf die &#8222;Experten&#8220; und Lehrer aus Schule und Fernsehen k\u00f6nnen wir uns im Kampf gegen den Kapitalismus nicht verlassen!<\/span><\/p>\n\n\n\n<p><span style=\"font-size: medium\">Unsere Arbeit kann man auf unserer Website verfolgen. Wer zu uns Kontakt aufnehmen will, kann sich \u00fcber Facebook, Instagram oder per E-mail bei uns melden. <\/span><\/p>\n\n\n\n<p><span style=\"font-size: medium\">Wenn du dich also angesprochen f\u00fchlst und keinen Bock mehr hast auf Einheitsbrei und einfache unlogische Antworten, dann schau bei uns vorbei. Gemeinsam k\u00f6nnen wir f\u00fcr eine sozialistische, alternative und gerechte Gesellschaft k\u00e4mpfen: Jenseits von Ausbeutung, Umweltzerst\u00f6rung und Kriegen!<\/span><\/p>\n\n\n\n<p><\/p>\n\n\n\n<p><\/p>\n\n\n\n<p class=\"has-text-align-left\"><a href=\"http:\/\/linksjugend-solid-bw.de\/ortenau\/\">Zur\u00fcck zur Startseite <\/a><\/p>\n","protected":false},"excerpt":{"rendered":"<p>In Zeiten, in denen Kriege, Wirtschaftskrisen, Umweltzerst\u00f6rung und Armut zunehmen und immer mehr Menschen aus ihrer Heimat fliehen m\u00fcssen, stellen wir fest, dass uns die allt\u00e4glichen Antworten aus Schule und Elternhaus f\u00fcr diese Dinge nicht<\/p>\n","protected":false},"author":40,"featured_media":0,"parent":0,"menu_order":0,"comment_status":"closed","ping_status":"closed","template":"","meta":{"jetpack_post_was_ever_published":false,"footnotes":"","_links_to":"","_links_to_target":""},"class_list":["post-1207","page","type-page","status-publish","hentry"],"jetpack_sharing_enabled":true,"jetpack_shortlink":"https:\/\/wp.me\/P4o1NU-jt","_links":{"self":[{"href":"https:\/\/linksjugend-solid-bw.de\/ortenau\/wp-json\/wp\/v2\/pages\/1207","targetHints":{"allow":["GET"]}}],"collection":[{"href":"https:\/\/linksjugend-solid-bw.de\/ortenau\/wp-json\/wp\/v2\/pages"}],"about":[{"href":"https:\/\/linksjugend-solid-bw.de\/ortenau\/wp-json\/wp\/v2\/types\/page"}],"author":[{"embeddable":true,"href":"https:\/\/linksjugend-solid-bw.de\/ortenau\/wp-json\/wp\/v2\/users\/40"}],"replies":[{"embeddable":true,"href":"https:\/\/linksjugend-solid-bw.de\/ortenau\/wp-json\/wp\/v2\/comments?post=1207"}],"version-history":[{"count":11,"href":"https:\/\/linksjugend-solid-bw.de\/ortenau\/wp-json\/wp\/v2\/pages\/1207\/revisions"}],"predecessor-version":[{"id":2441,"href":"https:\/\/linksjugend-solid-bw.de\/ortenau\/wp-json\/wp\/v2\/pages\/1207\/revisions\/2441"}],"wp:attachment":[{"href":"https:\/\/linksjugend-solid-bw.de\/ortenau\/wp-json\/wp\/v2\/media?parent=1207"}],"curies":[{"name":"wp","href":"https:\/\/api.w.org\/{rel}","templated":true}]}}