{"id":1488,"date":"2018-08-21T10:09:13","date_gmt":"2018-08-21T10:09:13","guid":{"rendered":"http:\/\/linksjugend-solid-bw.de\/ortenau\/?page_id=1488"},"modified":"2023-08-03T01:52:30","modified_gmt":"2023-08-02T23:52:30","slug":"impressum","status":"publish","type":"page","link":"https:\/\/linksjugend-solid-bw.de\/ortenau\/kontakt\/impressum\/","title":{"rendered":"Impressum"},"content":{"rendered":"<p class=\"bodytext\"><strong>LinksjugendSolid LV Baden-W\u00fcrttemberg<\/strong><\/p>\n<p class=\"bodytext\">V.i.S.d.P Ira Pahtsinis &amp; Maurice Knaus<\/p>\n<p class=\"bodytext\">LinksjugendSolid.BaW\u00fc<br \/><em>Sch\u00fctzenstra\u00dfe 46<\/em><br \/><em>76137 Karlsruhe<\/em><br \/>E-Mail\u00a0<a class=\"mail\" href=\"mailto:info@dielinke-bw.de\">info@linksjugend-solid-bw.de<\/a><\/p>\n<p class=\"bodytext\"><strong>Webmaster<br \/><\/strong><\/p>\n<ul>\n<li>Kommission f\u00fcr IT Angelegenheiten:\u00a0 kita@linksjugend-solid-bw.de<\/li>\n<\/ul>\n<p><strong style=\"font-size: 0.95em\">Redaktions-Team<\/strong><\/p>\n<ul>\n<li>Amelie Vollmer<\/li>\n<li>Kontakt unter: ortenau@linksjugend-solid-bw.de<\/li>\n<\/ul>\n\n\n<p><\/p>\n\n\n\n<p><\/p>\n\n\n\n<p><a href=\"http:\/\/linksjugend-solid-bw.de\/ortenau\/\">Zur\u00fcck zur Startseite <\/a><\/p>\n","protected":false},"excerpt":{"rendered":"<p>LinksjugendSolid LV Baden-W\u00fcrttemberg V.i.S.d.P Ira Pahtsinis &amp; Maurice Knaus LinksjugendSolid.BaW\u00fcSch\u00fctzenstra\u00dfe 4676137 KarlsruheE-Mail\u00a0info@linksjugend-solid-bw.de Webmaster Kommission f\u00fcr IT Angelegenheiten:\u00a0 kita@linksjugend-solid-bw.de Redaktions-Team Amelie Vollmer Kontakt unter: ortenau@linksjugend-solid-bw.de Zur\u00fcck zur Startseite<\/p>\n","protected":false},"author":9,"featured_media":0,"parent":17,"menu_order":0,"comment_status":"closed","ping_status":"closed","template":"","meta":{"jetpack_post_was_ever_published":false,"footnotes":"","_links_to":"","_links_to_target":""},"class_list":["post-1488","page","type-page","status-publish","hentry"],"jetpack_sharing_enabled":true,"jetpack_shortlink":"https:\/\/wp.me\/P4o1NU-o0","_links":{"self":[{"href":"https:\/\/linksjugend-solid-bw.de\/ortenau\/wp-json\/wp\/v2\/pages\/1488","targetHints":{"allow":["GET"]}}],"collection":[{"href":"https:\/\/linksjugend-solid-bw.de\/ortenau\/wp-json\/wp\/v2\/pages"}],"about":[{"href":"https:\/\/linksjugend-solid-bw.de\/ortenau\/wp-json\/wp\/v2\/types\/page"}],"author":[{"embeddable":true,"href":"https:\/\/linksjugend-solid-bw.de\/ortenau\/wp-json\/wp\/v2\/users\/9"}],"replies":[{"embeddable":true,"href":"https:\/\/linksjugend-solid-bw.de\/ortenau\/wp-json\/wp\/v2\/comments?post=1488"}],"version-history":[{"count":9,"href":"https:\/\/linksjugend-solid-bw.de\/ortenau\/wp-json\/wp\/v2\/pages\/1488\/revisions"}],"predecessor-version":[{"id":2860,"href":"https:\/\/linksjugend-solid-bw.de\/ortenau\/wp-json\/wp\/v2\/pages\/1488\/revisions\/2860"}],"up":[{"embeddable":true,"href":"https:\/\/linksjugend-solid-bw.de\/ortenau\/wp-json\/wp\/v2\/pages\/17"}],"wp:attachment":[{"href":"https:\/\/linksjugend-solid-bw.de\/ortenau\/wp-json\/wp\/v2\/media?parent=1488"}],"curies":[{"name":"wp","href":"https:\/\/api.w.org\/{rel}","templated":true}]}}