{"id":1491,"date":"2018-08-21T10:22:51","date_gmt":"2018-08-21T10:22:51","guid":{"rendered":"http:\/\/linksjugend-solid-bw.de\/ortenau\/?page_id=1491"},"modified":"2022-08-01T09:19:23","modified_gmt":"2022-08-01T09:19:23","slug":"datenschutzgrundverordnung","status":"publish","type":"page","link":"https:\/\/linksjugend-solid-bw.de\/ortenau\/kontakt\/datenschutzgrundverordnung\/","title":{"rendered":"Datenschutzerkl\u00e4rung"},"content":{"rendered":"<div class=\"csc-header csc-header-n1\">\n<p class=\"csc-firstHeader\"><span style=\"font-size: 1rem\">(1) a)<\/span><\/p>\n<\/div>\n<p class=\"bodytext\">Verantwortlich:<br \/>LinksjugendSolid Landesverband Baden-W\u00fcrttemberg <em>Sch\u00fctzenstra\u00dfe 46<\/em>, <em>76137 Karlsruhe<\/em><br \/>Rechtlich Vertretungsbefugt: Patrick Bausch &amp; Tamara Weigel, Landesgesch\u00e4ftsf\u00fchrer, <em>Sch\u00fctzenstra\u00dfe 46,<\/em>\u00a0<em>76137 Karlsruhe<\/em><\/p>\n<p>(1) b)<br \/>Datenschutzbeauftragter:<br \/>Kommission f\u00fcr IT-Angelegenheiten\u00a0 E-Mail: kita[at]linksjugend-solid-bw.de<br \/>Landesgesch\u00e4ftsstelle LinksjugendSolid.Baden-W\u00fcrttemberg,\u00a0<em>Sch\u00fctzenstra\u00dfe 46,<\/em>\u00a0<em>76137 Karlsruhe<\/em><\/p>\n<p>(1) c)<br \/>Wir verarbeiten Ihre personenbezogenen Daten<\/p>\n<p>1. (IP-Adressen) bei Aufruf unserer Webseite zur Sicherstellung des technischen Betriebes, der Sicherheit der Datenverarbeitung und der Gestaltung der Seite,<\/p>\n<p>2. (gek\u00fcrzte IP-Adressen) werden zur Verbesserung und technischen Sicherheit unseres online-Angebotes anonym ausgewertet,<\/p>\n<p>3. (Kontaktdaten) werden durch uns f\u00fcr die gew\u00fcnschte Kontaktaufnahme genutzt, wenn Sie uns diese zum Beispiel in Formularen oder auf andere Weise elektronisch zur Verf\u00fcgung stellen. Wir verarbeiten Ihre uns zur Verf\u00fcgung gestellten Daten im Rahmen unser politischen T\u00e4tigkeit gem\u00e4\u00df Art. 9 Abs.2 lit. d) DSGVO in Verbindung mit dem Parteiengesetz und nach den Regelungen unserer Satzung.<\/p>\n<p>(1) d)<br \/>Ihre Daten werden in diesem Rahmen soweit erforderlich an andere Landes- oder Kreisverb\u00e4nde und Gliederungen der Partei, die Europ\u00e4ische LINKE sowie Abgeordnete unserer Partei in den Parlamenten weitergeleitet, um Ihre Anfragen zu beantworten oder Informationen zukommen zu lassen.<\/p>\n<p>(1) e)<br \/>Wenn im Rahmen der Beantwortung Ihrer Anfrage erforderlich \u00fcbermitteln wir Ihre Kontaktdaten an Abgeordnete oder die Fraktion im Europ\u00e4ischen Parlament.<\/p>\n<p>(2) a)<br \/>Wir werden Ihre Daten so lange aufbewahren, bis Ihr Anliegen abschlie\u00dfend bearbeitet ist. Im Falle einer Mitgliedschaft oder einer Spende m\u00fcssen diese Daten nach den partei- und steuerrechtlichen Vorgaben mindestens zehn Jahre nach Abschluss des jeweiligen Jahres, in dem die Zahlung geleistet wurde, gespeichert werden.<\/p>\n<p>(2) b)<br \/>Sie haben das Recht, jederzeit vom Landesverband Auskunft \u00fcber die zu Ihrer Person gespeicherten Daten sowie eine Kopie zu erhalten, diese zu korrigieren oder eine L\u00f6schung bzw. Einschr\u00e4nkung der Verarbeitung zu verlangen, wenn dem keine gesetzlichen Gr\u00fcnde entgegenstehen.<\/p>\n<p>(2) c)<br \/>Sie haben das Recht, sich bei der zust\u00e4ndigen Datenschutzaufsichtsbeh\u00f6rde \u00fcber die Datenverarbeitung zu beschweren:<\/p>\n<p>Der Landesbeauftragte f\u00fcr den Datenschutz und die Informationsfreiheit Baden-W\u00fcrttemberg<br \/>Dr. Stefan Brink, Postfach 10 29 32, 70025 Stuttgart E-Mail: poststelle@lfdi.bwl.de<\/p>\n<p>(2) d)<br \/>Ohne die Nutzung der IP-Adresse ist eine Informationsbereitstellung technisch nicht m\u00f6glich. Analysetools k\u00f6nnen Sie durch die Einstellungen Ihres Browsers ausschlie\u00dfen. Bei einer Kontaktanfrage k\u00f6nnen die Informationen nur erteilt werden, wenn uns hierf\u00fcr aktuelle Kontaktdaten mitgeteilt werden.<\/p>\n<p>(2) e)<br \/>Es werden auf dieser Webseite keine automatisierten Entscheidungsfindungen oder Profiling durchgef\u00fchrt.<\/p>\n\n\n<p><\/p>\n\n\n\n<p><\/p>\n\n\n\n<p><a href=\"http:\/\/linksjugend-solid-bw.de\/ortenau\/\">Zur\u00fcck zur Startseite <\/a><\/p>\n","protected":false},"excerpt":{"rendered":"<p>(1) a) Verantwortlich:LinksjugendSolid Landesverband Baden-W\u00fcrttemberg Sch\u00fctzenstra\u00dfe 46, 76137 KarlsruheRechtlich Vertretungsbefugt: Patrick Bausch &amp; Tamara Weigel, Landesgesch\u00e4ftsf\u00fchrer, Sch\u00fctzenstra\u00dfe 46,\u00a076137 Karlsruhe (1) b)Datenschutzbeauftragter:Kommission f\u00fcr IT-Angelegenheiten\u00a0 E-Mail: kita[at]linksjugend-solid-bw.deLandesgesch\u00e4ftsstelle LinksjugendSolid.Baden-W\u00fcrttemberg,\u00a0Sch\u00fctzenstra\u00dfe 46,\u00a076137 Karlsruhe (1) c)Wir verarbeiten Ihre personenbezogenen Daten 1.<\/p>\n","protected":false},"author":9,"featured_media":0,"parent":17,"menu_order":0,"comment_status":"closed","ping_status":"closed","template":"","meta":{"jetpack_post_was_ever_published":false,"footnotes":"","_links_to":"","_links_to_target":""},"class_list":["post-1491","page","type-page","status-publish","hentry"],"jetpack_sharing_enabled":true,"jetpack_shortlink":"https:\/\/wp.me\/P4o1NU-o3","_links":{"self":[{"href":"https:\/\/linksjugend-solid-bw.de\/ortenau\/wp-json\/wp\/v2\/pages\/1491","targetHints":{"allow":["GET"]}}],"collection":[{"href":"https:\/\/linksjugend-solid-bw.de\/ortenau\/wp-json\/wp\/v2\/pages"}],"about":[{"href":"https:\/\/linksjugend-solid-bw.de\/ortenau\/wp-json\/wp\/v2\/types\/page"}],"author":[{"embeddable":true,"href":"https:\/\/linksjugend-solid-bw.de\/ortenau\/wp-json\/wp\/v2\/users\/9"}],"replies":[{"embeddable":true,"href":"https:\/\/linksjugend-solid-bw.de\/ortenau\/wp-json\/wp\/v2\/comments?post=1491"}],"version-history":[{"count":5,"href":"https:\/\/linksjugend-solid-bw.de\/ortenau\/wp-json\/wp\/v2\/pages\/1491\/revisions"}],"predecessor-version":[{"id":2737,"href":"https:\/\/linksjugend-solid-bw.de\/ortenau\/wp-json\/wp\/v2\/pages\/1491\/revisions\/2737"}],"up":[{"embeddable":true,"href":"https:\/\/linksjugend-solid-bw.de\/ortenau\/wp-json\/wp\/v2\/pages\/17"}],"wp:attachment":[{"href":"https:\/\/linksjugend-solid-bw.de\/ortenau\/wp-json\/wp\/v2\/media?parent=1491"}],"curies":[{"name":"wp","href":"https:\/\/api.w.org\/{rel}","templated":true}]}}