{"id":2268,"date":"2022-05-12T18:37:27","date_gmt":"2022-05-12T18:37:27","guid":{"rendered":"https:\/\/linksjugend-solid-bw.de\/ortenau\/?page_id=2268"},"modified":"2024-09-02T21:50:57","modified_gmt":"2024-09-02T19:50:57","slug":"reden","status":"publish","type":"page","link":"https:\/\/linksjugend-solid-bw.de\/ortenau\/statements\/reden\/","title":{"rendered":"Reden"},"content":{"rendered":"\n<h2 class=\"wp-block-heading\">Rede von Amelie Vollmer auf dem Ostermarsch 2022 Vorschau<\/h2>\n\n\n\n<p>Ich habe Angst vor einer Zukunft, in der Nachrichten von brennenden H\u00e4usern, zerst\u00f6rten St\u00e4dten und vertriebenen Menschen auf der ganzen Welt allt\u00e4glich geworden sind. Viele Menschen haben diese Angst. Diese Angst vor einem Weltkrieg. Und das ist auch v\u00f6llig verst\u00e4ndlich und in Ordnung. Nicht in Ordnung ist aber, dass diese Angst und Verwirrung in der Bev\u00f6lkerung von nder Regierung jetzt ausgenutzt wird, um eine Politik des Aufr\u00fcstens und des Krieges einzuschlagen. Von manchen Politiker:innen wird momentan gerne so getan als w\u00fcrden noch mehr Waffen irgendwie zu Frieden oder Sicherheit f\u00fchren. Als w\u00fcrde noch mehr Geld f\u00fcr die Bundeswehr irgendjemandem helfen, irgendein Leid verhindern. Doch das kurze Gef\u00fchl von Sicherheit durch Aufr\u00fcstung ist eine L\u00fcge! Es ist doch wohl klar, dass weitere 100 Milliarden Euro f\u00fcr die Armee kein Schritt in Richtung Frieden ist. Noch mehr Aufr\u00fcstung und noch mehr Waffen f\u00fchren eher zu einer weiteren Eskalation und werden keinen Frieden schaffen. Und das muss leider immer wieder gesagt werden: eine weitere Ausweitung des Krieges muss um jeden Preis verhindert werden!<\/p>\n\n\n\n<p>Hier findet ihr die komplette Rede: <a href=\"https:\/\/linksjugend-solid-bw.de\/ortenau\/statements\/reden\/rede-von-amelie-vollmer-auf-dem-ostermarsch-2022\/\">Amelie Vollmer Ostermarsch<\/a><\/p>\n\n\n\n<h2 class=\"wp-block-heading\">Rede von Amelie Quotadamo zur Wehrpflicht (September 2024) Vorschau<\/h2>\n\n\n\n<p>Bis 2011 musste jeder junge Mann zur Armee oder Zivildienst leisten. Diese Regel ist seit dem ausgesetzt worden, g\u00e4nzlich abgeschafft wurde sie jedoch nicht und ist damit auch immer noch in unserem Grundgesetz verankert.<\/p>\n\n\n\n<p>Und jetzt in Zeiten die von Konflikten gepr\u00e4gt sind wird auch dar\u00fcber diskutiert ob man die Wehrpflicht wieder einsetzen sollte.<br>Doch wir m\u00fcssen uns fragen, ob es wirklich notwendig ist, junge Menschen zum Dienst an der Waffe zu zwingen und sie in teils sinnlosen Kriegen sterben zu lassen.<br>Die Idee, dass wir junge Menschen dazu ermutigen sollten, Gewalt als Mittel zur Konfliktl\u00f6sung zu akzeptieren, ist inakzeptabel und widerspricht den grundlegenden Prinzipien der Menschlichkeit und des Friedens.<\/p>\n\n\n\n<p>Krieg ist eine gewaltt\u00e4tige Praxis, die unermessliches Leid und Zerst\u00f6rung verursacht. Anstatt Konflikte auf friedliche und diplomatische Weise zu l\u00f6sen, greifen Regierungen immer wieder zur Waffe und senden junge Menschen in den Tod. Wir m\u00fcssen uns bewusst machen, dass Krieg niemals die L\u00f6sung ist und dass die Opfer, die er fordert, unermesslich sind.<br>Denn im Jahr 2022 starben fast 240.000 Menschen weltweit in B\u00fcrgerkriegen, Kriegen und zivilen Konflikten.<\/p>\n\n\n\n<p>Hier findet ihr die komplette Rede: <a href=\"https:\/\/linksjugend-solid-bw.de\/ortenau\/rede-von-amelie-quotadamo-zur-wehrpflicht-september-2024\/\" data-type=\"link\" data-id=\"https:\/\/linksjugend-solid-bw.de\/ortenau\/rede-von-amelie-quotadamo-zur-wehrpflicht-september-2024\/\">Amelie Quotadamo Wehrpflicht<\/a><\/p>\n\n\n\n<p><\/p>\n\n\n\n<p><a href=\"http:\/\/linksjugend-solid-bw.de\/ortenau\/\">Zur\u00fcck zur Startseite <\/a><\/p>\n","protected":false},"excerpt":{"rendered":"<p>Rede von Amelie Vollmer auf dem Ostermarsch 2022 Vorschau Ich habe Angst vor einer Zukunft, in der Nachrichten von brennenden H\u00e4usern, zerst\u00f6rten St\u00e4dten und vertriebenen Menschen auf der ganzen Welt allt\u00e4glich geworden sind. Viele Menschen<\/p>\n","protected":false},"author":102,"featured_media":0,"parent":2240,"menu_order":0,"comment_status":"closed","ping_status":"closed","template":"","meta":{"jetpack_post_was_ever_published":false,"footnotes":"","_links_to":"","_links_to_target":""},"class_list":["post-2268","page","type-page","status-publish","hentry"],"jetpack_sharing_enabled":true,"jetpack_shortlink":"https:\/\/wp.me\/P4o1NU-AA","_links":{"self":[{"href":"https:\/\/linksjugend-solid-bw.de\/ortenau\/wp-json\/wp\/v2\/pages\/2268","targetHints":{"allow":["GET"]}}],"collection":[{"href":"https:\/\/linksjugend-solid-bw.de\/ortenau\/wp-json\/wp\/v2\/pages"}],"about":[{"href":"https:\/\/linksjugend-solid-bw.de\/ortenau\/wp-json\/wp\/v2\/types\/page"}],"author":[{"embeddable":true,"href":"https:\/\/linksjugend-solid-bw.de\/ortenau\/wp-json\/wp\/v2\/users\/102"}],"replies":[{"embeddable":true,"href":"https:\/\/linksjugend-solid-bw.de\/ortenau\/wp-json\/wp\/v2\/comments?post=2268"}],"version-history":[{"count":15,"href":"https:\/\/linksjugend-solid-bw.de\/ortenau\/wp-json\/wp\/v2\/pages\/2268\/revisions"}],"predecessor-version":[{"id":3007,"href":"https:\/\/linksjugend-solid-bw.de\/ortenau\/wp-json\/wp\/v2\/pages\/2268\/revisions\/3007"}],"up":[{"embeddable":true,"href":"https:\/\/linksjugend-solid-bw.de\/ortenau\/wp-json\/wp\/v2\/pages\/2240"}],"wp:attachment":[{"href":"https:\/\/linksjugend-solid-bw.de\/ortenau\/wp-json\/wp\/v2\/media?parent=2268"}],"curies":[{"name":"wp","href":"https:\/\/api.w.org\/{rel}","templated":true}]}}