{"id":2275,"date":"2022-05-12T18:42:49","date_gmt":"2022-05-12T18:42:49","guid":{"rendered":"https:\/\/linksjugend-solid-bw.de\/ortenau\/?page_id=2275"},"modified":"2022-05-15T20:48:25","modified_gmt":"2022-05-15T20:48:25","slug":"wenn-die-menscheit-ein-individuum-waere-podcast-von-fionn-stacey","status":"publish","type":"page","link":"https:\/\/linksjugend-solid-bw.de\/ortenau\/statements\/podcasts\/wenn-die-menscheit-ein-individuum-waere-podcast-von-fionn-stacey\/","title":{"rendered":"&#8222;Wenn die Menscheit ein Individuum w\u00e4re&#8220; Podcast von Fionn Stacey"},"content":{"rendered":"\n<p>Wenn die Menschheit ein Individuum w\u00e4re, dann w\u00e4re sie keine dieser Random-Messies, die einfach mal eine Menge Ramsch in ihrem Zimmer sammeln. Nein.<br>Die Menschheit w\u00e4re eine dieser gut organisierten Messies, die in Nacht und Nebelaktionen tonnenweise Elektrischrott im n\u00e4chstgelegenen Waldt\u00fcmpel versenken.<br>\u00dcberhaupt w\u00e4re die Menschheit sehr gut organisiert. Jeder einzelne Tag und sogar die Nacht w\u00e4ren strengstens durchgetaktet.<br>Die Menschheit w\u00e4re eine Adrette junge Frau:&#8220; Ich habe meine Produktivit\u00e4t dieses Jahr um 4% gesteigert und werde sie n\u00e4chstes Jahr um weitere 3,5% erh\u00f6hen. Ich bin so erfolgreich. Ich beherrsche den Planeten.&#8220;<br>W\u00fcrde die Menschheit in einem Anflug von Gr\u00f6\u00dfenwahnsinn sagen.<br>&#8222;Und was machst du eigentlich so liebe Menschheit?&#8220; k\u00f6nnte man fragen. &#8222;Alles was Profit bringt.&#8220;<br>W\u00fcrde die Menschheit antworten, mit wilden funkelnden Augen.<br>Die Sache mit dem Profit w\u00e4re eines ihrer neueren Hobbys. Nach einer l\u00e4ngeren Phase in ihrer Kindheit, in der sie annahm, anderen Kindern ihre Sachen wegzunehmen und sie zu versklaven, sei der Weisheit letzter Schluss und einer esoterisch gepr\u00e4gten Jugend im Umfeld christlicher Sekten, in der sie trotz wiederkehrender Wutausbr\u00fcche versuchte, ein bescheidenes Leben zu f\u00fchren, kam sie schlie\u00dflich vor nicht all zu langer Zeit auf eine neue Schiene.<br>&#8222;Profit!&#8220; rief sie manisch lachend.<br>&#8222;Hier in meiner Rumpelkammer kann ich ganz viele Sperrm\u00fcllsachen lagern und auf eBay verkaufen. Das macht einen Profit von 1000%. Von dem Geld kauf ich mir dann eine gr\u00f6\u00dfere Rumpelkammer, in der noch mehr M\u00fcll Platz hat, um noch mehr zu verkaufen.<br>Bis die ganze Welt eine riesen gro\u00dfe Rumpelkammer f\u00fcr mein eBay Versandshop ist.&#8220;<br>Und sie machte sich sogleich ans Werk und siehe da: Die Welt wurde zu einer riesigen Rumpelkammer.<br>&#8222;Ich kann alles!&#8220; schrie die Menschheit mit wei\u00dfem Pulver auf der Zunge. &#8222;Wenn ich so weitermache, wird auch das ganze Weltall zu einer Rumpelkammer.&#8220;<br>Aber tief in ihrem Herzen glaubte sie nicht mehr wirklich daran. Der Waldt\u00fcmpel war nicht mehr wiederzuerkennen, die Nachfrage nach teurem Sperrm\u00fcll aus ihrem Versandshop brach zunehmend ein und die \u00c4rzte waren sie einig.<br>Ihr Lebensstil war nicht tragbar.<br>Sozial isoliert, \u00fcberarbeitet und immer mit Unsicherheit und Nervosit\u00e4t die Preisentwicklung bei eBay checkend, litt die arme Frau Menschheit unter Burn-Out, Depressionen, Unter- und \u00dcberern\u00e4hrung und Zukunfts\u00e4ngsten.<br>Sobald sich ihre gr\u00f6\u00dfte Angst bewahrheitete und wirklich niemand mehr ihren M\u00fcll kaufte, drehte sie komplett am Rad, fing an sich zu ritzen, versank in Selbsthass und den brutalsten Gewaltphantasien.<br>In so einer Raserei hatte sie schon einmal eine kritische Menge Blut verloren. Besonders in dem Teil der Rumpelkammer, den wir mit Stolz &#8222;Deutschland&#8220; nennen.<br>Ja, wenn die Menschheit ein Individuum w\u00e4re, sie w\u00e4re sehr ungl\u00fccklich.<br>&#8222;Vielleicht ist es ja besser, wenn ich einfach Tod bin.&#8220; dachte sie sich sogar manchmal jetzt. &#8222;Immer mach ich mir alles kaputt, immer.&#8220;<br>Aber von Zeit zu Zeit beschleicht sie ein merkw\u00fcrdiges Gef\u00fchl.<br>Z.B. dann, wenn sie nach einer langen Nachtschicht auf der M\u00fclldeponie-Waldt\u00fcmpel zur Ruhe kommt. Wenn sie dann auf einer alten Waschmaschine liegt und in den Sternenhimmel schaut, ist sie wieder ganz bei sich.<br>&#8222;Ist doch ganz sch\u00f6n das Weltall, kann man eigentlich so belassen.&#8220; murmelt sie vor sich hin.<br>&#8222;Morgen muss ich erst einmal ein wenig entspannen. Vielleicht mal wieder was lesen oder mir was leckeres kochen.&#8220;<br>&#8222;Eigentlich k\u00f6nnte ich auch die Rumpelkammer mal aufr\u00e4umen und vielleicht sogar sch\u00f6n streichen, ein paar Pflanzen reinstellen, Sofas, sodass es mir richtig gut geht.&#8220;<br>Und sie schlie\u00dft die Augen und tr\u00e4umt. Und in ihren Tr\u00e4umen verwandelt sich die karge Rumpelkammer in eine sch\u00f6ne ger\u00e4umige Villa.<br>Dieser Traum hei\u00dft Sozialismus.<br>Er bedeutet einfach nur, dass man die Dinge f\u00fcr ihren Nutzen, ihre Sch\u00f6nheit, ihren Gebrauchswert herstellt und nicht f\u00fcr den Profit.<br>Diesen Traum zu leben hat sich unsere Menschheit noch nie getraut.<br>&#8222;Das klappt sowieso nicht. Ich bin viel zu dumm.&#8220; meint sie.<br>Dazu kommt, dass sie mit diesem Traum mittlerweile sehr schlechtes verbindet.<br>Sie erz\u00e4hlte n\u00e4mlich eines Tages in ihrer Verzweiflung einem der \u00c4rzte von diesem Traum. Dieser war begeistert. Er griff die Idee sofort auf und entwickelte daraus eine Therapie f\u00fcr die Menschheit.<br>&#8222;7 Uhr morgens &#8211; W\u00e4nde streichen<br>11 Uhr morgens &#8211; gem\u00fctlich Kaffee trinken<br>13 Uhr &#8211; sich was sch\u00f6nes kochen<br>15 Uhr &#8211; Den Waldt\u00fcmpel s\u00e4ubern<br>18 Uhr &#8211; Meditation<br>19 Uhr &#8211; Abendessen<br>21 Uhr &#8211; In die Sterne gucken<br>22 Uhr &#8211; Schlafen&#8220;<br>So ging es Tag ein und Tag aus. St\u00e4ndig \u00fcberwachte der Arzt, ob die Menschheit auch ja richtig meditierte oder etwas Sch\u00f6nes kochte.<br>Sogar die Farbe, in der die neue Villa erstrahlen sollte, hatte der Arzt ausgesucht.<br>&#8222;Ich will Rosa.&#8220; hatte die Menschheit gesagt.<br>&#8222;Rosa ist keine gute Farbe. Rosa hei\u00dft Profitmacherei. Rot ist sch\u00f6n. Alles muss rot gestrichen werden.&#8220;<br>sagte der Arzt mit erhobenem Zeigefinger.<br>&#8222;Aber\u2026&#8220; wollte die Menschheit entgegnen.<br>&#8222;Du willst doch nicht etwa einen R\u00fcckfall haben?&#8220;<br>Und so lie\u00df die Menschheit sich einsch\u00fcchtern.<br>Doch als der Arzt schlie\u00dflich anfing, auch noch schwere Strafen zu verteilen, wenn sie mal nicht nach Plan meditieren oder in die Sterne gucken wollte, wurde es ihr zu bl\u00f6d.<br>&#8222;Schreib 100 mal &#8218;Ich will nie wieder Profit machen&#8216; in dein Heft.&#8220; befahl der Arzt.<br>&#8222;Du kannst mich mal du Bl\u00f6dmann&#8220; schimpfte die Menschheit.<br>&#8222;Dann lieber in ner Rumpelkammer wohnen, als sich von so einem Deppen rumkommandieren zu lassen.&#8220;<br>So wurde die Menschheit zynisch und verbittert und h\u00f6rte auf, an ihre Tr\u00e4ume zu glauben.<\/p>\n\n\n\n<p>Auch wenn wir diese Tr\u00e4ume nicht mehr sch\u00f6n finden.<br>Als die R\u00f6mer aufbrachen, um ein Weltreich mit einer bl\u00fchenden Metropole zu gr\u00fcnden. Was riefen ihnen ihre Nachbarst\u00e4mme da zu?<br>Utopisten.<br>Als die Christen des r\u00f6mischen Reichs davon tr\u00e4umten, unter der Herrschaft eines gl\u00e4ubigen K\u00f6nigs zu stehen.<br>Naive Kinderrei.<br>Und als schlie\u00dflich in diesen K\u00f6nigreichen Demokraten anfingen, von der Freiheit des Menschen zu schw\u00e4rmen.<br>Wolkenkuckucksheim.<br>Sehnsucht entsteht nicht aus dem Nichts.<br>Sehnsucht entsteht aus akuten Fragen und realen M\u00f6glichkeiten.<br>Sehnsucht kann Geschichte schreiben.<br>Eine tiefe Sehnsucht nach Br\u00fcderlichkeit und Solidarit\u00e4t hat heute die Menschheit ergriffen. Was f\u00fcr eine Zukunft wohl entst\u00fcnde, w\u00fcrden wir anfangen, unsere Sehns\u00fcchte ernstzunehmen.<br>Wir m\u00fcssen Waffen verkaufen. Weil es sonst die anderen machen.<br>Wir m\u00fcssen mehr Profit machen. Weil sonst die anderen mehr Profit machen.<br>Wir m\u00fcssen die L\u00f6hne senken.<br>Wir m\u00fcssen die Kliniken schlie\u00dfen.<br>Die Sozialhilfe k\u00fcrzen.<br>Den G\u00fcrtel enger schnallen.<br>Um Wettbewerbsf\u00e4hig zu bleiben.<br>Umso heftiger die Konkurrenz ist.<br>Umso heftiger m\u00fcssen wir konkurrieren.<br>Umso heftiger wir konkurrieren.<br>Umso heftiger wird die Konkurrenz.<br>Wir tun Dinge, die wir nicht wollen, weil die anderen Dinge tun, die sie nicht wollen, weil wir Dinge tun, die wir nicht wollen.<br>Sozialismus ist der Moment, in dem 2 Soldaten sich in die Augen sehen und sagen: Wir wollen uns nicht umbringen. Und weil du mich nicht umbringen willst, muss ich dich nicht umbringen wollen.<br>Sozialismus bedeutet eben das.<br>Statt im Vorhinein davon auszugehen, man m\u00fcsse seine W\u00fcnsche gegen die Anderen durchsetzen. Sich mit den anderen absprechen und im besten Fall feststellen, dass W\u00fcnsche sich erg\u00e4nzen.<br>Sozialismus ist, wenn eine ganze Gesellschaft zusammen kommt und sich abspricht. Was willst du? Was will ich? Wie k\u00f6nnen wir das gemeinsam erreichen?<br>Sozialismus basiert auf der Erkenntnis, dass der Mensch dem Menschen kein Wolf ist und dass er j\u00e4mmerlich eingeht, wenn er seine Mitmenschen nur noch als Feinde und Konkurrenten ansieht.<br>Sozialismus hei\u00dft Enteignung.<br>Enteignung aller Immobilienkonzerne. Kostenlose Wohnungen f\u00fcr alle.<br>Sozialismus hei\u00dft wir ziehen das Geld aus der Finanzspekulation ab und finanzieren damit ein bedingungsloses Grundeinkommen.<br>Wir k\u00f6nnten auch den Staat benutzen, um endlich Bayer zu stoppen. Endlich ein Ende globaler Glyphosat Verschmutzung.<br>Wir k\u00f6nnen Waffenexporte verbieten, L\u00f6hne steigern und Arbeitszeiten k\u00fcrzen.<br>&#8222;Das ist nicht profitabel.&#8220; meinen die Bosse.<br>Sch\u00f6n. Darum geht es ja nicht. Uns reicht es, wenn wir gut leben k\u00f6nnen.<br>Arbeitskr\u00e4fte, Ressourcen und Maschinen gibt es ja mehr als genug.<br>Wenn wir euch enteignen, haben wir eine Menge Kapital. Dann bestimmen wir gemeinsam, demokratisch, was f\u00fcr unsere Gesellschaft sinnvoll ist, wohin wir das Geld investieren wollen.<br>Das w\u00e4re das einzige, was wir gerne ver\u00e4ndern wollen.<br>Was spricht dagegen?<br>Nur weil es einfach klingt, ist es nicht falsch.<br>Nur weil es sch\u00f6n klingt, ist es nicht falsch.<br>Wir jedenfalls haben keine Lust mehr, in dieser Rumpelkammer zu wohnen.<\/p>\n\n\n\n<p><\/p>\n\n\n\n<p><\/p>\n\n\n\n<p class=\"has-text-align-left\"><a href=\"http:\/\/linksjugend-solid-bw.de\/ortenau\/\">Zur\u00fcck zur Startseite <\/a><\/p>\n","protected":false},"excerpt":{"rendered":"<p>Wenn die Menschheit ein Individuum w\u00e4re, dann w\u00e4re sie keine dieser Random-Messies, die einfach mal eine Menge Ramsch in ihrem Zimmer sammeln. Nein.Die Menschheit w\u00e4re eine dieser gut organisierten Messies, die in Nacht und Nebelaktionen<\/p>\n","protected":false},"author":102,"featured_media":0,"parent":2270,"menu_order":1,"comment_status":"closed","ping_status":"closed","template":"","meta":{"jetpack_post_was_ever_published":false,"footnotes":"","_links_to":"","_links_to_target":""},"class_list":["post-2275","page","type-page","status-publish","hentry"],"jetpack_sharing_enabled":true,"jetpack_shortlink":"https:\/\/wp.me\/P4o1NU-AH","_links":{"self":[{"href":"https:\/\/linksjugend-solid-bw.de\/ortenau\/wp-json\/wp\/v2\/pages\/2275","targetHints":{"allow":["GET"]}}],"collection":[{"href":"https:\/\/linksjugend-solid-bw.de\/ortenau\/wp-json\/wp\/v2\/pages"}],"about":[{"href":"https:\/\/linksjugend-solid-bw.de\/ortenau\/wp-json\/wp\/v2\/types\/page"}],"author":[{"embeddable":true,"href":"https:\/\/linksjugend-solid-bw.de\/ortenau\/wp-json\/wp\/v2\/users\/102"}],"replies":[{"embeddable":true,"href":"https:\/\/linksjugend-solid-bw.de\/ortenau\/wp-json\/wp\/v2\/comments?post=2275"}],"version-history":[{"count":7,"href":"https:\/\/linksjugend-solid-bw.de\/ortenau\/wp-json\/wp\/v2\/pages\/2275\/revisions"}],"predecessor-version":[{"id":2411,"href":"https:\/\/linksjugend-solid-bw.de\/ortenau\/wp-json\/wp\/v2\/pages\/2275\/revisions\/2411"}],"up":[{"embeddable":true,"href":"https:\/\/linksjugend-solid-bw.de\/ortenau\/wp-json\/wp\/v2\/pages\/2270"}],"wp:attachment":[{"href":"https:\/\/linksjugend-solid-bw.de\/ortenau\/wp-json\/wp\/v2\/media?parent=2275"}],"curies":[{"name":"wp","href":"https:\/\/api.w.org\/{rel}","templated":true}]}}