{"id":3000,"date":"2024-09-02T21:36:23","date_gmt":"2024-09-02T19:36:23","guid":{"rendered":"https:\/\/linksjugend-solid-bw.de\/ortenau\/?page_id=3000"},"modified":"2024-09-02T21:36:23","modified_gmt":"2024-09-02T19:36:23","slug":"rede-von-amelie-quotadamo-zur-wehrpflicht-september-2024","status":"publish","type":"page","link":"https:\/\/linksjugend-solid-bw.de\/ortenau\/rede-von-amelie-quotadamo-zur-wehrpflicht-september-2024\/","title":{"rendered":"Rede von Amelie Quotadamo zur Wehrpflicht (September 2024)"},"content":{"rendered":"\n<p>Bis 2011 musste jeder junge Mann zur Armee oder Zivildienst leisten. Diese Regel ist seit dem ausgesetzt worden, g\u00e4nzlich abgeschafft wurde sie jedoch nicht und ist damit auch immer noch in unserem Grundgesetz verankert.<\/p>\n\n\n\n<p>Und jetzt in Zeiten die von Konflikten gepr\u00e4gt sind wird auch dar\u00fcber diskutiert ob man die Wehrpflicht wieder einsetzen sollte.<br>Doch wir m\u00fcssen uns fragen, ob es wirklich notwendig ist, junge Menschen zum Dienst an der Waffe zu zwingen und sie in teils sinnlosen Kriegen sterben zu lassen.<br>Die Idee, dass wir junge Menschen dazu ermutigen sollten, Gewalt als Mittel zur Konfliktl\u00f6sung zu akzeptieren, ist inakzeptabel und widerspricht den grundlegenden Prinzipien der Menschlichkeit und des Friedens.<\/p>\n\n\n\n<p>Krieg ist eine gewaltt\u00e4tige Praxis, die unermessliches Leid und Zerst\u00f6rung verursacht. Anstatt Konflikte auf friedliche und diplomatische Weise zu l\u00f6sen, greifen Regierungen immer wieder zur Waffe und senden junge Menschen in den Tod. Wir m\u00fcssen uns bewusst machen, dass Krieg niemals die L\u00f6sung ist und dass die Opfer, die er fordert, unermesslich sind.<br>Denn im Jahr 2022 starben fast 240.000 Menschen weltweit in B\u00fcrgerkriegen, Kriegen und zivilen Konflikten.<\/p>\n\n\n\n<p>Wir m\u00fcssen den Mut haben, uns gegen die Wehrpflicht und gegen Krieg zu stellen und f\u00fcr eine Welt einzutreten, in der Frieden und Gerechtigkeit herrscht. Wir m\u00fcssen uns f\u00fcr die Abschaffung der Wehrpflicht einsetzen und junge Menschen ermutigen, sich f\u00fcr den Frieden und f\u00fcr eine bessere Zukunft einzusetzen.<\/p>\n\n\n\n<p>Und das dass teilweise auch funktioniert sieht man. Denn die Beteiligung an der Bundeswehr sinkt immer weiter. Doch wenn angeblich ein Gro\u00dfteil der Bev\u00f6lkerung f\u00fcr die Wehrpflicht ist warum gibt es dann nicht mehr junge Menschen die Lust darauf haben der Armee zu dienen.<\/p>\n\n\n\n<p>Es ist n\u00e4mlich ganz einfach Junge Menschen wollen nicht im Krieg verheizt werden!<\/p>\n\n\n\n<p>Also anstatt Krieg und tausende Opfer hinzunehmen und es als L\u00f6sung zu betrachten sollten wir anfangen es endlich als das zu sehen was es ist.<br>Eine grausames Instrument, um den Willen von Imperialistischen M\u00e4chten zu befriedigen.<\/p>\n","protected":false},"excerpt":{"rendered":"<p>Bis 2011 musste jeder junge Mann zur Armee oder Zivildienst leisten. Diese Regel ist seit dem ausgesetzt worden, g\u00e4nzlich abgeschafft wurde sie jedoch nicht und ist damit auch immer noch in unserem Grundgesetz verankert. Und<\/p>\n","protected":false},"author":103,"featured_media":0,"parent":0,"menu_order":0,"comment_status":"closed","ping_status":"closed","template":"","meta":{"jetpack_post_was_ever_published":false,"footnotes":"","_links_to":"","_links_to_target":""},"class_list":["post-3000","page","type-page","status-publish","hentry"],"jetpack_sharing_enabled":true,"jetpack_shortlink":"https:\/\/wp.me\/P4o1NU-Mo","_links":{"self":[{"href":"https:\/\/linksjugend-solid-bw.de\/ortenau\/wp-json\/wp\/v2\/pages\/3000","targetHints":{"allow":["GET"]}}],"collection":[{"href":"https:\/\/linksjugend-solid-bw.de\/ortenau\/wp-json\/wp\/v2\/pages"}],"about":[{"href":"https:\/\/linksjugend-solid-bw.de\/ortenau\/wp-json\/wp\/v2\/types\/page"}],"author":[{"embeddable":true,"href":"https:\/\/linksjugend-solid-bw.de\/ortenau\/wp-json\/wp\/v2\/users\/103"}],"replies":[{"embeddable":true,"href":"https:\/\/linksjugend-solid-bw.de\/ortenau\/wp-json\/wp\/v2\/comments?post=3000"}],"version-history":[{"count":1,"href":"https:\/\/linksjugend-solid-bw.de\/ortenau\/wp-json\/wp\/v2\/pages\/3000\/revisions"}],"predecessor-version":[{"id":3002,"href":"https:\/\/linksjugend-solid-bw.de\/ortenau\/wp-json\/wp\/v2\/pages\/3000\/revisions\/3002"}],"wp:attachment":[{"href":"https:\/\/linksjugend-solid-bw.de\/ortenau\/wp-json\/wp\/v2\/media?parent=3000"}],"curies":[{"name":"wp","href":"https:\/\/api.w.org\/{rel}","templated":true}]}}