{"id":4,"date":"2014-02-26T19:23:47","date_gmt":"2014-02-26T19:23:47","guid":{"rendered":"http:\/\/linksjugend-solid-bw.de\/ortenau\/?page_id=4"},"modified":"2022-05-22T18:50:16","modified_gmt":"2022-05-22T18:50:16","slug":"material","status":"publish","type":"page","link":"https:\/\/linksjugend-solid-bw.de\/ortenau\/material\/","title":{"rendered":"Material"},"content":{"rendered":"<h4>Unsere Sticker:<\/h4>\n\n\n<div class=\"wp-block-jetpack-tiled-gallery aligncenter is-style-rectangular\"><div class=\"tiled-gallery__gallery\"><div class=\"tiled-gallery__row\"><div class=\"tiled-gallery__col\" style=\"flex-basis:67.17899%\"><figure class=\"tiled-gallery__item\"><img decoding=\"async\" srcset=\"https:\/\/i0.wp.com\/linksjugend-solid-bw.de\/ortenau\/wp-content\/uploads\/sites\/5\/2022\/05\/IMG_20220522_203037__01__01-1024x624.jpg?strip=info&#038;w=600&#038;ssl=1 600w,https:\/\/i0.wp.com\/linksjugend-solid-bw.de\/ortenau\/wp-content\/uploads\/sites\/5\/2022\/05\/IMG_20220522_203037__01__01-1024x624.jpg?strip=info&#038;w=900&#038;ssl=1 900w,https:\/\/i0.wp.com\/linksjugend-solid-bw.de\/ortenau\/wp-content\/uploads\/sites\/5\/2022\/05\/IMG_20220522_203037__01__01-1024x624.jpg?strip=info&#038;w=1200&#038;ssl=1 1200w,https:\/\/i0.wp.com\/linksjugend-solid-bw.de\/ortenau\/wp-content\/uploads\/sites\/5\/2022\/05\/IMG_20220522_203037__01__01-1024x624.jpg?strip=info&#038;w=1500&#038;ssl=1 1500w,https:\/\/i0.wp.com\/linksjugend-solid-bw.de\/ortenau\/wp-content\/uploads\/sites\/5\/2022\/05\/IMG_20220522_203037__01__01-1024x624.jpg?strip=info&#038;w=1800&#038;ssl=1 1800w,https:\/\/i0.wp.com\/linksjugend-solid-bw.de\/ortenau\/wp-content\/uploads\/sites\/5\/2022\/05\/IMG_20220522_203037__01__01-1024x624.jpg?strip=info&#038;w=2000&#038;ssl=1 2000w\" alt=\"\" data-height=\"1561\" data-id=\"2597\" data-link=\"https:\/\/linksjugend-solid-bw.de\/ortenau\/material\/img_20220522_203037__01__01\/\" data-url=\"https:\/\/linksjugend-solid-bw.de\/ortenau\/wp-content\/uploads\/sites\/5\/2022\/05\/IMG_20220522_203037__01__01-1024x624.jpg\" data-width=\"2560\" src=\"https:\/\/i0.wp.com\/linksjugend-solid-bw.de\/ortenau\/wp-content\/uploads\/sites\/5\/2022\/05\/IMG_20220522_203037__01__01-1024x624.jpg?ssl=1\" data-amp-layout=\"responsive\" \/><\/figure><\/div><div class=\"tiled-gallery__col\" style=\"flex-basis:32.82101%\"><figure class=\"tiled-gallery__item\"><img decoding=\"async\" srcset=\"https:\/\/i0.wp.com\/linksjugend-solid-bw.de\/ortenau\/wp-content\/uploads\/sites\/5\/2022\/05\/IMG_20220522_203118__01__01-816x1024.jpg?strip=info&#038;w=600&#038;ssl=1 600w,https:\/\/i0.wp.com\/linksjugend-solid-bw.de\/ortenau\/wp-content\/uploads\/sites\/5\/2022\/05\/IMG_20220522_203118__01__01-816x1024.jpg?strip=info&#038;w=900&#038;ssl=1 900w,https:\/\/i0.wp.com\/linksjugend-solid-bw.de\/ortenau\/wp-content\/uploads\/sites\/5\/2022\/05\/IMG_20220522_203118__01__01-816x1024.jpg?strip=info&#038;w=1200&#038;ssl=1 1200w,https:\/\/i0.wp.com\/linksjugend-solid-bw.de\/ortenau\/wp-content\/uploads\/sites\/5\/2022\/05\/IMG_20220522_203118__01__01-816x1024.jpg?strip=info&#038;w=1500&#038;ssl=1 1500w,https:\/\/i0.wp.com\/linksjugend-solid-bw.de\/ortenau\/wp-content\/uploads\/sites\/5\/2022\/05\/IMG_20220522_203118__01__01-816x1024.jpg?strip=info&#038;w=1800&#038;ssl=1 1800w,https:\/\/i0.wp.com\/linksjugend-solid-bw.de\/ortenau\/wp-content\/uploads\/sites\/5\/2022\/05\/IMG_20220522_203118__01__01-816x1024.jpg?strip=info&#038;w=1970&#038;ssl=1 1970w\" alt=\"\" data-height=\"2471\" data-id=\"2596\" data-link=\"https:\/\/linksjugend-solid-bw.de\/ortenau\/material\/img_20220522_203118__01__01\/\" data-url=\"https:\/\/linksjugend-solid-bw.de\/ortenau\/wp-content\/uploads\/sites\/5\/2022\/05\/IMG_20220522_203118__01__01-816x1024.jpg\" data-width=\"1970\" src=\"https:\/\/i0.wp.com\/linksjugend-solid-bw.de\/ortenau\/wp-content\/uploads\/sites\/5\/2022\/05\/IMG_20220522_203118__01__01-816x1024.jpg?ssl=1\" data-amp-layout=\"responsive\" \/><\/figure><\/div><\/div><div class=\"tiled-gallery__row\"><div class=\"tiled-gallery__col\" style=\"flex-basis:48.80842%\"><figure class=\"tiled-gallery__item\"><img decoding=\"async\" srcset=\"https:\/\/i2.wp.com\/linksjugend-solid-bw.de\/ortenau\/wp-content\/uploads\/sites\/5\/2022\/05\/IMG_20220522_202820__01__01-1024x564.jpg?strip=info&#038;w=600&#038;ssl=1 600w,https:\/\/i2.wp.com\/linksjugend-solid-bw.de\/ortenau\/wp-content\/uploads\/sites\/5\/2022\/05\/IMG_20220522_202820__01__01-1024x564.jpg?strip=info&#038;w=900&#038;ssl=1 900w,https:\/\/i2.wp.com\/linksjugend-solid-bw.de\/ortenau\/wp-content\/uploads\/sites\/5\/2022\/05\/IMG_20220522_202820__01__01-1024x564.jpg?strip=info&#038;w=1200&#038;ssl=1 1200w,https:\/\/i2.wp.com\/linksjugend-solid-bw.de\/ortenau\/wp-content\/uploads\/sites\/5\/2022\/05\/IMG_20220522_202820__01__01-1024x564.jpg?strip=info&#038;w=1500&#038;ssl=1 1500w,https:\/\/i2.wp.com\/linksjugend-solid-bw.de\/ortenau\/wp-content\/uploads\/sites\/5\/2022\/05\/IMG_20220522_202820__01__01-1024x564.jpg?strip=info&#038;w=1800&#038;ssl=1 1800w,https:\/\/i2.wp.com\/linksjugend-solid-bw.de\/ortenau\/wp-content\/uploads\/sites\/5\/2022\/05\/IMG_20220522_202820__01__01-1024x564.jpg?strip=info&#038;w=2000&#038;ssl=1 2000w\" alt=\"\" data-height=\"1409\" data-id=\"2600\" data-link=\"https:\/\/linksjugend-solid-bw.de\/ortenau\/material\/img_20220522_202820__01__01\/\" data-url=\"https:\/\/linksjugend-solid-bw.de\/ortenau\/wp-content\/uploads\/sites\/5\/2022\/05\/IMG_20220522_202820__01__01-1024x564.jpg\" data-width=\"2560\" src=\"https:\/\/i2.wp.com\/linksjugend-solid-bw.de\/ortenau\/wp-content\/uploads\/sites\/5\/2022\/05\/IMG_20220522_202820__01__01-1024x564.jpg?ssl=1\" data-amp-layout=\"responsive\" \/><\/figure><figure class=\"tiled-gallery__item\"><img decoding=\"async\" srcset=\"https:\/\/i0.wp.com\/linksjugend-solid-bw.de\/ortenau\/wp-content\/uploads\/sites\/5\/2022\/05\/IMG_20220522_203128__01__01-1024x763.jpg?strip=info&#038;w=600&#038;ssl=1 600w,https:\/\/i0.wp.com\/linksjugend-solid-bw.de\/ortenau\/wp-content\/uploads\/sites\/5\/2022\/05\/IMG_20220522_203128__01__01-1024x763.jpg?strip=info&#038;w=900&#038;ssl=1 900w,https:\/\/i0.wp.com\/linksjugend-solid-bw.de\/ortenau\/wp-content\/uploads\/sites\/5\/2022\/05\/IMG_20220522_203128__01__01-1024x763.jpg?strip=info&#038;w=1200&#038;ssl=1 1200w,https:\/\/i0.wp.com\/linksjugend-solid-bw.de\/ortenau\/wp-content\/uploads\/sites\/5\/2022\/05\/IMG_20220522_203128__01__01-1024x763.jpg?strip=info&#038;w=1500&#038;ssl=1 1500w,https:\/\/i0.wp.com\/linksjugend-solid-bw.de\/ortenau\/wp-content\/uploads\/sites\/5\/2022\/05\/IMG_20220522_203128__01__01-1024x763.jpg?strip=info&#038;w=1800&#038;ssl=1 1800w,https:\/\/i0.wp.com\/linksjugend-solid-bw.de\/ortenau\/wp-content\/uploads\/sites\/5\/2022\/05\/IMG_20220522_203128__01__01-1024x763.jpg?strip=info&#038;w=2000&#038;ssl=1 2000w\" alt=\"\" data-height=\"1908\" data-id=\"2595\" data-link=\"https:\/\/linksjugend-solid-bw.de\/ortenau\/material\/img_20220522_203128__01__01\/\" data-url=\"https:\/\/linksjugend-solid-bw.de\/ortenau\/wp-content\/uploads\/sites\/5\/2022\/05\/IMG_20220522_203128__01__01-1024x763.jpg\" data-width=\"2560\" src=\"https:\/\/i0.wp.com\/linksjugend-solid-bw.de\/ortenau\/wp-content\/uploads\/sites\/5\/2022\/05\/IMG_20220522_203128__01__01-1024x763.jpg?ssl=1\" data-amp-layout=\"responsive\" \/><\/figure><\/div><div class=\"tiled-gallery__col\" style=\"flex-basis:51.19158%\"><figure class=\"tiled-gallery__item\"><img decoding=\"async\" srcset=\"https:\/\/i0.wp.com\/linksjugend-solid-bw.de\/ortenau\/wp-content\/uploads\/sites\/5\/2022\/05\/IMG_20220522_203147__01__01-816x1024.jpg?strip=info&#038;w=600&#038;ssl=1 600w,https:\/\/i0.wp.com\/linksjugend-solid-bw.de\/ortenau\/wp-content\/uploads\/sites\/5\/2022\/05\/IMG_20220522_203147__01__01-816x1024.jpg?strip=info&#038;w=900&#038;ssl=1 900w,https:\/\/i0.wp.com\/linksjugend-solid-bw.de\/ortenau\/wp-content\/uploads\/sites\/5\/2022\/05\/IMG_20220522_203147__01__01-816x1024.jpg?strip=info&#038;w=1200&#038;ssl=1 1200w,https:\/\/i0.wp.com\/linksjugend-solid-bw.de\/ortenau\/wp-content\/uploads\/sites\/5\/2022\/05\/IMG_20220522_203147__01__01-816x1024.jpg?strip=info&#038;w=1500&#038;ssl=1 1500w,https:\/\/i0.wp.com\/linksjugend-solid-bw.de\/ortenau\/wp-content\/uploads\/sites\/5\/2022\/05\/IMG_20220522_203147__01__01-816x1024.jpg?strip=info&#038;w=1800&#038;ssl=1 1800w,https:\/\/i0.wp.com\/linksjugend-solid-bw.de\/ortenau\/wp-content\/uploads\/sites\/5\/2022\/05\/IMG_20220522_203147__01__01-816x1024.jpg?strip=info&#038;w=2000&#038;ssl=1 2000w\" alt=\"\" data-height=\"2553\" data-id=\"2594\" data-link=\"https:\/\/linksjugend-solid-bw.de\/ortenau\/material\/img_20220522_203147__01__01\/\" data-url=\"https:\/\/linksjugend-solid-bw.de\/ortenau\/wp-content\/uploads\/sites\/5\/2022\/05\/IMG_20220522_203147__01__01-816x1024.jpg\" data-width=\"2034\" src=\"https:\/\/i0.wp.com\/linksjugend-solid-bw.de\/ortenau\/wp-content\/uploads\/sites\/5\/2022\/05\/IMG_20220522_203147__01__01-816x1024.jpg?ssl=1\" data-amp-layout=\"responsive\" \/><\/figure><\/div><\/div><div class=\"tiled-gallery__row\"><div class=\"tiled-gallery__col\" style=\"flex-basis:47.15798%\"><figure class=\"tiled-gallery__item\"><img decoding=\"async\" srcset=\"https:\/\/i1.wp.com\/linksjugend-solid-bw.de\/ortenau\/wp-content\/uploads\/sites\/5\/2022\/05\/IMG_20220522_202931__01__01-1024x791.jpg?strip=info&#038;w=600&#038;ssl=1 600w,https:\/\/i1.wp.com\/linksjugend-solid-bw.de\/ortenau\/wp-content\/uploads\/sites\/5\/2022\/05\/IMG_20220522_202931__01__01-1024x791.jpg?strip=info&#038;w=900&#038;ssl=1 900w,https:\/\/i1.wp.com\/linksjugend-solid-bw.de\/ortenau\/wp-content\/uploads\/sites\/5\/2022\/05\/IMG_20220522_202931__01__01-1024x791.jpg?strip=info&#038;w=1200&#038;ssl=1 1200w,https:\/\/i1.wp.com\/linksjugend-solid-bw.de\/ortenau\/wp-content\/uploads\/sites\/5\/2022\/05\/IMG_20220522_202931__01__01-1024x791.jpg?strip=info&#038;w=1500&#038;ssl=1 1500w,https:\/\/i1.wp.com\/linksjugend-solid-bw.de\/ortenau\/wp-content\/uploads\/sites\/5\/2022\/05\/IMG_20220522_202931__01__01-1024x791.jpg?strip=info&#038;w=1800&#038;ssl=1 1800w,https:\/\/i1.wp.com\/linksjugend-solid-bw.de\/ortenau\/wp-content\/uploads\/sites\/5\/2022\/05\/IMG_20220522_202931__01__01-1024x791.jpg?strip=info&#038;w=2000&#038;ssl=1 2000w\" alt=\"\" data-height=\"1976\" data-id=\"2599\" data-link=\"https:\/\/linksjugend-solid-bw.de\/ortenau\/material\/img_20220522_202931__01__01\/\" data-url=\"https:\/\/linksjugend-solid-bw.de\/ortenau\/wp-content\/uploads\/sites\/5\/2022\/05\/IMG_20220522_202931__01__01-1024x791.jpg\" data-width=\"2560\" src=\"https:\/\/i1.wp.com\/linksjugend-solid-bw.de\/ortenau\/wp-content\/uploads\/sites\/5\/2022\/05\/IMG_20220522_202931__01__01-1024x791.jpg?ssl=1\" data-amp-layout=\"responsive\" \/><\/figure><\/div><div class=\"tiled-gallery__col\" style=\"flex-basis:52.84202%\"><figure class=\"tiled-gallery__item\"><img decoding=\"async\" srcset=\"https:\/\/i0.wp.com\/linksjugend-solid-bw.de\/ortenau\/wp-content\/uploads\/sites\/5\/2022\/05\/IMG_20220522_203005__01__01-1024x705.jpg?strip=info&#038;w=600&#038;ssl=1 600w,https:\/\/i0.wp.com\/linksjugend-solid-bw.de\/ortenau\/wp-content\/uploads\/sites\/5\/2022\/05\/IMG_20220522_203005__01__01-1024x705.jpg?strip=info&#038;w=900&#038;ssl=1 900w,https:\/\/i0.wp.com\/linksjugend-solid-bw.de\/ortenau\/wp-content\/uploads\/sites\/5\/2022\/05\/IMG_20220522_203005__01__01-1024x705.jpg?strip=info&#038;w=1200&#038;ssl=1 1200w,https:\/\/i0.wp.com\/linksjugend-solid-bw.de\/ortenau\/wp-content\/uploads\/sites\/5\/2022\/05\/IMG_20220522_203005__01__01-1024x705.jpg?strip=info&#038;w=1500&#038;ssl=1 1500w,https:\/\/i0.wp.com\/linksjugend-solid-bw.de\/ortenau\/wp-content\/uploads\/sites\/5\/2022\/05\/IMG_20220522_203005__01__01-1024x705.jpg?strip=info&#038;w=1800&#038;ssl=1 1800w,https:\/\/i0.wp.com\/linksjugend-solid-bw.de\/ortenau\/wp-content\/uploads\/sites\/5\/2022\/05\/IMG_20220522_203005__01__01-1024x705.jpg?strip=info&#038;w=2000&#038;ssl=1 2000w\" alt=\"\" data-height=\"1762\" data-id=\"2598\" data-link=\"https:\/\/linksjugend-solid-bw.de\/ortenau\/material\/img_20220522_203005__01__01\/\" data-url=\"https:\/\/linksjugend-solid-bw.de\/ortenau\/wp-content\/uploads\/sites\/5\/2022\/05\/IMG_20220522_203005__01__01-1024x705.jpg\" data-width=\"2560\" src=\"https:\/\/i0.wp.com\/linksjugend-solid-bw.de\/ortenau\/wp-content\/uploads\/sites\/5\/2022\/05\/IMG_20220522_203005__01__01-1024x705.jpg?ssl=1\" data-amp-layout=\"responsive\" \/><\/figure><\/div><\/div><\/div><\/div>\n\n\n<p>Falls euch einer oder mehrere dieser Sticker gefallen, k\u00f6nnt ihr euch gerne welche bei uns abholen, kostenlos nat\u00fcrlich.<\/p>\n<p>Jeden Freitag ab 19:30 Uhr im <a href=\"http:\/\/Linksjugend \u2018Solid Ortenau https:\/\/maps.app.goo.gl\/ntWXNrn4yhGRdhVY6\" data-wplink-url-error=\"true\">Linken Zentrum<\/a><span style=\"font-size: 1rem\">\u00a0i<\/span><span style=\"font-size: 1rem\">n<\/span><span style=\"font-size: 1rem\"> der Rammersweierstra\u00dfe 12 in Offenburg.<\/span><\/p>\n<p><span style=\"font-size: 1rem\">Falls ihr Fragen habt, erreicht ihr uns unter dieser Mail: <em>ortenau@linksjugend-solid-bw.de<\/em><\/span><\/p>\n\n<h4 style=\"text-align: left\"><span style=\"color: revert;font-size: 1.375rem;font-weight: revert\">Aufkleber des Landesverbands:<\/span><\/h4>\n\n\n<div class=\"wp-block-jetpack-tiled-gallery aligncenter is-style-rectangular\"><div class=\"tiled-gallery__gallery\"><div class=\"tiled-gallery__row\"><div class=\"tiled-gallery__col\" style=\"flex-basis:66.90740%\"><figure class=\"tiled-gallery__item\"><img decoding=\"async\" srcset=\"https:\/\/i2.wp.com\/linksjugend-solid-bw.de\/ortenau\/wp-content\/uploads\/sites\/5\/2022\/05\/Alerta_Blck_DRUCK_New-3-1-1.png?strip=info&#038;w=600 600w,https:\/\/i2.wp.com\/linksjugend-solid-bw.de\/ortenau\/wp-content\/uploads\/sites\/5\/2022\/05\/Alerta_Blck_DRUCK_New-3-1-1.png?strip=info&#038;w=874 874w\" alt=\"\" data-height=\"630\" data-id=\"2349\" data-link=\"http:\/\/linksjugend-solid-bw.de\/ortenau\/material\/alerta_blck_druck_new-3-1-1\/\" data-url=\"http:\/\/linksjugend-solid-bw.de\/ortenau\/wp-content\/uploads\/sites\/5\/2022\/05\/Alerta_Blck_DRUCK_New-3-1-1.png\" data-width=\"874\" src=\"https:\/\/i2.wp.com\/linksjugend-solid-bw.de\/ortenau\/wp-content\/uploads\/sites\/5\/2022\/05\/Alerta_Blck_DRUCK_New-3-1-1.png\" data-amp-layout=\"responsive\" \/><\/figure><\/div><div class=\"tiled-gallery__col\" style=\"flex-basis:33.09260%\"><figure class=\"tiled-gallery__item\"><img decoding=\"async\" srcset=\"https:\/\/i0.wp.com\/linksjugend-solid-bw.de\/ortenau\/wp-content\/uploads\/sites\/5\/2022\/05\/Klima_DRUCK-1-1-1.png?strip=info&#038;w=600 600w,https:\/\/i0.wp.com\/linksjugend-solid-bw.de\/ortenau\/wp-content\/uploads\/sites\/5\/2022\/05\/Klima_DRUCK-1-1-1.png?strip=info&#038;w=874 874w\" alt=\"\" data-height=\"630\" data-id=\"2347\" data-link=\"http:\/\/linksjugend-solid-bw.de\/ortenau\/material\/klima_druck-1-1-1\/\" data-url=\"http:\/\/linksjugend-solid-bw.de\/ortenau\/wp-content\/uploads\/sites\/5\/2022\/05\/Klima_DRUCK-1-1-1.png\" data-width=\"874\" src=\"https:\/\/i0.wp.com\/linksjugend-solid-bw.de\/ortenau\/wp-content\/uploads\/sites\/5\/2022\/05\/Klima_DRUCK-1-1-1.png\" data-amp-layout=\"responsive\" \/><\/figure><figure class=\"tiled-gallery__item\"><img decoding=\"async\" srcset=\"https:\/\/i2.wp.com\/linksjugend-solid-bw.de\/ortenau\/wp-content\/uploads\/sites\/5\/2022\/05\/Mieten_Deckeln_Druck-1-1-1-1.png?strip=info&#038;w=600 600w,https:\/\/i2.wp.com\/linksjugend-solid-bw.de\/ortenau\/wp-content\/uploads\/sites\/5\/2022\/05\/Mieten_Deckeln_Druck-1-1-1-1.png?strip=info&#038;w=874 874w\" alt=\"\" data-height=\"630\" data-id=\"2341\" data-link=\"http:\/\/linksjugend-solid-bw.de\/ortenau\/material\/mieten_deckeln_druck-1-1-1-1\/\" data-url=\"http:\/\/linksjugend-solid-bw.de\/ortenau\/wp-content\/uploads\/sites\/5\/2022\/05\/Mieten_Deckeln_Druck-1-1-1-1.png\" data-width=\"874\" src=\"https:\/\/i2.wp.com\/linksjugend-solid-bw.de\/ortenau\/wp-content\/uploads\/sites\/5\/2022\/05\/Mieten_Deckeln_Druck-1-1-1-1.png\" data-amp-layout=\"responsive\" \/><\/figure><\/div><\/div><div class=\"tiled-gallery__row\"><div class=\"tiled-gallery__col\" style=\"flex-basis:33.33333%\"><figure class=\"tiled-gallery__item\"><img decoding=\"async\" srcset=\"https:\/\/i1.wp.com\/linksjugend-solid-bw.de\/ortenau\/wp-content\/uploads\/sites\/5\/2022\/05\/FoS_Druck_violet_NEW-1-1.png?strip=info&#038;w=600 600w,https:\/\/i1.wp.com\/linksjugend-solid-bw.de\/ortenau\/wp-content\/uploads\/sites\/5\/2022\/05\/FoS_Druck_violet_NEW-1-1.png?strip=info&#038;w=874 874w\" alt=\"\" data-height=\"630\" data-id=\"2348\" data-link=\"http:\/\/linksjugend-solid-bw.de\/ortenau\/material\/fos_druck_violet_new-1-1\/\" data-url=\"http:\/\/linksjugend-solid-bw.de\/ortenau\/wp-content\/uploads\/sites\/5\/2022\/05\/FoS_Druck_violet_NEW-1-1.png\" data-width=\"874\" src=\"https:\/\/i1.wp.com\/linksjugend-solid-bw.de\/ortenau\/wp-content\/uploads\/sites\/5\/2022\/05\/FoS_Druck_violet_NEW-1-1.png\" data-amp-layout=\"responsive\" \/><\/figure><\/div><div class=\"tiled-gallery__col\" style=\"flex-basis:33.33333%\"><figure class=\"tiled-gallery__item\"><img decoding=\"async\" srcset=\"https:\/\/i2.wp.com\/linksjugend-solid-bw.de\/ortenau\/wp-content\/uploads\/sites\/5\/2022\/05\/Klassenzimmer_2_Druck-1-1-1.png?strip=info&#038;w=600 600w,https:\/\/i2.wp.com\/linksjugend-solid-bw.de\/ortenau\/wp-content\/uploads\/sites\/5\/2022\/05\/Klassenzimmer_2_Druck-1-1-1.png?strip=info&#038;w=874 874w\" alt=\"\" data-height=\"630\" data-id=\"2342\" data-link=\"http:\/\/linksjugend-solid-bw.de\/ortenau\/material\/klassenzimmer_2_druck-1-1-1\/\" data-url=\"http:\/\/linksjugend-solid-bw.de\/ortenau\/wp-content\/uploads\/sites\/5\/2022\/05\/Klassenzimmer_2_Druck-1-1-1.png\" data-width=\"874\" src=\"https:\/\/i2.wp.com\/linksjugend-solid-bw.de\/ortenau\/wp-content\/uploads\/sites\/5\/2022\/05\/Klassenzimmer_2_Druck-1-1-1.png\" data-amp-layout=\"responsive\" \/><\/figure><\/div><div class=\"tiled-gallery__col\" style=\"flex-basis:33.33333%\"><figure class=\"tiled-gallery__item\"><img decoding=\"async\" srcset=\"https:\/\/i0.wp.com\/linksjugend-solid-bw.de\/ortenau\/wp-content\/uploads\/sites\/5\/2022\/05\/im-not_Druck-1-1-1-1.png?strip=info&#038;w=600 600w,https:\/\/i0.wp.com\/linksjugend-solid-bw.de\/ortenau\/wp-content\/uploads\/sites\/5\/2022\/05\/im-not_Druck-1-1-1-1.png?strip=info&#038;w=874 874w\" alt=\"\" data-height=\"630\" data-id=\"2344\" data-link=\"http:\/\/linksjugend-solid-bw.de\/ortenau\/material\/im-not_druck-1-1-1-1\/\" data-url=\"http:\/\/linksjugend-solid-bw.de\/ortenau\/wp-content\/uploads\/sites\/5\/2022\/05\/im-not_Druck-1-1-1-1.png\" data-width=\"874\" src=\"https:\/\/i0.wp.com\/linksjugend-solid-bw.de\/ortenau\/wp-content\/uploads\/sites\/5\/2022\/05\/im-not_Druck-1-1-1-1.png\" data-amp-layout=\"responsive\" \/><\/figure><\/div><\/div><div class=\"tiled-gallery__row\"><div class=\"tiled-gallery__col\" style=\"flex-basis:100.00000%\"><figure class=\"tiled-gallery__item\"><img decoding=\"async\" srcset=\"https:\/\/i1.wp.com\/linksjugend-solid-bw.de\/ortenau\/wp-content\/uploads\/sites\/5\/2022\/05\/Klassenkampf_long_red_Druck-1-1-1-1-1024x372.png?strip=info&#038;w=600 600w,https:\/\/i1.wp.com\/linksjugend-solid-bw.de\/ortenau\/wp-content\/uploads\/sites\/5\/2022\/05\/Klassenkampf_long_red_Druck-1-1-1-1-1024x372.png?strip=info&#038;w=900 900w,https:\/\/i1.wp.com\/linksjugend-solid-bw.de\/ortenau\/wp-content\/uploads\/sites\/5\/2022\/05\/Klassenkampf_long_red_Druck-1-1-1-1-1024x372.png?strip=info&#038;w=1200 1200w,https:\/\/i1.wp.com\/linksjugend-solid-bw.de\/ortenau\/wp-content\/uploads\/sites\/5\/2022\/05\/Klassenkampf_long_red_Druck-1-1-1-1-1024x372.png?strip=info&#038;w=1213 1213w\" alt=\"\" data-height=\"441\" data-id=\"2343\" data-link=\"http:\/\/linksjugend-solid-bw.de\/ortenau\/material\/klassenkampf_long_red_druck-1-1-1-1\/\" data-url=\"http:\/\/linksjugend-solid-bw.de\/ortenau\/wp-content\/uploads\/sites\/5\/2022\/05\/Klassenkampf_long_red_Druck-1-1-1-1-1024x372.png\" data-width=\"1213\" src=\"https:\/\/i1.wp.com\/linksjugend-solid-bw.de\/ortenau\/wp-content\/uploads\/sites\/5\/2022\/05\/Klassenkampf_long_red_Druck-1-1-1-1-1024x372.png\" data-amp-layout=\"responsive\" \/><\/figure><\/div><\/div><div class=\"tiled-gallery__row\"><div class=\"tiled-gallery__col\" style=\"flex-basis:33.09260%\"><figure class=\"tiled-gallery__item\"><img decoding=\"async\" srcset=\"https:\/\/i1.wp.com\/linksjugend-solid-bw.de\/ortenau\/wp-content\/uploads\/sites\/5\/2022\/05\/20Stunden_Druck_NEW-1-1-1.png?strip=info&#038;w=600 600w,https:\/\/i1.wp.com\/linksjugend-solid-bw.de\/ortenau\/wp-content\/uploads\/sites\/5\/2022\/05\/20Stunden_Druck_NEW-1-1-1.png?strip=info&#038;w=874 874w\" alt=\"\" data-height=\"630\" data-id=\"2340\" data-link=\"http:\/\/linksjugend-solid-bw.de\/ortenau\/material\/20stunden_druck_new-1-1-1\/\" data-url=\"http:\/\/linksjugend-solid-bw.de\/ortenau\/wp-content\/uploads\/sites\/5\/2022\/05\/20Stunden_Druck_NEW-1-1-1.png\" data-width=\"874\" src=\"https:\/\/i1.wp.com\/linksjugend-solid-bw.de\/ortenau\/wp-content\/uploads\/sites\/5\/2022\/05\/20Stunden_Druck_NEW-1-1-1.png\" data-amp-layout=\"responsive\" \/><\/figure><figure class=\"tiled-gallery__item\"><img decoding=\"async\" srcset=\"https:\/\/i2.wp.com\/linksjugend-solid-bw.de\/ortenau\/wp-content\/uploads\/sites\/5\/2022\/05\/GJA_2_Druck_blue-1-1-1.png?strip=info&#038;w=600 600w,https:\/\/i2.wp.com\/linksjugend-solid-bw.de\/ortenau\/wp-content\/uploads\/sites\/5\/2022\/05\/GJA_2_Druck_blue-1-1-1.png?strip=info&#038;w=874 874w\" alt=\"\" data-height=\"630\" data-id=\"2346\" data-link=\"http:\/\/linksjugend-solid-bw.de\/ortenau\/material\/gja_2_druck_blue-1-1-1\/\" data-url=\"http:\/\/linksjugend-solid-bw.de\/ortenau\/wp-content\/uploads\/sites\/5\/2022\/05\/GJA_2_Druck_blue-1-1-1.png\" data-width=\"874\" src=\"https:\/\/i2.wp.com\/linksjugend-solid-bw.de\/ortenau\/wp-content\/uploads\/sites\/5\/2022\/05\/GJA_2_Druck_blue-1-1-1.png\" data-amp-layout=\"responsive\" \/><\/figure><\/div><div class=\"tiled-gallery__col\" style=\"flex-basis:66.90740%\"><figure class=\"tiled-gallery__item\"><img decoding=\"async\" srcset=\"https:\/\/i1.wp.com\/linksjugend-solid-bw.de\/ortenau\/wp-content\/uploads\/sites\/5\/2022\/05\/No_Borders_Druck-2-1-1-1.png?strip=info&#038;w=600 600w,https:\/\/i1.wp.com\/linksjugend-solid-bw.de\/ortenau\/wp-content\/uploads\/sites\/5\/2022\/05\/No_Borders_Druck-2-1-1-1.png?strip=info&#038;w=874 874w\" alt=\"\" data-height=\"630\" data-id=\"2345\" data-link=\"http:\/\/linksjugend-solid-bw.de\/ortenau\/material\/no_borders_druck-2-1-1-1\/\" data-url=\"http:\/\/linksjugend-solid-bw.de\/ortenau\/wp-content\/uploads\/sites\/5\/2022\/05\/No_Borders_Druck-2-1-1-1.png\" data-width=\"874\" src=\"https:\/\/i1.wp.com\/linksjugend-solid-bw.de\/ortenau\/wp-content\/uploads\/sites\/5\/2022\/05\/No_Borders_Druck-2-1-1-1.png\" data-amp-layout=\"responsive\" \/><\/figure><\/div><\/div><div class=\"tiled-gallery__row\"><div class=\"tiled-gallery__col\" style=\"flex-basis:65.72062%\"><figure class=\"tiled-gallery__item\"><img decoding=\"async\" srcset=\"https:\/\/i2.wp.com\/linksjugend-solid-bw.de\/ortenau\/wp-content\/uploads\/sites\/5\/2022\/05\/LegalizeIt_CMYK-1-1-1.png?strip=info&#038;w=600 600w,https:\/\/i2.wp.com\/linksjugend-solid-bw.de\/ortenau\/wp-content\/uploads\/sites\/5\/2022\/05\/LegalizeIt_CMYK-1-1-1.png?strip=info&#038;w=874 874w\" alt=\"\" data-height=\"630\" data-id=\"2350\" data-link=\"http:\/\/linksjugend-solid-bw.de\/ortenau\/material\/legalizeit_cmyk-1-1-1\/\" data-url=\"http:\/\/linksjugend-solid-bw.de\/ortenau\/wp-content\/uploads\/sites\/5\/2022\/05\/LegalizeIt_CMYK-1-1-1.png\" data-width=\"874\" src=\"https:\/\/i2.wp.com\/linksjugend-solid-bw.de\/ortenau\/wp-content\/uploads\/sites\/5\/2022\/05\/LegalizeIt_CMYK-1-1-1.png\" data-amp-layout=\"responsive\" \/><\/figure><\/div><div class=\"tiled-gallery__col\" style=\"flex-basis:34.27938%\"><figure class=\"tiled-gallery__item\"><img decoding=\"async\" srcset=\"https:\/\/i2.wp.com\/linksjugend-solid-bw.de\/ortenau\/wp-content\/uploads\/sites\/5\/2022\/05\/FCK_Druck_Red-1-1.png?strip=info&#038;w=600 600w,https:\/\/i2.wp.com\/linksjugend-solid-bw.de\/ortenau\/wp-content\/uploads\/sites\/5\/2022\/05\/FCK_Druck_Red-1-1.png?strip=info&#038;w=630 630w\" alt=\"\" data-height=\"874\" data-id=\"2351\" data-link=\"http:\/\/linksjugend-solid-bw.de\/ortenau\/material\/fck_druck_red-1-1\/\" data-url=\"http:\/\/linksjugend-solid-bw.de\/ortenau\/wp-content\/uploads\/sites\/5\/2022\/05\/FCK_Druck_Red-1-1.png\" data-width=\"630\" src=\"https:\/\/i2.wp.com\/linksjugend-solid-bw.de\/ortenau\/wp-content\/uploads\/sites\/5\/2022\/05\/FCK_Druck_Red-1-1.png\" data-amp-layout=\"responsive\" \/><\/figure><\/div><\/div><\/div><\/div>\n\n\n\n<p>Unser Material soll nat\u00fcrlich Verbreitung finden. Kopieren, verteilen und bestellen ist ausdr\u00fccklich erw\u00fcnscht!<\/p>\n\n\n\n<p>Das Zeug ist nat\u00fcrlich&nbsp;<strong>KOSTENLOS<\/strong>, <a href=\"https:\/\/www.linksjugend-solid.de\/material\/\">hier<\/a> k\u00f6nnt ihr die Sticker ganz einfach bestellen.<\/p>\n\n\n\n<p>Weitere Sticker der Linksjugend Solid Baden W\u00fcrttemberg findet ihr <a href=\"https:\/\/linksjugend-solid-bw.de\/material\/\">hier<\/a>.<\/p>\n\n\n\n<p class=\"has-text-align-left\"><a href=\"http:\/\/linksjugend-solid-bw.de\/ortenau\/\">Zur\u00fcck zur Startseite <\/a><\/p>\n","protected":false},"excerpt":{"rendered":"<p>Unsere Sticker: Falls euch einer oder mehrere dieser Sticker gefallen, k\u00f6nnt ihr euch gerne welche bei uns abholen, kostenlos nat\u00fcrlich. Jeden Freitag ab 19:30 Uhr im Linken Zentrum\u00a0in der Rammersweierstra\u00dfe 12 in Offenburg. Falls ihr<\/p>\n","protected":false},"author":1,"featured_media":0,"parent":0,"menu_order":1,"comment_status":"closed","ping_status":"open","template":"","meta":{"jetpack_post_was_ever_published":false,"footnotes":"","_links_to":"","_links_to_target":""},"class_list":["post-4","page","type-page","status-publish","hentry"],"jetpack_sharing_enabled":true,"jetpack_shortlink":"https:\/\/wp.me\/P4o1NU-4","_links":{"self":[{"href":"https:\/\/linksjugend-solid-bw.de\/ortenau\/wp-json\/wp\/v2\/pages\/4","targetHints":{"allow":["GET"]}}],"collection":[{"href":"https:\/\/linksjugend-solid-bw.de\/ortenau\/wp-json\/wp\/v2\/pages"}],"about":[{"href":"https:\/\/linksjugend-solid-bw.de\/ortenau\/wp-json\/wp\/v2\/types\/page"}],"author":[{"embeddable":true,"href":"https:\/\/linksjugend-solid-bw.de\/ortenau\/wp-json\/wp\/v2\/users\/1"}],"replies":[{"embeddable":true,"href":"https:\/\/linksjugend-solid-bw.de\/ortenau\/wp-json\/wp\/v2\/comments?post=4"}],"version-history":[{"count":7,"href":"https:\/\/linksjugend-solid-bw.de\/ortenau\/wp-json\/wp\/v2\/pages\/4\/revisions"}],"predecessor-version":[{"id":2601,"href":"https:\/\/linksjugend-solid-bw.de\/ortenau\/wp-json\/wp\/v2\/pages\/4\/revisions\/2601"}],"wp:attachment":[{"href":"https:\/\/linksjugend-solid-bw.de\/ortenau\/wp-json\/wp\/v2\/media?parent=4"}],"curies":[{"name":"wp","href":"https:\/\/api.w.org\/{rel}","templated":true}]}}