{"id":20,"date":"2014-02-26T18:54:39","date_gmt":"2014-02-26T18:54:39","guid":{"rendered":"http:\/\/linksjugend-solid-bw.debg_default\/?page_id=20"},"modified":"2019-10-18T12:02:49","modified_gmt":"2019-10-18T12:02:49","slug":"gruppentreffen","status":"publish","type":"page","link":"https:\/\/linksjugend-solid-bw.de\/remsmurr\/gruppentreffen\/","title":{"rendered":"Gruppentreffen"},"content":{"rendered":"\n<h4 class=\"wp-block-heading\">Die linksjugend [&#8217;solid] Rems-Murr Kreis trifft sich mehrmals im Monat und ist in verschiedenen Organisationen aktiv.<\/h4>\n\n\n\n<p>Schreib uns einfach eine E-Mail und du erh\u00e4lst weitere Informationen \u00fcber unsere anstehenden Treffen. <\/p>\n\n\n\n<p>Wir freuen uns \u00fcber neue Gesichter.<\/p>\n\n\n\n<p>E-Mail: <a href=\"mailto:rems-murr@linksjugend-solid-bw.de\">rems-murr@linksjugend-solid-bw.de<\/a> <\/p>\n\n\n\n<p><\/p>\n\n\n\n<p><\/p>\n\n\n\n<p><\/p>\n","protected":false},"excerpt":{"rendered":"<p>Die linksjugend [&#8217;solid] Rems-Murr Kreis trifft sich mehrmals im Monat und ist in verschiedenen Organisationen aktiv. Schreib uns einfach eine E-Mail und du erh\u00e4lst weitere Informationen \u00fcber unsere anstehenden Treffen. Wir freuen uns \u00fcber neue Gesichter. E-Mail: rems-murr@linksjugend-solid-bw.de<\/p>\n","protected":false},"author":1,"featured_media":0,"parent":0,"menu_order":4,"comment_status":"open","ping_status":"open","template":"","meta":{"jetpack_post_was_ever_published":false,"footnotes":"","_links_to":"","_links_to_target":""},"class_list":["post-20","page","type-page","status-publish","hentry"],"jetpack_sharing_enabled":true,"jetpack_shortlink":"https:\/\/wp.me\/P4o1qP-k","_links":{"self":[{"href":"https:\/\/linksjugend-solid-bw.de\/remsmurr\/wp-json\/wp\/v2\/pages\/20","targetHints":{"allow":["GET"]}}],"collection":[{"href":"https:\/\/linksjugend-solid-bw.de\/remsmurr\/wp-json\/wp\/v2\/pages"}],"about":[{"href":"https:\/\/linksjugend-solid-bw.de\/remsmurr\/wp-json\/wp\/v2\/types\/page"}],"author":[{"embeddable":true,"href":"https:\/\/linksjugend-solid-bw.de\/remsmurr\/wp-json\/wp\/v2\/users\/1"}],"replies":[{"embeddable":true,"href":"https:\/\/linksjugend-solid-bw.de\/remsmurr\/wp-json\/wp\/v2\/comments?post=20"}],"version-history":[{"count":7,"href":"https:\/\/linksjugend-solid-bw.de\/remsmurr\/wp-json\/wp\/v2\/pages\/20\/revisions"}],"predecessor-version":[{"id":84,"href":"https:\/\/linksjugend-solid-bw.de\/remsmurr\/wp-json\/wp\/v2\/pages\/20\/revisions\/84"}],"wp:attachment":[{"href":"https:\/\/linksjugend-solid-bw.de\/remsmurr\/wp-json\/wp\/v2\/media?parent=20"}],"curies":[{"name":"wp","href":"https:\/\/api.w.org\/{rel}","templated":true}]}}