{"id":4,"date":"2014-02-26T18:41:14","date_gmt":"2014-02-26T18:41:14","guid":{"rendered":"http:\/\/linksjugend-solid-bw.debg_default\/?page_id=4"},"modified":"2016-10-21T11:48:20","modified_gmt":"2016-10-21T11:48:20","slug":"kontakt","status":"publish","type":"page","link":"https:\/\/linksjugend-solid-bw.de\/rottenburg\/kontakt\/","title":{"rendered":"Kontakt"},"content":{"rendered":"<p>Linksjugend [solid] Rottenburg<\/p>\n<p>Hey! Ihr habt irgendwelche Fragen, Anregungen, Ideen, Vorschl\u00e4ge, Hoffnungen, Tr\u00e4ume, W\u00fcnsche oder wollt einfach mal &#8222;Hallo&#8220; sagen &#8211; dann meldet euch doch einfach:<\/p>\n<p>E-mail: rottenburg@linksjugend-solid-bw.de<\/p>\n<p>&nbsp;<\/p>\n<p style=\"text-align: right\">&lt;<a title=\"Homepage\" href=\"http:\/\/linksjugend-solid-bw.de\/rottenburg\">Zur\u00fcck zur Startseite<\/a>&gt;<\/p>\n","protected":false},"excerpt":{"rendered":"<p>Linksjugend [solid] Rottenburg Hey! Ihr habt irgendwelche Fragen, Anregungen, Ideen, Vorschl\u00e4ge, Hoffnungen, Tr\u00e4ume, W\u00fcnsche oder wollt einfach mal &#8222;Hallo&#8220; sagen &#8211; dann meldet euch doch einfach: E-mail: rottenburg@linksjugend-solid-bw.de &nbsp; &lt;Zur\u00fcck zur Startseite&gt;<\/p>\n","protected":false},"author":1,"featured_media":0,"parent":0,"menu_order":5,"comment_status":"open","ping_status":"open","template":"","meta":{"jetpack_post_was_ever_published":false,"footnotes":"","_links_to":"","_links_to_target":""},"class_list":["post-4","page","type-page","status-publish","hentry"],"jetpack_sharing_enabled":true,"jetpack_shortlink":"https:\/\/wp.me\/P4o1qP-4","_links":{"self":[{"href":"https:\/\/linksjugend-solid-bw.de\/rottenburg\/wp-json\/wp\/v2\/pages\/4","targetHints":{"allow":["GET"]}}],"collection":[{"href":"https:\/\/linksjugend-solid-bw.de\/rottenburg\/wp-json\/wp\/v2\/pages"}],"about":[{"href":"https:\/\/linksjugend-solid-bw.de\/rottenburg\/wp-json\/wp\/v2\/types\/page"}],"author":[{"embeddable":true,"href":"https:\/\/linksjugend-solid-bw.de\/rottenburg\/wp-json\/wp\/v2\/users\/1"}],"replies":[{"embeddable":true,"href":"https:\/\/linksjugend-solid-bw.de\/rottenburg\/wp-json\/wp\/v2\/comments?post=4"}],"version-history":[{"count":7,"href":"https:\/\/linksjugend-solid-bw.de\/rottenburg\/wp-json\/wp\/v2\/pages\/4\/revisions"}],"predecessor-version":[{"id":83,"href":"https:\/\/linksjugend-solid-bw.de\/rottenburg\/wp-json\/wp\/v2\/pages\/4\/revisions\/83"}],"wp:attachment":[{"href":"https:\/\/linksjugend-solid-bw.de\/rottenburg\/wp-json\/wp\/v2\/media?parent=4"}],"curies":[{"name":"wp","href":"https:\/\/api.w.org\/{rel}","templated":true}]}}