{"id":20,"date":"2014-02-26T18:54:39","date_gmt":"2014-02-26T18:54:39","guid":{"rendered":"http:\/\/linksjugend-solid-bw.debg_default\/?page_id=20"},"modified":"2016-04-18T00:48:14","modified_gmt":"2016-04-18T00:48:14","slug":"stadtjugendplenum","status":"publish","type":"page","link":"https:\/\/linksjugend-solid-bw.de\/schwarzwald-baar\/veranstaltungen\/stadtjugendplenum\/","title":{"rendered":"Stadtjugendplenum:"},"content":{"rendered":"<h3><\/h3>\n<p><img loading=\"lazy\" decoding=\"async\" class=\"size-medium wp-image-264 alignleft\" src=\"http:\/\/linksjugend-solid-bw.de\/schwarzwald-baar\/wp-content\/uploads\/sites\/10\/2014\/02\/11-213x300.png\" alt=\"Alle reden vom Wetter - Wir nicht. \" width=\"213\" height=\"300\" srcset=\"https:\/\/linksjugend-solid-bw.de\/schwarzwald-baar\/wp-content\/uploads\/sites\/10\/2014\/02\/11-213x300.png 213w, https:\/\/linksjugend-solid-bw.de\/schwarzwald-baar\/wp-content\/uploads\/sites\/10\/2014\/02\/11-768x1081.png 768w, https:\/\/linksjugend-solid-bw.de\/schwarzwald-baar\/wp-content\/uploads\/sites\/10\/2014\/02\/11-728x1024.png 728w, https:\/\/linksjugend-solid-bw.de\/schwarzwald-baar\/wp-content\/uploads\/sites\/10\/2014\/02\/11.png 1000w\" sizes=\"auto, (max-width: 213px) 100vw, 213px\" \/><\/p>\n<p style=\"text-align: justify\">Wir treffen uns i.d.R.\u00a0jeden zweiten\u00a0und vierten Mittwoch im Monat zum zum s.g.\u00a0<a href=\"https:\/\/www.facebook.com\/solid.vs\/events\" target=\"_blank\">Stadtjugendplenum<\/a>\u00a0im Jugend- und Kulturzentrum K3, um in entspannter Atmosph\u00e4re \u00fcber die neusten Entwicklungen in der Doppelstadt und in der Welt zu sprechen, um \u00fcber die verschiedensten politischen Ideen zu diskutieren und um interessante Veranstaltungen zu verschiedenen Themen zu organisieren.<\/p>\n<p style=\"text-align: justify\"><strong>Das Stadtjugendplenum bzw. die Linksjugend [&#8217;solid] an sich versteht sich als Freiraum und offene Anlaufstelle f\u00fcr junge Menschen<\/strong>, welche\u00a0ein Interesse an den verschiedensten Themenbereichen\u00a0der Politik und der Gesellschaft versp\u00fcren\u00a0und freut sich immer \u00fcber neue Gesichter und Mitstreiter*innen.<\/p>\n<p style=\"text-align: justify\"><strong>Wir m\u00f6chten aber auch allen jungen Menschen offen stehen, die sich in ihrer politischen \u00dcberzeugung noch nicht so sicher sind und sich erst einmal anschauen m\u00f6chten, wie der politische Ablauf funktioniert, ohne sich gleich engagieren zu m\u00fcssen.\u00a0<\/strong>Denn wir kennen das Ganze ja aus unserer eigenen Laufbahn, am Anfang kann es einem Menschen schwer fallen, sich auf eine neue Gruppe einzulassen.<\/p>\n<p style=\"text-align: justify\"><strong>Wenn der eine oder der andere Punkt auf Dich zutrifft, dann hab&#8216; keine Angst, einfach mal unverbindlich bei uns vorbeizuschauen, ein Getr\u00e4nk mit uns zu nehmen und Deine Fragen an uns zu stellen!<\/strong><\/p>\n<hr \/>\n<p style=\"text-align: center\"><strong>Das Stadtjugendplenum der Linksjugend \u00a0[&#8217;solid] Villingen-Schwenningen<\/strong><\/p>\n<p style=\"text-align: center\"><strong>Jeden zweiten und vierten Mittwoch \/\/ 18:00 Uhr<\/strong><\/p>\n<p style=\"text-align: center\"><strong>Jugend- und Kulturzentrum K3 (Kalkofenstr. 3a \/ VS-Villingen)<\/strong><\/p>\n<hr \/>\n<p style=\"text-align: justify\">Um auf dem Laufenden \u00fcber die aktuellen Termine der Linksjugend [&#8217;solid] Villingen-Schwenningen und unserem Stadtjugendplenum zu bleiben, <strong>besucht unsere\u00a0<a href=\"https:\/\/www.facebook.com\/solid.vs\/events\" target=\"_blank\">Veranstaltungs\u00fcbersicht auf Facebook<\/a>,\u00a0schreibt uns eine\u00a0<a href=\"http:\/\/linksjugend-solid-bw.de\/schwarzwald-baar\/kontakt\/\" target=\"_blank\">E-Mail<\/a>\u00a0oder schaut\u00a0<a href=\"http:\/\/linksjugend-solid-bw.de\/schwarzwald-baar\/category\/stadtjugendplenum\/\" target=\"_blank\">hier<\/a>!<\/strong><\/p>\n","protected":false},"excerpt":{"rendered":"<p>Wir treffen uns i.d.R.\u00a0jeden zweiten\u00a0und vierten Mittwoch im Monat zum zum s.g.\u00a0Stadtjugendplenum\u00a0im Jugend- und Kulturzentrum K3, um in entspannter Atmosph\u00e4re \u00fcber die neusten Entwicklungen in der Doppelstadt und in der Welt zu sprechen, um \u00fcber<\/p>\n","protected":false},"author":1,"featured_media":0,"parent":177,"menu_order":4,"comment_status":"open","ping_status":"open","template":"","meta":{"jetpack_post_was_ever_published":false,"footnotes":"","_links_to":"","_links_to_target":""},"class_list":["post-20","page","type-page","status-publish","hentry"],"jetpack_sharing_enabled":true,"jetpack_shortlink":"https:\/\/wp.me\/P4o1qP-k","_links":{"self":[{"href":"https:\/\/linksjugend-solid-bw.de\/schwarzwald-baar\/wp-json\/wp\/v2\/pages\/20","targetHints":{"allow":["GET"]}}],"collection":[{"href":"https:\/\/linksjugend-solid-bw.de\/schwarzwald-baar\/wp-json\/wp\/v2\/pages"}],"about":[{"href":"https:\/\/linksjugend-solid-bw.de\/schwarzwald-baar\/wp-json\/wp\/v2\/types\/page"}],"author":[{"embeddable":true,"href":"https:\/\/linksjugend-solid-bw.de\/schwarzwald-baar\/wp-json\/wp\/v2\/users\/1"}],"replies":[{"embeddable":true,"href":"https:\/\/linksjugend-solid-bw.de\/schwarzwald-baar\/wp-json\/wp\/v2\/comments?post=20"}],"version-history":[{"count":46,"href":"https:\/\/linksjugend-solid-bw.de\/schwarzwald-baar\/wp-json\/wp\/v2\/pages\/20\/revisions"}],"predecessor-version":[{"id":561,"href":"https:\/\/linksjugend-solid-bw.de\/schwarzwald-baar\/wp-json\/wp\/v2\/pages\/20\/revisions\/561"}],"up":[{"embeddable":true,"href":"https:\/\/linksjugend-solid-bw.de\/schwarzwald-baar\/wp-json\/wp\/v2\/pages\/177"}],"wp:attachment":[{"href":"https:\/\/linksjugend-solid-bw.de\/schwarzwald-baar\/wp-json\/wp\/v2\/media?parent=20"}],"curies":[{"name":"wp","href":"https:\/\/api.w.org\/{rel}","templated":true}]}}