{"id":28,"date":"2014-03-01T00:11:13","date_gmt":"2014-03-01T00:11:13","guid":{"rendered":"http:\/\/linksjugend-solid-bw.debg_default\/?page_id=28"},"modified":"2016-04-18T00:41:30","modified_gmt":"2016-04-18T00:41:30","slug":"selbstverstandnis","status":"publish","type":"page","link":"https:\/\/linksjugend-solid-bw.de\/schwarzwald-baar\/basisgruppe\/selbstverstandnis\/","title":{"rendered":"Selbstverst\u00e4ndnis:"},"content":{"rendered":"<p style=\"text-align: justify\"><strong>Wir, die Linksjugend [&#8217;solid] Villingen-Schwenningen sind eine politische Jugendorganisation und sehen uns als selbstbestimmte, pluralistische Plattform von und f\u00fcr Jugendliche, die sich f\u00fcr eine solidarische und freiheitliche Gesellschaft jenseits des Kapitalismus einsetzen<\/strong>.<\/p>\n<p style=\"text-align: justify\">Die hier beschriebenen Punkte sind die Grundpfeiler f\u00fcr die Arbeit der Linksjugend [&#8217;solid] Villingen-Schwenningen. Als Mitglieder sind wir uns dieses Selbstverst\u00e4ndnisses bewusst und erkennen es als Handlungsma\u00dfstab an, insbesondere wenn wir als einzelnes Mitglied die Linksjugend [&#8217;solid] Villingen-Schwenningen nach au\u00dfen erkennbar in Erscheinung treten:<\/p>\n<ul>\n<li style=\"text-align: justify\">Wir sind eine Gruppe junger Menschen, die aus ihrem politischen Selbstverst\u00e4ndnis und ihrer pers\u00f6nlichen Erfahrung heraus ein breites Spektrum der Politik mitgestalten wollen. Besonders jugendspezifische Themen sind von uns von gro\u00dfer Bedeutung.<\/li>\n<li style=\"text-align: justify\">Wir wollen mit konkreten kommunalpolitischen Aktionen die Lage vor Ort verbessern und dabei die landes- und bundespolitischen Themen, sowie den Internationalismus nicht aus den Augen verlieren.<\/li>\n<li style=\"text-align: justify\">Wir lehnen eine sich in Gewalt \u00e4u\u00dfernde Vorgehensweise ab und streben stattdessen eine Auseinandersetzung auf Diskursebene an. Um der politischen Meinung Ausdruck zu verleihen, ist es aber auch notwendig auf Aktionen des zivilen Ungehorsams zur\u00fcckzugreifen.<\/li>\n<li style=\"text-align: justify\">Wir wollen dazu beitragen, in der Bev\u00f6lkerung ein Bewusstsein f\u00fcr bestehende Missst\u00e4nde zu schaffen und die betroffenen Menschen animieren, sich f\u00fcr ihre Interessen einzusetzen. Um eine langfristige Verbesserung der Verh\u00e4ltnisse und ein gutes Leben f\u00fcr alle zu verwirklichen, setzen wir uns f\u00fcr einen gesellschaftlichen und wirtschaftlichen Systemwechsel ein.<\/li>\n<li style=\"text-align: justify\">Wir verstehen uns als Anlaufstelle f\u00fcr jede*n, die*der mit unseren Grunds\u00e4tzen \u00fcbereinstimmt. Die Basisgruppe soll ein Raum sein, in dem man politisch aktiv werden kann und sein individuelles Potential entfalten kann.<\/li>\n<li style=\"text-align: justify\">Wir wollen, dass die Grunds\u00e4tze linker Politik wie Barrierefreiheit, eine gleichberechtigte Behandlung unabh\u00e4ngig von Geschlecht, Herkunft, sozialer Stellung, Sexualit\u00e4t, Religion und Alter sowie der respektvolle Umgang miteinander nicht nur unsere Ziele f\u00fcr eine gerechte Gesellschaft sind, sondern auch grundlegend f\u00fcr die Zusammenarbeit in unserer Gruppe.<\/li>\n<li style=\"text-align: justify\">Wir wollen, dass Planungsabl\u00e4ufe in unserer Gruppe transparent gestaltet wird, um die Mitwirkung aller zu erm\u00f6glichen. Jede*r soll eigene Ideen und Schwerpunkte einbringen k\u00f6nnen, Konzepte sollen gemeinsam erarbeitet und umgesetzt werden.<\/li>\n<li style=\"text-align: justify\">Wir sehen die (interne) Weiterbildung als Grundlage, um die politischen Prozesse zu verstehen zu k\u00f6nnen und f\u00fcr Problemfelder sensibilisiert zu werden. Aus diesem Grund halten wir regelm\u00e4\u00dfige Bildungs- und Diskussionsveranstaltungen, wie z.B. das offene <a href=\"http:\/\/linksjugend-solid-bw.de\/schwarzwald-baar\/stadtjugendplenum\/\" target=\"_blank\">Stadtjugendplenum<\/a>, f\u00fcr wichtig.<\/li>\n<li style=\"text-align: justify\">Als Jugendorganisation, die der Partei\u00a0<a href=\"http:\/\/die-linke-schwarzwald.de\/kreisverband\/villingen-schwenningen\/\" target=\"_blank\">DIE LINKE. in Villingen-Schwenningen<\/a> nahe steht, f\u00fchlen wir uns dieser verbunden und unterst\u00fctzen diese. Dennoch verstehen wir uns selbstst\u00e4ndig agierende Gruppe und messen unserem eigenen politischen Vorgehen dementsprechend h\u00f6here Relevanz zu.<\/li>\n<li style=\"text-align: justify\">Wir wollen als Jugendorganisation positiv in die Partei DIE LINKE. Hineinwirken. Als junge Menschen wollen wir den Blickwinkel erweitern, Innovationen einbringen und wo es n\u00f6tig ist Strukturen aufbrechen und erneuern.<\/li>\n<\/ul>\n<hr \/>\n<p style=\"text-align: justify\"><strong>Wenn Dir unser Selbstverst\u00e4ndnis gef\u00e4llt und Du Dich mit unseren Inhalten und Zielen identifizieren kannst, w\u00fcrden wir uns selbstverst\u00e4ndlich sehr freuen Dich kennen zu lernen. Wie w\u00e4re es, wenn Du einmal bei unsere\u00a0<a href=\"http:\/\/linksjugend-solid-bw.de\/schwarzwald-baar\/stadtjugendplenum\/\" target=\"_blank\">Gruppentreffen<\/a>\u00a0vorbeischaust?\u00a0<\/strong><\/p>\n<p>&nbsp;<\/p>\n","protected":false},"excerpt":{"rendered":"<p>Wir, die Linksjugend [&#8217;solid] Villingen-Schwenningen sind eine politische Jugendorganisation und sehen uns als selbstbestimmte, pluralistische Plattform von und f\u00fcr Jugendliche, die sich f\u00fcr eine solidarische und freiheitliche Gesellschaft jenseits des Kapitalismus einsetzen. Die hier beschriebenen<\/p>\n","protected":false},"author":1,"featured_media":0,"parent":303,"menu_order":0,"comment_status":"open","ping_status":"open","template":"","meta":{"jetpack_post_was_ever_published":false,"footnotes":"","_links_to":"","_links_to_target":""},"class_list":["post-28","page","type-page","status-publish","hentry"],"jetpack_sharing_enabled":true,"jetpack_shortlink":"https:\/\/wp.me\/P4o1qP-s","_links":{"self":[{"href":"https:\/\/linksjugend-solid-bw.de\/schwarzwald-baar\/wp-json\/wp\/v2\/pages\/28","targetHints":{"allow":["GET"]}}],"collection":[{"href":"https:\/\/linksjugend-solid-bw.de\/schwarzwald-baar\/wp-json\/wp\/v2\/pages"}],"about":[{"href":"https:\/\/linksjugend-solid-bw.de\/schwarzwald-baar\/wp-json\/wp\/v2\/types\/page"}],"author":[{"embeddable":true,"href":"https:\/\/linksjugend-solid-bw.de\/schwarzwald-baar\/wp-json\/wp\/v2\/users\/1"}],"replies":[{"embeddable":true,"href":"https:\/\/linksjugend-solid-bw.de\/schwarzwald-baar\/wp-json\/wp\/v2\/comments?post=28"}],"version-history":[{"count":15,"href":"https:\/\/linksjugend-solid-bw.de\/schwarzwald-baar\/wp-json\/wp\/v2\/pages\/28\/revisions"}],"predecessor-version":[{"id":541,"href":"https:\/\/linksjugend-solid-bw.de\/schwarzwald-baar\/wp-json\/wp\/v2\/pages\/28\/revisions\/541"}],"up":[{"embeddable":true,"href":"https:\/\/linksjugend-solid-bw.de\/schwarzwald-baar\/wp-json\/wp\/v2\/pages\/303"}],"wp:attachment":[{"href":"https:\/\/linksjugend-solid-bw.de\/schwarzwald-baar\/wp-json\/wp\/v2\/media?parent=28"}],"curies":[{"name":"wp","href":"https:\/\/api.w.org\/{rel}","templated":true}]}}