{"id":303,"date":"2016-04-14T00:04:01","date_gmt":"2016-04-14T00:04:01","guid":{"rendered":"http:\/\/linksjugend-solid-bw.de\/schwarzwald-baar\/?page_id=303"},"modified":"2016-04-18T00:37:23","modified_gmt":"2016-04-18T00:37:23","slug":"basisgruppe","status":"publish","type":"page","link":"https:\/\/linksjugend-solid-bw.de\/schwarzwald-baar\/basisgruppe\/","title":{"rendered":"Basisgruppe:"},"content":{"rendered":"<p style=\"text-align: justify\">Die Basisgruppe der \u00a0Linksjugend [&#8217;solid] in Villingen-Schwenningen ist Teil der Linksjugend [&#8217;solid] Baden-W\u00fcrtemberg, welche wiederum Teil des Bundesverbandes der Linksjugend [&#8217;solid], dem Jugendverband der Partei <em>Die Linke.<\/em><\/p>\n<hr \/>\n<p style=\"text-align: justify\"><strong>Der Jugendverband teilt grunds\u00e4tzlichen die programmatischen Ziele der Partei <em>Die Linke.<\/em>\u00a0und steht ihr solidarisch und partnerschaftlich, aber auch kritisch-progressiv zur Seite.<\/strong> Gleichwohl gibt sich der Jugendverband eigene programmatische Ziele und agiert selbstst\u00e4ndig als unabh\u00e4ngiger, demokratischer und sozialistischer Jugendverband in Villingen-Schwenningen \/ Baden-W\u00fcrttemberg \/ der Bundesrepublik Deutschland.<\/p>\n<p style=\"text-align: justify\">Der Jugendverband streitet als eigenst\u00e4ndige Organisation im B\u00fcndnis mit anderen Menschen und Gruppierungen f\u00fcr eine moderne, demokratische und sozialistische Gesellschaft, in der soziale Gerechtigkeit, gleichberechtigte gesellschaftliche Teilhabe und die menschliche W\u00fcrde im Mittelpunkt stehen.<\/p>\n<hr \/>\n<p style=\"text-align: justify\"><span class=\"text_exposed_show\">Der Jugendverband versteht sich als Teil eines breiten B\u00fcndnisses zum Kampf gegen den Kapitalismus und seine Zerst\u00f6rung unserer Mitwelt und der Ausbeutung unserer Mitmenschen. Er ist darauf bedacht, f\u00fcr diese Ziele aufkl\u00e4rend in die Gesellschaft hineinzuwirken und Bewusstsein zu schaffen. Wir m\u00f6chten unseren Beitrag zu einer gerechten, demokratischen und sozialistischen Gesellschaft leisten.<\/span><\/p>\n<p style=\"text-align: justify\"><strong><span class=\"text_exposed_show\">Im Fokus unserer Arbeit stehen dabei vor allem die Interessen von Kindern und jungen Menschen.\u00a0<\/span><\/strong><\/p>\n<hr \/>\n<p style=\"text-align: justify\"><strong>Damit uns interessierte junge Menschen besser verstehen k\u00f6nnen, haben wir ein\u00a0<a href=\"http:\/\/linksjugend-solid-bw.de\/schwarzwald-baar\/selbstverstandnis\/\" target=\"_blank\">Selbstverst\u00e4ndnis<\/a>\u00a0verfasst, dass unsere Grunds\u00e4tze und \u00dcberzeugungen als Linksjugend [&#8217;solid] Villingen-Schwenningen kurz und knackig formuliert. Schaut doch mal rein! Falls ihr noch Fragen habt, k\u00f6nnt ihr diese\u00a0<a href=\"http:\/\/linksjugend-solid-bw.de\/schwarzwald-baar\/faq\/\" target=\"_blank\">hier stellen oder die am h\u00e4ufigsten gestellten Fragen durchlesen<\/a>!<\/strong><\/p>\n<hr \/>\n<p style=\"text-align: justify\">Au\u00dferdem k\u00f6nnt ihr auf den folgenden Seiten mehr \u00fcber die Arbeit unserer Basisgruppe erfahren:<\/p>\n<ul>\n<li style=\"text-align: justify\"><a href=\"http:\/\/linksjugend-solid-bw.de\/schwarzwald-baar\/selbstverstandnis\/\" target=\"_blank\">Selbstverst\u00e4ndnis<\/a><\/li>\n<li style=\"text-align: justify\"><a href=\"http:\/\/linksjugend-solid-bw.de\/schwarzwald-baar\/satzung\/\" target=\"_blank\">Satzung<\/a><\/li>\n<li style=\"text-align: justify\"><a href=\"http:\/\/linksjugend-solid-bw.de\/schwarzwald-baar\/mv\/\" target=\"_blank\">Mitgliederversammlung<\/a><\/li>\n<li style=\"text-align: justify\"><a href=\"http:\/\/linksjugend-solid-bw.de\/schwarzwald-baar\/ospr\/\" target=\"_blank\">Ortssprecher*innenrat (OspR)<\/a><\/li>\n<li style=\"text-align: justify\"><a href=\"http:\/\/linksjugend-solid-bw.de\/schwarzwald-baar\/aakk\" target=\"_blank\">Aussch\u00fcsse, Arbeitskreise, Kommissionen und Komitees<\/a><\/li>\n<\/ul>\n","protected":false},"excerpt":{"rendered":"<p>Die Basisgruppe der \u00a0Linksjugend [&#8217;solid] in Villingen-Schwenningen ist Teil der Linksjugend [&#8217;solid] Baden-W\u00fcrtemberg, welche wiederum Teil des Bundesverbandes der Linksjugend [&#8217;solid], dem Jugendverband der Partei Die Linke. Der Jugendverband teilt grunds\u00e4tzlichen die programmatischen Ziele der<\/p>\n","protected":false},"author":35,"featured_media":0,"parent":0,"menu_order":0,"comment_status":"closed","ping_status":"closed","template":"","meta":{"jetpack_post_was_ever_published":false,"footnotes":"","_links_to":"","_links_to_target":""},"class_list":["post-303","page","type-page","status-publish","hentry"],"jetpack_sharing_enabled":true,"jetpack_shortlink":"https:\/\/wp.me\/P4o1qP-4T","_links":{"self":[{"href":"https:\/\/linksjugend-solid-bw.de\/schwarzwald-baar\/wp-json\/wp\/v2\/pages\/303","targetHints":{"allow":["GET"]}}],"collection":[{"href":"https:\/\/linksjugend-solid-bw.de\/schwarzwald-baar\/wp-json\/wp\/v2\/pages"}],"about":[{"href":"https:\/\/linksjugend-solid-bw.de\/schwarzwald-baar\/wp-json\/wp\/v2\/types\/page"}],"author":[{"embeddable":true,"href":"https:\/\/linksjugend-solid-bw.de\/schwarzwald-baar\/wp-json\/wp\/v2\/users\/35"}],"replies":[{"embeddable":true,"href":"https:\/\/linksjugend-solid-bw.de\/schwarzwald-baar\/wp-json\/wp\/v2\/comments?post=303"}],"version-history":[{"count":8,"href":"https:\/\/linksjugend-solid-bw.de\/schwarzwald-baar\/wp-json\/wp\/v2\/pages\/303\/revisions"}],"predecessor-version":[{"id":531,"href":"https:\/\/linksjugend-solid-bw.de\/schwarzwald-baar\/wp-json\/wp\/v2\/pages\/303\/revisions\/531"}],"wp:attachment":[{"href":"https:\/\/linksjugend-solid-bw.de\/schwarzwald-baar\/wp-json\/wp\/v2\/media?parent=303"}],"curies":[{"name":"wp","href":"https:\/\/api.w.org\/{rel}","templated":true}]}}