{"id":337,"date":"2016-04-14T00:48:18","date_gmt":"2016-04-14T00:48:18","guid":{"rendered":"http:\/\/linksjugend-solid-bw.de\/schwarzwald-baar\/?page_id=337"},"modified":"2016-04-18T00:39:10","modified_gmt":"2016-04-18T00:39:10","slug":"ospr","status":"publish","type":"page","link":"https:\/\/linksjugend-solid-bw.de\/schwarzwald-baar\/basisgruppe\/ospr\/","title":{"rendered":"Ortssprecher*innenrat (OSpR):"},"content":{"rendered":"<p style=\"text-align: justify\">Der Ortssprecher*innenrat (OSpR) der Linksjugend [&#8217;solid] Villingen-Schwenningen ist gewisserma\u00dfen eine Art Vorstand der Basisgruppe. Der OSPR ist verantwortlich f\u00fcr die Presse- und \u00d6ffentlichkeitsarbeit,\u00a0die Umsetzung der Beschl\u00fcsse der Mitgliederversammlungen, h\u00e4lt den Gesch\u00e4ftsbetrieb aufrecht, und koordiniert die Arbeit der Basisgruppe.<\/p>\n<p style=\"text-align: justify\">Der OSpR\u00a0besteht aus drei\u00a0gleichberechtigten Mitgliedern und\u00a0wird jedes Jahr durch die <a href=\"http:\/\/linksjugend-solid-bw.de\/schwarzwald-baar\/mv\/\" target=\"_blank\">Jahreshauptversammlung<\/a> neu gew\u00e4hlt.<\/p>\n<hr \/>\n<p style=\"text-align: justify\">Unsere Pressesprecherin Tamar Cohen ist unter <span style=\"text-decoration: underline;color: #ff0000\">vs@linksjugend-solid-bw.de<\/span> erreichbar.<\/p>\n","protected":false},"excerpt":{"rendered":"<p>Der Ortssprecher*innenrat (OSpR) der Linksjugend [&#8217;solid] Villingen-Schwenningen ist gewisserma\u00dfen eine Art Vorstand der Basisgruppe. Der OSPR ist verantwortlich f\u00fcr die Presse- und \u00d6ffentlichkeitsarbeit,\u00a0die Umsetzung der Beschl\u00fcsse der Mitgliederversammlungen, h\u00e4lt den Gesch\u00e4ftsbetrieb aufrecht, und koordiniert die<\/p>\n","protected":false},"author":35,"featured_media":0,"parent":303,"menu_order":0,"comment_status":"closed","ping_status":"closed","template":"","meta":{"jetpack_post_was_ever_published":false,"footnotes":"","_links_to":"","_links_to_target":""},"class_list":["post-337","page","type-page","status-publish","hentry"],"jetpack_sharing_enabled":true,"jetpack_shortlink":"https:\/\/wp.me\/P4o1qP-5r","_links":{"self":[{"href":"https:\/\/linksjugend-solid-bw.de\/schwarzwald-baar\/wp-json\/wp\/v2\/pages\/337","targetHints":{"allow":["GET"]}}],"collection":[{"href":"https:\/\/linksjugend-solid-bw.de\/schwarzwald-baar\/wp-json\/wp\/v2\/pages"}],"about":[{"href":"https:\/\/linksjugend-solid-bw.de\/schwarzwald-baar\/wp-json\/wp\/v2\/types\/page"}],"author":[{"embeddable":true,"href":"https:\/\/linksjugend-solid-bw.de\/schwarzwald-baar\/wp-json\/wp\/v2\/users\/35"}],"replies":[{"embeddable":true,"href":"https:\/\/linksjugend-solid-bw.de\/schwarzwald-baar\/wp-json\/wp\/v2\/comments?post=337"}],"version-history":[{"count":5,"href":"https:\/\/linksjugend-solid-bw.de\/schwarzwald-baar\/wp-json\/wp\/v2\/pages\/337\/revisions"}],"predecessor-version":[{"id":539,"href":"https:\/\/linksjugend-solid-bw.de\/schwarzwald-baar\/wp-json\/wp\/v2\/pages\/337\/revisions\/539"}],"up":[{"embeddable":true,"href":"https:\/\/linksjugend-solid-bw.de\/schwarzwald-baar\/wp-json\/wp\/v2\/pages\/303"}],"wp:attachment":[{"href":"https:\/\/linksjugend-solid-bw.de\/schwarzwald-baar\/wp-json\/wp\/v2\/media?parent=337"}],"curies":[{"name":"wp","href":"https:\/\/api.w.org\/{rel}","templated":true}]}}