{"id":350,"date":"2016-04-14T01:10:15","date_gmt":"2016-04-14T01:10:15","guid":{"rendered":"http:\/\/linksjugend-solid-bw.de\/schwarzwald-baar\/?page_id=350"},"modified":"2016-04-18T00:39:00","modified_gmt":"2016-04-18T00:39:00","slug":"mitgliederversammlung","status":"publish","type":"page","link":"https:\/\/linksjugend-solid-bw.de\/schwarzwald-baar\/basisgruppe\/mitgliederversammlung\/","title":{"rendered":"Mitgliederversammlung:"},"content":{"rendered":"<p style=\"text-align: justify\">Die Mitgliederversammlung (MV) ist das h\u00f6chste Gremium der Linksjugend [&#8217;solid] Villingen-Schwenningen. Anders als unsere regelm\u00e4\u00dfigen <a href=\"http:\/\/linksjugend-solid-bw.de\/schwarzwald-baar\/stadtjugendplenum\/\" target=\"_blank\">Stadtjugendplena<\/a>, die allen jungen Menschen f\u00fcr politische Diskussionen offen stehen, ist die MV den aktiven Mitgliedern der Linksjugend [&#8217;solid] in Villingen-Schwenningen und den engsten Unterst\u00fctzer*innen\u00a0vorbehalten, um u.a. inhaltliche und programmatische Beschl\u00fcsse zu fassen und einmal im Jahr den\u00a0<a href=\"http:\/\/linksjugend-solid-bw.de\/schwarzwald-baar\/ospr\/\" target=\"_blank\">Ortssprecher*innenrat (OspR)<\/a>\u00a0der Basisgruppe zu w\u00e4hlen.<\/p>\n<hr \/>\n<p style=\"text-align: justify\">Trotzdem bist Du herzlich eingeladen, einer Mitgliederversammlung beizuwohnen, denn wir tagen grunds\u00e4tzlich \u00f6ffentlich. Au\u00dferdem besteht die M\u00f6glichkeit, Dir ein Stimmrecht zu verleihen, wenn Du regelm\u00e4\u00dfige*r Unterst\u00fctzer*in unserer Basisgruppe bist, ohne das Du zahlendes Mitglied der Linksjugend [&#8217;solid] bist. Wir empfehlen aber trotzdem, erst einmal ganz unverbindlich zu einem unserer <em>&#8222;normalen&#8220;<\/em>\u00a0<a href=\"http:\/\/linksjugend-solid-bw.de\/schwarzwald-baar\/stadtjugendplenum\/\" target=\"_blank\">Treffen<\/a>, bevor Du dich voll und ganz in das Abenteuer Linksjugend [&#8217;solid] st\u00fcrzt! \ud83d\ude09<\/p>\n<p style=\"text-align: justify\">\n","protected":false},"excerpt":{"rendered":"<p>Die Mitgliederversammlung (MV) ist das h\u00f6chste Gremium der Linksjugend [&#8217;solid] Villingen-Schwenningen. Anders als unsere regelm\u00e4\u00dfigen Stadtjugendplena, die allen jungen Menschen f\u00fcr politische Diskussionen offen stehen, ist die MV den aktiven Mitgliedern der Linksjugend [&#8217;solid] in<\/p>\n","protected":false},"author":35,"featured_media":0,"parent":303,"menu_order":0,"comment_status":"closed","ping_status":"closed","template":"","meta":{"jetpack_post_was_ever_published":false,"footnotes":"","_links_to":"","_links_to_target":""},"class_list":["post-350","page","type-page","status-publish","hentry"],"jetpack_sharing_enabled":true,"jetpack_shortlink":"https:\/\/wp.me\/P4o1qP-5E","_links":{"self":[{"href":"https:\/\/linksjugend-solid-bw.de\/schwarzwald-baar\/wp-json\/wp\/v2\/pages\/350","targetHints":{"allow":["GET"]}}],"collection":[{"href":"https:\/\/linksjugend-solid-bw.de\/schwarzwald-baar\/wp-json\/wp\/v2\/pages"}],"about":[{"href":"https:\/\/linksjugend-solid-bw.de\/schwarzwald-baar\/wp-json\/wp\/v2\/types\/page"}],"author":[{"embeddable":true,"href":"https:\/\/linksjugend-solid-bw.de\/schwarzwald-baar\/wp-json\/wp\/v2\/users\/35"}],"replies":[{"embeddable":true,"href":"https:\/\/linksjugend-solid-bw.de\/schwarzwald-baar\/wp-json\/wp\/v2\/comments?post=350"}],"version-history":[{"count":2,"href":"https:\/\/linksjugend-solid-bw.de\/schwarzwald-baar\/wp-json\/wp\/v2\/pages\/350\/revisions"}],"predecessor-version":[{"id":538,"href":"https:\/\/linksjugend-solid-bw.de\/schwarzwald-baar\/wp-json\/wp\/v2\/pages\/350\/revisions\/538"}],"up":[{"embeddable":true,"href":"https:\/\/linksjugend-solid-bw.de\/schwarzwald-baar\/wp-json\/wp\/v2\/pages\/303"}],"wp:attachment":[{"href":"https:\/\/linksjugend-solid-bw.de\/schwarzwald-baar\/wp-json\/wp\/v2\/media?parent=350"}],"curies":[{"name":"wp","href":"https:\/\/api.w.org\/{rel}","templated":true}]}}