{"id":355,"date":"2016-04-14T01:23:01","date_gmt":"2016-04-14T01:23:01","guid":{"rendered":"http:\/\/linksjugend-solid-bw.de\/schwarzwald-baar\/?page_id=355"},"modified":"2016-04-18T00:38:05","modified_gmt":"2016-04-18T00:38:05","slug":"historische-kommission","status":"publish","type":"page","link":"https:\/\/linksjugend-solid-bw.de\/schwarzwald-baar\/basisgruppe\/aakk\/historische-kommission\/","title":{"rendered":"Historische Kommission:"},"content":{"rendered":"<p style=\"text-align: justify\">Die Historische Kommission ist ein Zusammenschluss von Mitgliedern der Linksjugend [&#8217;solid] Villingen-Schwenningen, dessen Aufgabe es ist:<\/p>\n<ol style=\"text-align: justify\">\n<li>Die Geschichte der Linksjugend [&#8217;solid] Villingen-Schwenningen festzuhalten<\/li>\n<li>Die Geschichte der St\u00e4dte Villingen und Schwenningen aus linker Perspektive aufzuarbeiten, zu bewerten und Texte dar\u00fcber zu publizieren, die f\u00fcr jede*n frei zug\u00e4nglich sind.<\/li>\n<\/ol>\n<hr \/>\n<p style=\"text-align: justify\">Derzeit existieren noch keine Ver\u00f6ffentlichungen der Historischen Kommission.<\/p>\n<hr \/>\n<p style=\"text-align: justify\">Du m\u00f6chtest Teil der Historischen Kommission werden?\u00a0Dann\u00a0<a href=\"https:\/\/www.linksjugend-solid.de\/wp-content\/uploads\/2016\/01\/ljs-eintritt-2016.pdf\" target=\"_blank\">werde Mitglied<\/a>\u00a0und engagiere Dich bei der Linksjugend [&#8217;solid] Villingen-Schwenningen!<\/p>\n","protected":false},"excerpt":{"rendered":"<p>Die Historische Kommission ist ein Zusammenschluss von Mitgliedern der Linksjugend [&#8217;solid] Villingen-Schwenningen, dessen Aufgabe es ist: Die Geschichte der Linksjugend [&#8217;solid] Villingen-Schwenningen festzuhalten Die Geschichte der St\u00e4dte Villingen und Schwenningen aus linker Perspektive aufzuarbeiten, zu<\/p>\n","protected":false},"author":35,"featured_media":0,"parent":354,"menu_order":0,"comment_status":"closed","ping_status":"closed","template":"","meta":{"jetpack_post_was_ever_published":false,"footnotes":"","_links_to":"","_links_to_target":""},"class_list":["post-355","page","type-page","status-publish","hentry"],"jetpack_sharing_enabled":true,"jetpack_shortlink":"https:\/\/wp.me\/P4o1qP-5J","_links":{"self":[{"href":"https:\/\/linksjugend-solid-bw.de\/schwarzwald-baar\/wp-json\/wp\/v2\/pages\/355","targetHints":{"allow":["GET"]}}],"collection":[{"href":"https:\/\/linksjugend-solid-bw.de\/schwarzwald-baar\/wp-json\/wp\/v2\/pages"}],"about":[{"href":"https:\/\/linksjugend-solid-bw.de\/schwarzwald-baar\/wp-json\/wp\/v2\/types\/page"}],"author":[{"embeddable":true,"href":"https:\/\/linksjugend-solid-bw.de\/schwarzwald-baar\/wp-json\/wp\/v2\/users\/35"}],"replies":[{"embeddable":true,"href":"https:\/\/linksjugend-solid-bw.de\/schwarzwald-baar\/wp-json\/wp\/v2\/comments?post=355"}],"version-history":[{"count":5,"href":"https:\/\/linksjugend-solid-bw.de\/schwarzwald-baar\/wp-json\/wp\/v2\/pages\/355\/revisions"}],"predecessor-version":[{"id":534,"href":"https:\/\/linksjugend-solid-bw.de\/schwarzwald-baar\/wp-json\/wp\/v2\/pages\/355\/revisions\/534"}],"up":[{"embeddable":true,"href":"https:\/\/linksjugend-solid-bw.de\/schwarzwald-baar\/wp-json\/wp\/v2\/pages\/354"}],"wp:attachment":[{"href":"https:\/\/linksjugend-solid-bw.de\/schwarzwald-baar\/wp-json\/wp\/v2\/media?parent=355"}],"curies":[{"name":"wp","href":"https:\/\/api.w.org\/{rel}","templated":true}]}}