{"id":357,"date":"2016-04-14T01:29:52","date_gmt":"2016-04-14T01:29:52","guid":{"rendered":"http:\/\/linksjugend-solid-bw.de\/schwarzwald-baar\/?page_id=357"},"modified":"2016-04-18T00:38:48","modified_gmt":"2016-04-18T00:38:48","slug":"kpo","status":"publish","type":"page","link":"https:\/\/linksjugend-solid-bw.de\/schwarzwald-baar\/basisgruppe\/aakk\/kpo\/","title":{"rendered":"Komitee f\u00fcr Presse- und \u00d6ffentlichkeitsarbeit (KP\u00d6):"},"content":{"rendered":"<p style=\"text-align: justify\">Das Komitee f\u00fcr Presse- und \u00d6ffentlichkeitsarbeit (KP\u00d6) ist ein Zusammenschluss von Mitglieder der Linksjugend [&#8217;solid] Villingen-Schwenningen, um den Ortssprecher*innenrat (OSpR) bei der Verwaltung der Homepage und anderen Social Media-Auftritten, sowie der \u00fcblichen Presse- und \u00d6ffentlichkeitsarbeit zu unterst\u00fctzen.<\/p>\n<p style=\"text-align: justify\">\n","protected":false},"excerpt":{"rendered":"<p>Das Komitee f\u00fcr Presse- und \u00d6ffentlichkeitsarbeit (KP\u00d6) ist ein Zusammenschluss von Mitglieder der Linksjugend [&#8217;solid] Villingen-Schwenningen, um den Ortssprecher*innenrat (OSpR) bei der Verwaltung der Homepage und anderen Social Media-Auftritten, sowie der \u00fcblichen Presse- und \u00d6ffentlichkeitsarbeit<\/p>\n","protected":false},"author":35,"featured_media":0,"parent":354,"menu_order":0,"comment_status":"closed","ping_status":"closed","template":"","meta":{"jetpack_post_was_ever_published":false,"footnotes":"","_links_to":"","_links_to_target":""},"class_list":["post-357","page","type-page","status-publish","hentry"],"jetpack_sharing_enabled":true,"jetpack_shortlink":"https:\/\/wp.me\/P4o1qP-5L","_links":{"self":[{"href":"https:\/\/linksjugend-solid-bw.de\/schwarzwald-baar\/wp-json\/wp\/v2\/pages\/357","targetHints":{"allow":["GET"]}}],"collection":[{"href":"https:\/\/linksjugend-solid-bw.de\/schwarzwald-baar\/wp-json\/wp\/v2\/pages"}],"about":[{"href":"https:\/\/linksjugend-solid-bw.de\/schwarzwald-baar\/wp-json\/wp\/v2\/types\/page"}],"author":[{"embeddable":true,"href":"https:\/\/linksjugend-solid-bw.de\/schwarzwald-baar\/wp-json\/wp\/v2\/users\/35"}],"replies":[{"embeddable":true,"href":"https:\/\/linksjugend-solid-bw.de\/schwarzwald-baar\/wp-json\/wp\/v2\/comments?post=357"}],"version-history":[{"count":6,"href":"https:\/\/linksjugend-solid-bw.de\/schwarzwald-baar\/wp-json\/wp\/v2\/pages\/357\/revisions"}],"predecessor-version":[{"id":537,"href":"https:\/\/linksjugend-solid-bw.de\/schwarzwald-baar\/wp-json\/wp\/v2\/pages\/357\/revisions\/537"}],"up":[{"embeddable":true,"href":"https:\/\/linksjugend-solid-bw.de\/schwarzwald-baar\/wp-json\/wp\/v2\/pages\/354"}],"wp:attachment":[{"href":"https:\/\/linksjugend-solid-bw.de\/schwarzwald-baar\/wp-json\/wp\/v2\/media?parent=357"}],"curies":[{"name":"wp","href":"https:\/\/api.w.org\/{rel}","templated":true}]}}