{"id":378,"date":"2016-04-14T02:08:54","date_gmt":"2016-04-14T02:08:54","guid":{"rendered":"http:\/\/linksjugend-solid-bw.de\/schwarzwald-baar\/?page_id=378"},"modified":"2016-04-21T01:58:13","modified_gmt":"2016-04-21T01:58:13","slug":"texte","status":"publish","type":"page","link":"https:\/\/linksjugend-solid-bw.de\/schwarzwald-baar\/material\/texte\/","title":{"rendered":"Texte \/ Empfehlungen:"},"content":{"rendered":"<h3 style=\"text-align: justify\"><span style=\"color: #ff0000\">Reader der Linksjugend [&#8217;solid]:\u00a0<\/span><\/h3>\n<p style=\"text-align: justify\">Im folgenden findest Du einige Reader des Bundesverbandes der Linksjugend [&#8217;solid], die als Einstieg f\u00fcr interessierte junge Menschen und Neu-Mitglieder gedacht sind, also schau doch ruhig mal rein. Weiter unten findest Du unsere Empfehlungen an Klassikern und Neuerscheinungen der politischen Theorie.<\/p>\n<ul>\n<li style=\"text-align: justify\"><a href=\"https:\/\/www.linksjugend-solid.de\/positionen\/programm\/\">Programm der Linksjugend [&#8217;solid]<\/a>:\u00a0Hier findest Du das Programm unseres Bundesverbandes. Es bietet ein \u00dcberblick \u00fcber uns und unsere Ideen. Dabei wird geschildert wer wir sind, woher wir kommen und was unsere Kritik an der herrschenden Weltordnung ist. Dem werden konkrete Themen zu den wir uns \u00e4u\u00dfern wollten angeschlossen. Diese sind: Kapitalismus &amp; Globalisierung, Kein Fu\u00dfbreit dem Faschismus \u2013 Rassismus entwurzeln, Bildung, Demokratisierung &amp; Freiheit &amp; Selbstbestimmung, Konsequent gegen Krieg \u2013 eine friedliche Welt ist m\u00f6glich, Lohnarbeit, Medien und Kultur, \u00d6kologie und Klimaschutz, Internationalismus, Gender, Menschenrechte.<\/li>\n<li style=\"text-align: justify\"><a href=\"http:\/\/s144731316.online.de\/wp-solid-fr\/wp-content\/uploads\/2013\/06\/basisgruppenbuch.pdf\" target=\"_blank\">Socialist Cookbook<\/a>\u00a0\/\u00a0<a href=\"https:\/\/issuu.com\/marcohei\/docs\/handbuch-fuer-eine-widerstaendige-praxis\/1\" target=\"_blank\">Das Handbuch f\u00fcr widerst\u00e4ndige Praxis<\/a>:\u00a0In den beiden Basisgruppenhandb\u00fcchern wird beschrieben, wie man\u00a0eine eigene Basisgruppe aufziehen kann\u00a0bzw. wie Basisgruppen funktionieren (k\u00f6nnen) und ist das Einstiegswerk f\u00fcr jedes\u00a0<a href=\"https:\/\/www.linksjugend-solid.de\/wp-content\/uploads\/2016\/01\/ljs-eintritt-2016.pdf\" target=\"_blank\">neue Mitglied der Linksjugend [&#8217;solid].<\/a><\/li>\n<li style=\"text-align: justify\"><a href=\"https:\/\/www.linksjugend-solid.de\/wp-content\/uploads\/2013\/08\/kommunismus-reader.pdf\" target=\"_blank\">Kein Kommunismus ist auch keine L\u00f6sung<\/a>:\u00a0Mit diesem Reader wurde\u00a0versucht, so korrekt und vollst\u00e4ndig wie m\u00f6glich den gr\u00f6\u00dften Mythen, Vorurteilen und Gegenargumenten zum Thema Sozialismus\/Kommunismus zu begegnen. Neben einer kurzen Beschreibung des Kapitalismus und eine kleine \u00dcberlegung, wie eine andere Gesellschaft aussehen k\u00f6nnte werden in diesem Reader die \u00fcblichen Argumente gegen den Kommunismus\/Sozialismus genauer auf ihren Wahrheitsgehalt \u00fcberpr\u00fcft.<\/li>\n<li style=\"text-align: justify\"><a href=\"http:\/\/s144731316.online.de\/wp-solid-fr\/wp-content\/uploads\/2013\/06\/Theoriereader.pdf\" target=\"_blank\">Grundlagen der Kapitalismusanalyse und -kritik<\/a>:\u00a0Diese Textsammlung wurde vom Vorg\u00e4ngerverband derLinksjugend [&#8217;solid] mit dem Ziel zusammengestellt, \u201cNeueinsteiger*innen\u201d den Zugang zu linker Gesellschaftskritik zu erleichtern. Die Texte, die ihr in diesem Heft findet, sind unserer Ansicht nach geeignet, sich dem Thema Kapitalismusanalyse zu n\u00e4hern. Wir haben versucht, eine halbwegs ausgewogene Mischung aus Klassikern und Sekund\u00e4rliteratur zu finden. Wer sich tiefer mit dem Kapitalismus besch\u00e4ftigen will sei dieser Einstieg nur zu empfehlen!<\/li>\n<li style=\"text-align: justify\"><a href=\"http:\/\/s144731316.online.de\/wp-solid-fr\/wp-content\/uploads\/2013\/12\/religionskritik-reader.pdf\" target=\"_blank\">Einleitung zur Religionskritik<\/a>:\u00a0Die Kritik der Religionen ist die Voraussetzung und Grundlage jeder Kritik. Das bedeutet, dass wir erst religi\u00f6ses Bewusstsein als ein Bewusstsein entlarven m\u00fcssen, das uns vom Erkennen gesellschaftlichen \u00dcbels abh\u00e4lt, bevor wir diese \u00fcberwinden k\u00f6nnen. Die Kritik der Religionen ist somit eine zwingende Voraussetzung f\u00fcr eine antikapitalistische, antirassistische und antisexistische Kritik. Dieser Reader soll einen Beitrag dazu leisten, eine Diskussion \u00fcber die Kritik der Religionen lebendig zu halten. Daf\u00fcr bietet er verschiedene kurze Einf\u00fchrungstexte zu unterschiedlichen Themen.<\/li>\n<li style=\"text-align: justify\"><a href=\"http:\/\/s144731316.online.de\/wp-solid-fr\/wp-content\/uploads\/2013\/06\/Block_fascism.pdf\" target=\"_blank\">Block Fascism<\/a>:\u00a0Auf knapp 40 Seiten wird hier die Geschichte des Faschismus dargestellt und weiterf\u00fchrende \u00dcberlegungen dazu angestellt. Den gr\u00f6\u00dften Teil macht dabei die Analyse rechten und faschistischen Gedankenguts in unserer heutigen Gesellschaft. Worauf dann der wichtigste Teil des Readers folgt: Was k\u00f6nnen wir dagegen tun? Wie sieht eine effektive antifaschistische Praxis aus?<\/li>\n<\/ul>\n<hr \/>\n<h3 style=\"text-align: justify\"><span style=\"color: #ff0000\">Empfehlungen:<\/span><\/h3>\n<p style=\"text-align: justify\">Im folgenden findest Du eine Liste von Klassikern und Neuerscheinungen der politischen Theorie (in chronologischer Reihenfolge), welche man kennen solltest. Soweit m\u00f6glich findest Du, praktischer weise, sogleich die Weiterleitung zum genannten Text und kannst sofort mit dem Schm\u00f6kern beginnen. Besonders lesenswerte Schriften haben wir f\u00fcr Dich orange markiert.<\/p>\n<ul>\n<li style=\"text-align: justify\"><a href=\"https:\/\/www.marxists.org\/deutsch\/archiv\/marx-engels\/1845\/thesen\/index.htm\" target=\"_blank\">Karl Marx: Thesen \u00fcber Feuerbach (1845)<\/a><\/li>\n<li style=\"text-align: justify\"><a href=\"http:\/\/www.mlwerke.de\/me\/me03\/me03_009.htm\" target=\"_blank\">Karl Marx, Friedrich Engels: Die deutsche Ideologie (1846)<\/a><\/li>\n<li style=\"text-align: justify\"><span style=\"color: #ff6600\"><a style=\"color: #ff6600\" href=\"http:\/\/www.mlwerke.de\/me\/me04\/me04_361.htm\" target=\"_blank\">Friedrich Engels: Grunds\u00e4tze des Kommunismus (1847)<\/a><\/span><\/li>\n<li style=\"text-align: justify\"><span style=\"color: #ff6600\"><a style=\"color: #ff6600\" href=\"http:\/\/www.antifaschistische-linke.de\/PDF\/Manifest%20der%20Kommunistischen%20Partei.pdf\" target=\"_blank\">Karl Marx, Friedrich Engels: Das Manifest der Kommunistischen Partei (1848)<\/a><\/span><\/li>\n<li style=\"text-align: justify\"><span style=\"color: #ff6600\"><a style=\"color: #ff6600\" href=\"https:\/\/www.marxists.org\/deutsch\/archiv\/marx-engels\/1852\/brumaire\/index.htm\" target=\"_blank\">Karl Marx: Der achtzehnte Brumaire des Louis Bonaparte (1852)<\/a><\/span><\/li>\n<li style=\"text-align: justify\">Karl Marx: Das Kapital <a style=\"color: #ff6600\" href=\"http:\/\/www.mlwerke.de\/me\/me23\/me23_000.htm\" target=\"_blank\">Band 1 &#8211; Der Produktionsproze\u00df des Kapitals (1867)<\/a>, <a href=\"http:\/\/www.mlwerke.de\/me\/me24\/me24_000.htm\" target=\"_blank\">Band 2 &#8211; Der Zirkulationsproze\u00df des Kapitals (1885)<\/a>, <a href=\"http:\/\/www.mlwerke.de\/me\/me25\/me25_000.htm\" target=\"_blank\">Band 3 &#8211; Der Gesamtproze\u00df der kapitalistischen Produktion (1894)<\/a><\/li>\n<li style=\"text-align: justify\"><a href=\"http:\/\/www.mlwerke.de\/me\/me19\/me19_177.htm\" target=\"_blank\">Friedrich Engels: Die Entwicklung des Sozialismus von der Utopie zur Wissenschaft (1880)<\/a><\/li>\n<li style=\"text-align: justify\"><span style=\"color: #ff6600\"><a style=\"color: #ff6600\" href=\"http:\/\/www.mlwerke.de\/me\/me21\/me21_025.htm\">Friedrich Engels:\u00a0Der Ursprung der Familie, des Privateigentums und des Staats (1884)<\/a><\/span><\/li>\n<\/ul>\n<ul>\n<li style=\"text-align: justify\"><span style=\"color: #ff6600\"><a style=\"color: #ff6600\" href=\"https:\/\/www.marxists.org\/deutsch\/archiv\/zetkin\/1889\/07\/frauenbef.htm\" target=\"_blank\">Clara Zetkin: F\u00fcr die Befreiung der Frau! (1889)<\/a><\/span><\/li>\n<li style=\"text-align: justify\"><a href=\"https:\/\/www.marxists.org\/deutsch\/archiv\/wilde\/1891\/02\/seele.htm\" target=\"_blank\">Oliver Wilde: \u00dcber die Seele des Menschen im Sozialismus (1891)<\/a><\/li>\n<li style=\"text-align: justify\"><a style=\"color: #ff6600\" href=\"http:\/\/www.mlwerke.de\/lu\/lu05\/lu05_en.htm\" target=\"_blank\">Rosa Luxemburg: Einf\u00fchrung in die National\u00f6konomie (1910)<\/a><\/li>\n<li style=\"text-align: justify\"><a href=\"https:\/\/www.marxists.org\/deutsch\/archiv\/luxemburg\/1910\/theoprax\/index.htm\" target=\"_blank\">Rosa Luxemburg: Die Theorie und Praxis (1910)<\/a><\/li>\n<li style=\"text-align: justify\"><a href=\"https:\/\/www.marxists.org\/deutsch\/archiv\/luxemburg\/1913\/akkkap\/index.htm\" target=\"_blank\">Rosa Luxemburg: Die Akkumulation des Kapitals (1913)<\/a><\/li>\n<li style=\"text-align: justify\"><a href=\"https:\/\/www.marxists.org\/deutsch\/archiv\/luxemburg\/1914\/12\/intsol.htm\" target=\"_blank\">Rosa Luxemburg: F\u00fcr die internationale Solidarit\u00e4t (1914)<\/a><\/li>\n<li style=\"text-align: justify\"><a href=\"http:\/\/ps.vetomat.net\/wp-uploads\/2012\/09\/dialektik_aufklaerung.pdf\" target=\"_blank\">Max Horkheimer, Theodor W. Adorno: Dialektik der Aufkl\u00e4rung (1944)<\/a><\/li>\n<li style=\"text-align: justify\"><a href=\"https:\/\/www.netzwerkit.de\/projekte\/man-nci\/turbo\/chronik\/Albert%20Einstein.pdf\">Albert Einstein: Warum Sozialismus (1949)<\/a><\/li>\n<li style=\"text-align: justify\">Simone de Beauvoir: Das andere Geschlecht (1949)<\/li>\n<li style=\"text-align: justify\"><a href=\"http:\/\/www.krisis.org\/1999\/manifest-gegen-die-arbeit\/\" target=\"_blank\">Gruppe Krisis: Manifest gegen die Arbeit (1999)<\/a><\/li>\n<\/ul>\n<hr \/>\n<p style=\"text-align: justify\">Wir werden die Liste selbstverst\u00e4ndlich von Zeit zu Zeit erweitern.<\/p>\n<hr \/>\n<p style=\"text-align: justify\">Du hast einen tollen Text, den Du uns \u00fcberlassen m\u00f6chtest, oder findest, dass in unserer Leseliste ein essentielles Werk fehlt? Dann schreib uns doch eine\u00a0<a href=\"http:\/\/linksjugend-solid-bw.de\/schwarzwald-baar\/kontakt\/\" target=\"_blank\">E-Mail<\/a>\u00a0oder schau direkt bei\u00a0<a href=\"http:\/\/www.marxists.org\" target=\"_blank\">www.marxists.org<\/a>; Dort findest Du eine Sammlung\u00a0verschiedenster linker Theoretiker*innen und ihrer Werke in verschiedenen Sprachen.<\/p>\n<p style=\"text-align: justify\">\n","protected":false},"excerpt":{"rendered":"<p>Reader der Linksjugend [&#8217;solid]:\u00a0 Im folgenden findest Du einige Reader des Bundesverbandes der Linksjugend [&#8217;solid], die als Einstieg f\u00fcr interessierte junge Menschen und Neu-Mitglieder gedacht sind, also schau doch ruhig mal rein. Weiter unten findest<\/p>\n","protected":false},"author":35,"featured_media":0,"parent":376,"menu_order":0,"comment_status":"closed","ping_status":"closed","template":"","meta":{"jetpack_post_was_ever_published":false,"footnotes":"","_links_to":"","_links_to_target":""},"class_list":["post-378","page","type-page","status-publish","hentry"],"jetpack_sharing_enabled":true,"jetpack_shortlink":"https:\/\/wp.me\/P4o1qP-66","_links":{"self":[{"href":"https:\/\/linksjugend-solid-bw.de\/schwarzwald-baar\/wp-json\/wp\/v2\/pages\/378","targetHints":{"allow":["GET"]}}],"collection":[{"href":"https:\/\/linksjugend-solid-bw.de\/schwarzwald-baar\/wp-json\/wp\/v2\/pages"}],"about":[{"href":"https:\/\/linksjugend-solid-bw.de\/schwarzwald-baar\/wp-json\/wp\/v2\/types\/page"}],"author":[{"embeddable":true,"href":"https:\/\/linksjugend-solid-bw.de\/schwarzwald-baar\/wp-json\/wp\/v2\/users\/35"}],"replies":[{"embeddable":true,"href":"https:\/\/linksjugend-solid-bw.de\/schwarzwald-baar\/wp-json\/wp\/v2\/comments?post=378"}],"version-history":[{"count":17,"href":"https:\/\/linksjugend-solid-bw.de\/schwarzwald-baar\/wp-json\/wp\/v2\/pages\/378\/revisions"}],"predecessor-version":[{"id":598,"href":"https:\/\/linksjugend-solid-bw.de\/schwarzwald-baar\/wp-json\/wp\/v2\/pages\/378\/revisions\/598"}],"up":[{"embeddable":true,"href":"https:\/\/linksjugend-solid-bw.de\/schwarzwald-baar\/wp-json\/wp\/v2\/pages\/376"}],"wp:attachment":[{"href":"https:\/\/linksjugend-solid-bw.de\/schwarzwald-baar\/wp-json\/wp\/v2\/media?parent=378"}],"curies":[{"name":"wp","href":"https:\/\/api.w.org\/{rel}","templated":true}]}}