{"id":379,"date":"2016-04-14T02:10:33","date_gmt":"2016-04-14T02:10:33","guid":{"rendered":"http:\/\/linksjugend-solid-bw.de\/schwarzwald-baar\/?page_id=379"},"modified":"2016-04-18T00:43:01","modified_gmt":"2016-04-18T00:43:01","slug":"sticker","status":"publish","type":"page","link":"https:\/\/linksjugend-solid-bw.de\/schwarzwald-baar\/material\/sticker\/","title":{"rendered":"Sticker:"},"content":{"rendered":"<p style=\"text-align: justify\">Die Linksjugend [&#8217;solid] Villingen-Schwenningen besitzt derzeit keine eigenen Sticker, allerdings k\u00f6nnt ihr Sticker \u00fcber den Landesverband (<a href=\"http:\/\/linksjugend-solid-bw.de\/material\/\">hier<\/a>) oder den Bundesverband (<a href=\"https:\/\/www.linksjugend-solid.de\/2013\/08\/21\/sticker\/\" target=\"_blank\">hier<\/a>) beziehen.<\/p>\n<hr \/>\n<p style=\"text-align: justify\">Du hast gute Ideen f\u00fcr Aufkleber? Dann schick uns Deine Vorschl\u00e4ge doch per\u00a0<a href=\"http:\/\/linksjugend-solid-bw.de\/schwarzwald-baar\/kontakt\/\" target=\"_blank\">E-Mail<\/a>\u00a0oder stell sie uns auf einem unserer\u00a0<a href=\"http:\/\/linksjugend-solid-bw.de\/schwarzwald-baar\/stadtjugendplenum\/\" target=\"_blank\">Treffen<\/a>\u00a0vor! Wir freuen uns drauf!<\/p>\n<p>&nbsp;<\/p>\n","protected":false},"excerpt":{"rendered":"<p>Die Linksjugend [&#8217;solid] Villingen-Schwenningen besitzt derzeit keine eigenen Sticker, allerdings k\u00f6nnt ihr Sticker \u00fcber den Landesverband (hier) oder den Bundesverband (hier) beziehen. Du hast gute Ideen f\u00fcr Aufkleber? Dann schick uns Deine Vorschl\u00e4ge doch per\u00a0E-Mail\u00a0oder<\/p>\n","protected":false},"author":35,"featured_media":0,"parent":376,"menu_order":0,"comment_status":"closed","ping_status":"closed","template":"","meta":{"jetpack_post_was_ever_published":false,"footnotes":"","_links_to":"","_links_to_target":""},"class_list":["post-379","page","type-page","status-publish","hentry"],"jetpack_sharing_enabled":true,"jetpack_shortlink":"https:\/\/wp.me\/P4o1qP-67","_links":{"self":[{"href":"https:\/\/linksjugend-solid-bw.de\/schwarzwald-baar\/wp-json\/wp\/v2\/pages\/379","targetHints":{"allow":["GET"]}}],"collection":[{"href":"https:\/\/linksjugend-solid-bw.de\/schwarzwald-baar\/wp-json\/wp\/v2\/pages"}],"about":[{"href":"https:\/\/linksjugend-solid-bw.de\/schwarzwald-baar\/wp-json\/wp\/v2\/types\/page"}],"author":[{"embeddable":true,"href":"https:\/\/linksjugend-solid-bw.de\/schwarzwald-baar\/wp-json\/wp\/v2\/users\/35"}],"replies":[{"embeddable":true,"href":"https:\/\/linksjugend-solid-bw.de\/schwarzwald-baar\/wp-json\/wp\/v2\/comments?post=379"}],"version-history":[{"count":6,"href":"https:\/\/linksjugend-solid-bw.de\/schwarzwald-baar\/wp-json\/wp\/v2\/pages\/379\/revisions"}],"predecessor-version":[{"id":546,"href":"https:\/\/linksjugend-solid-bw.de\/schwarzwald-baar\/wp-json\/wp\/v2\/pages\/379\/revisions\/546"}],"up":[{"embeddable":true,"href":"https:\/\/linksjugend-solid-bw.de\/schwarzwald-baar\/wp-json\/wp\/v2\/pages\/376"}],"wp:attachment":[{"href":"https:\/\/linksjugend-solid-bw.de\/schwarzwald-baar\/wp-json\/wp\/v2\/media?parent=379"}],"curies":[{"name":"wp","href":"https:\/\/api.w.org\/{rel}","templated":true}]}}