{"id":450,"date":"2016-04-14T22:36:20","date_gmt":"2016-04-14T22:36:20","guid":{"rendered":"http:\/\/linksjugend-solid-bw.de\/schwarzwald-baar\/?page_id=450"},"modified":"2016-04-18T00:38:37","modified_gmt":"2016-04-18T00:38:37","slug":"kpb","status":"publish","type":"page","link":"https:\/\/linksjugend-solid-bw.de\/schwarzwald-baar\/basisgruppe\/aakk\/kpb\/","title":{"rendered":"Komitee f\u00fcr politische Bildung (KPB):"},"content":{"rendered":"<p style=\"text-align: justify\">Das Komitee f\u00fcr politische Bildung (KPB) befasst sich mit der Planung und Durchf\u00fchrung\u00a0von (Weiter-)Bildungsveranstaltungen zu verschiedensten politischen Themen f\u00fcr junge Menschen \u00a0gem\u00e4\u00df des Selbstverst\u00e4ndnis der Linksjugend [&#8217;solid] Villingen-Schwenningen:<\/p>\n<p style=\"text-align: justify;padding-left: 90px\"><em>&#8222;Wir sehen die (interne) Weiterbildung als Grundlage, um die politischen Prozesse zu verstehen zu k\u00f6nnen und f\u00fcr Problemfelder sensibilisiert zu werden. Aus diesem Grund halten wir regelm\u00e4\u00dfige Bildungs- und Diskussionsveranstaltungen [&#8230;] f\u00fcr wichtig.&#8220;\u00a0<\/em><\/p>\n<p style=\"text-align: justify\">Dazu geh\u00f6ren nicht nur \u00f6ffentliche Vortr\u00e4ge, sondern auch Workshops und Seminare mit unterschiedlichen Referent*innen in lockerer, ungezwungener Atmosph\u00e4re.<\/p>\n<hr \/>\n<p style=\"text-align: justify\">Du hast Lust Dich (weiter) zu bilden? Dann schau doch mal bei unseren <a href=\"http:\/\/linksjugend-solid-bw.de\/schwarzwald-baar\/veranstaltungen\/\" target=\"_blank\">Veranstaltungen<\/a> vorbei! Sollte kein Thema dabei sein, dass Dich interessiert, schick uns doch Deine Vorschl\u00e4ge per\u00a0<a href=\"http:\/\/linksjugend-solid-bw.de\/schwarzwald-baar\/kontakt\/\" target=\"_blank\">E-Mail<\/a>!<\/p>\n<p>&nbsp;<\/p>\n","protected":false},"excerpt":{"rendered":"<p>Das Komitee f\u00fcr politische Bildung (KPB) befasst sich mit der Planung und Durchf\u00fchrung\u00a0von (Weiter-)Bildungsveranstaltungen zu verschiedensten politischen Themen f\u00fcr junge Menschen \u00a0gem\u00e4\u00df des Selbstverst\u00e4ndnis der Linksjugend [&#8217;solid] Villingen-Schwenningen: &#8222;Wir sehen die (interne) Weiterbildung als Grundlage,<\/p>\n","protected":false},"author":35,"featured_media":0,"parent":354,"menu_order":0,"comment_status":"closed","ping_status":"closed","template":"","meta":{"jetpack_post_was_ever_published":false,"footnotes":"","_links_to":"","_links_to_target":""},"class_list":["post-450","page","type-page","status-publish","hentry"],"jetpack_sharing_enabled":true,"jetpack_shortlink":"https:\/\/wp.me\/P4o1qP-7g","_links":{"self":[{"href":"https:\/\/linksjugend-solid-bw.de\/schwarzwald-baar\/wp-json\/wp\/v2\/pages\/450","targetHints":{"allow":["GET"]}}],"collection":[{"href":"https:\/\/linksjugend-solid-bw.de\/schwarzwald-baar\/wp-json\/wp\/v2\/pages"}],"about":[{"href":"https:\/\/linksjugend-solid-bw.de\/schwarzwald-baar\/wp-json\/wp\/v2\/types\/page"}],"author":[{"embeddable":true,"href":"https:\/\/linksjugend-solid-bw.de\/schwarzwald-baar\/wp-json\/wp\/v2\/users\/35"}],"replies":[{"embeddable":true,"href":"https:\/\/linksjugend-solid-bw.de\/schwarzwald-baar\/wp-json\/wp\/v2\/comments?post=450"}],"version-history":[{"count":3,"href":"https:\/\/linksjugend-solid-bw.de\/schwarzwald-baar\/wp-json\/wp\/v2\/pages\/450\/revisions"}],"predecessor-version":[{"id":536,"href":"https:\/\/linksjugend-solid-bw.de\/schwarzwald-baar\/wp-json\/wp\/v2\/pages\/450\/revisions\/536"}],"up":[{"embeddable":true,"href":"https:\/\/linksjugend-solid-bw.de\/schwarzwald-baar\/wp-json\/wp\/v2\/pages\/354"}],"wp:attachment":[{"href":"https:\/\/linksjugend-solid-bw.de\/schwarzwald-baar\/wp-json\/wp\/v2\/media?parent=450"}],"curies":[{"name":"wp","href":"https:\/\/api.w.org\/{rel}","templated":true}]}}