{"id":455,"date":"2016-04-17T20:27:07","date_gmt":"2016-04-17T20:27:07","guid":{"rendered":"http:\/\/linksjugend-solid-bw.de\/schwarzwald-baar\/?page_id=455"},"modified":"2016-04-18T00:45:56","modified_gmt":"2016-04-18T00:45:56","slug":"kosten_mitgliedschaft","status":"publish","type":"page","link":"https:\/\/linksjugend-solid-bw.de\/schwarzwald-baar\/positionen\/faq\/kosten_mitgliedschaft\/","title":{"rendered":"Was kostet es, Mitglied bei der Linksjugend [&#8217;solid] zu sein?"},"content":{"rendered":"<p style=\"text-align: justify\">Solltest Du Dich dazu entscheiden, Mitglied der Linksjugend [&#8217;solid] zu werden, wirst Du (wie es bei anderen Organisationen\/Vereinen\/etc. auch \u00fcblich ist) einen Mitgliedsbeitrag zahlen m\u00fcssen.<\/p>\n<p style=\"text-align: justify\"><strong>Der monatliche Mindestbetrag richtet sich nach Deinem Einkommen (oder Nichteinkommen):<\/strong><\/p>\n<ul>\n<li style=\"text-align: justify\">Als Nichtverdienende*r\u00a0(Darunter fallen Sch\u00fcler*innen, Student*innen, Erwerbslose, etc.), zahlst Du einen Mindestbeitrag von 1\u20ac<\/li>\n<li style=\"text-align: justify\">Als Geringverdienende*r, mit einem Einkommen bis 500\u20ac\/Monat, zahlst Du einen Mindestbeitrag von 2\u20ac<\/li>\n<li style=\"text-align: justify\">Bei einem Einkommen bis 1000\u20ac\/Monat, zahlst Du einen Mindestbeitrag von 4\u20ac<\/li>\n<li style=\"text-align: justify\">Bei einem Einkommen bis 1500\u20ac\/Monat, zahlst Du einen Mindestbeitrag von 10\u20ac<\/li>\n<li style=\"text-align: justify\">Bei einem Einkommen \u00fcber 1500\u20ac\/Monat, zahlst Du einen Mindestbeitrag von 15\u20ac<\/li>\n<li style=\"text-align: justify\">Solltest Du Mandatstr\u00e4ger*in auf Landes-, Bundes- oder Europaebene sein, zahlst Du einen Mindestbeitrag von 25\u20ac<\/li>\n<\/ul>\n<p style=\"text-align: justify\"><strong>Ein Mitglied mit h\u00f6herem Einkommen bezahlt also mehr, als ein Mitglied mit einem niedrigen Einkommen, so dass alle fair zum Wohle der Gemeinschaft beitragen k\u00f6nnen.<\/strong><\/p>\n<hr \/>\n<p style=\"text-align: justify\">Dein Mitgliedsbeitrag wird vom Bundesverband der Linksjugend [&#8217;solid] unkompliziert und monatlich per Bankeinzug eingezogen,\u00a0die eingenommenen Gelder werden gerecht auf die Landesverb\u00e4nde und die einzelnen Basisgruppen verteilt oder sinnvoll f\u00fcr gr\u00f6\u00dfere Projekte eingesetzt.<\/p>\n<hr \/>\n<p style=\"text-align: justify\"><strong>Allerdings musst Du kein\u00a0<a href=\"https:\/\/www.linksjugend-solid.de\/wp-content\/uploads\/2016\/01\/ljs-eintritt-2016.pdf\" target=\"_blank\">Mitglied werden<\/a>, um Dich bei der Linksjugend [&#8217;solid] Villingen-Schwenningen einbringen zu k\u00f6nnen. Bei uns kannst Du als vollwertiges Mitglied der Gruppe agieren, ohne das Du regelm\u00e4\u00dfig Mitgliedsbeitrag zahlst.<\/strong><\/p>\n<p style=\"text-align: justify\">Allerdings werden den zahlenden Mitgliedern oft Fahrtkosten (z.B. zu Veranstaltungen der Bundes- und Landesebene), o.\u00e4., bezahlt. Vielleicht entscheidest Du Dich sp\u00e4ter einmal dazu, zahlendes Mitglied zu werden. Vorerst w\u00fcrde es uns freuen, Dich regelm\u00e4\u00dfig beim\u00a0<a href=\"http:\/\/linksjugend-solid-bw.de\/schwarzwald-baar\/stadtjugendplenum\/\" target=\"_blank\">Stadtjugendplenum<\/a>\u00a0begr\u00fc\u00dfen zu d\u00fcrfen! \ud83d\ude42<\/p>\n<p>&nbsp;<\/p>\n<p>&nbsp;<\/p>\n","protected":false},"excerpt":{"rendered":"<p>Solltest Du Dich dazu entscheiden, Mitglied der Linksjugend [&#8217;solid] zu werden, wirst Du (wie es bei anderen Organisationen\/Vereinen\/etc. auch \u00fcblich ist) einen Mitgliedsbeitrag zahlen m\u00fcssen. Der monatliche Mindestbetrag richtet sich nach Deinem Einkommen (oder Nichteinkommen):<\/p>\n","protected":false},"author":35,"featured_media":0,"parent":445,"menu_order":0,"comment_status":"closed","ping_status":"closed","template":"","meta":{"jetpack_post_was_ever_published":false,"footnotes":"","_links_to":"","_links_to_target":""},"class_list":["post-455","page","type-page","status-publish","hentry"],"jetpack_sharing_enabled":true,"jetpack_shortlink":"https:\/\/wp.me\/P4o1qP-7l","_links":{"self":[{"href":"https:\/\/linksjugend-solid-bw.de\/schwarzwald-baar\/wp-json\/wp\/v2\/pages\/455","targetHints":{"allow":["GET"]}}],"collection":[{"href":"https:\/\/linksjugend-solid-bw.de\/schwarzwald-baar\/wp-json\/wp\/v2\/pages"}],"about":[{"href":"https:\/\/linksjugend-solid-bw.de\/schwarzwald-baar\/wp-json\/wp\/v2\/types\/page"}],"author":[{"embeddable":true,"href":"https:\/\/linksjugend-solid-bw.de\/schwarzwald-baar\/wp-json\/wp\/v2\/users\/35"}],"replies":[{"embeddable":true,"href":"https:\/\/linksjugend-solid-bw.de\/schwarzwald-baar\/wp-json\/wp\/v2\/comments?post=455"}],"version-history":[{"count":5,"href":"https:\/\/linksjugend-solid-bw.de\/schwarzwald-baar\/wp-json\/wp\/v2\/pages\/455\/revisions"}],"predecessor-version":[{"id":553,"href":"https:\/\/linksjugend-solid-bw.de\/schwarzwald-baar\/wp-json\/wp\/v2\/pages\/455\/revisions\/553"}],"up":[{"embeddable":true,"href":"https:\/\/linksjugend-solid-bw.de\/schwarzwald-baar\/wp-json\/wp\/v2\/pages\/445"}],"wp:attachment":[{"href":"https:\/\/linksjugend-solid-bw.de\/schwarzwald-baar\/wp-json\/wp\/v2\/media?parent=455"}],"curies":[{"name":"wp","href":"https:\/\/api.w.org\/{rel}","templated":true}]}}