{"id":592,"date":"2016-04-20T20:24:57","date_gmt":"2016-04-20T20:24:57","guid":{"rendered":"http:\/\/linksjugend-solid-bw.de\/schwarzwald-baar\/?page_id=592"},"modified":"2016-04-20T20:24:57","modified_gmt":"2016-04-20T20:24:57","slug":"impressum","status":"publish","type":"page","link":"https:\/\/linksjugend-solid-bw.de\/schwarzwald-baar\/impressum\/","title":{"rendered":"Impressum:"},"content":{"rendered":"<p>Dieses Portal, beinhaltet ein nicht kommerzielles Informationsangebot der\u00a0Linksjugend [&#8217;solid] Villingen-Schwenningen.\u00a0Verantwortlich f\u00fcr den Inhalt nach \u00a7 55 Abs. 2 RStV:<\/p>\n<p>Die Ortssprecher*innen der Linksjugend [&#8217;solid] Villingen-Schwenningen, erreichbar unter <span style=\"color: #ff0000\">vs@linksjugend-solid-bw.de<\/span><\/p>\n<hr \/>\n<h4><strong>Haftungsausschluss:\u00a0<\/strong><\/h4>\n<h6>Haftung f\u00fcr Inhalte:<\/h6>\n<p>Unsere Seiten wurden mit gr\u00f6\u00dfter Sorgfaltspflicht erstellt. F\u00fcr die Richtigkeit und \u00a0 Vollst\u00e4ndigkeit\u00a0\u00fcbernehmen wir jedoch keine Haftung. Aufgrund \u00a7 7 Abs. 1 TMG, sind wir nur f\u00fcr eigene Seiten nach den allgemeinen gesetzlichen Bestimmungen verantwortlich. Nach \u00a7 8 bis 10 TMG, sind wir jedoch nicht verpflichtet, \u00fcbermittelte bzw. fremde Informationen zu \u00fcberwachen und ggf. wegen Diesen, Nachforschungen zu betreiben, ob es sich hierbei um rechtswidrige T\u00e4tigkeiten handelt. Wir bitten Sie, uns unverz\u00fcglich mitzuteilen, wenn sich auf unserer Homepage, Solche befinden, damit eine sofortige L\u00f6schung erfolgen kann.<\/p>\n<h6>Urheberrecht:<\/h6>\n<p>Die Inhalte und Werke auf unseren Seiten, unterliegen dem deutschen Urheberrecht. Die Bearbeitung, Vervielf\u00e4ltigung, Verbreitung und jegliche Verwertung au\u00dferhalb der Grenzen des Urheberrechts, bed\u00fcrfen generell der schriftlichen Zustimmung des Ortssprecher*innenrates. Downloads und Kopien, sind ausschlie\u00dflich f\u00fcr den privaten Bereich gestattet. Inhalte, die von Dritten erstellt wurden, werden als Solche gekennzeichnet. Hier wurden die Urheberrechte bereits ber\u00fccksichtigt.<\/p>\n<h6>Datenschutz:<\/h6>\n<p>Wir weisen Sie vorsorglich darauf hin, dass bei einem Besuch unserer Homepage, durch Daten\u00fcbertragung im Internet, allgemein Sicherheitsl\u00fccken vorhanden sein k\u00f6nnen. Personenbezogene Daten, werden von uns nicht an Dritte weitergegeben. Die Kenntnisnahme ist Dann der Fall, wenn Sie uns eine Nachricht \u00fcber unser Kontaktformular hinterlassen. Die aus juristischen Gr\u00fcnden hinterlegten Kontaktdaten des Ansprechpartners, beinhalten keine Berechtigung zur \u00dcbersendung von nicht ausdr\u00fccklich angeforderten Werbematerialien. Hier wird ausdr\u00fccklich dagegen widersprochen.<\/p>\n<h6>Haftung f\u00fcr Links:<\/h6>\n<p>Unsere Seiten enth\u00e4lt Links zu externen Webseiten Dritter, auf deren Inhalte wir keinen Einfluss nehmen k\u00f6nnen. Deshalb kann hierf\u00fcr keine Gew\u00e4hr \u00fcbernommen werden. Die Haftung der Inhalte dieser Links, unterliegt ausdr\u00fccklich beim Betreiber bzw, Inhaber dieser Seiten. Eine \u00dcberpr\u00fcfung auf rechtswidrige Inhalte\u00a0erfolgt generell zum Zeitpunkt der Verlinkung auf rechtswidrige Inhalte, eine sp\u00e4tere \u00dcberpr\u00fcfung findet nicht mehr statt. Sollten Sie dennoch eine Rechtswidrigkeit feststellen, so bitten wir um Mitteilung, damit Diese unverz\u00fcglich entfernt werden k\u00f6nnen.<\/p>\n","protected":false},"excerpt":{"rendered":"<p>Dieses Portal, beinhaltet ein nicht kommerzielles Informationsangebot der\u00a0Linksjugend [&#8217;solid] Villingen-Schwenningen.\u00a0Verantwortlich f\u00fcr den Inhalt nach \u00a7 55 Abs. 2 RStV: Die Ortssprecher*innen der Linksjugend [&#8217;solid] Villingen-Schwenningen, erreichbar unter vs@linksjugend-solid-bw.de Haftungsausschluss:\u00a0 Haftung f\u00fcr Inhalte: Unsere Seiten wurden<\/p>\n","protected":false},"author":35,"featured_media":0,"parent":0,"menu_order":0,"comment_status":"closed","ping_status":"closed","template":"","meta":{"jetpack_post_was_ever_published":false,"footnotes":"","_links_to":"","_links_to_target":""},"class_list":["post-592","page","type-page","status-publish","hentry"],"jetpack_sharing_enabled":true,"jetpack_shortlink":"https:\/\/wp.me\/P4o1qP-9y","_links":{"self":[{"href":"https:\/\/linksjugend-solid-bw.de\/schwarzwald-baar\/wp-json\/wp\/v2\/pages\/592","targetHints":{"allow":["GET"]}}],"collection":[{"href":"https:\/\/linksjugend-solid-bw.de\/schwarzwald-baar\/wp-json\/wp\/v2\/pages"}],"about":[{"href":"https:\/\/linksjugend-solid-bw.de\/schwarzwald-baar\/wp-json\/wp\/v2\/types\/page"}],"author":[{"embeddable":true,"href":"https:\/\/linksjugend-solid-bw.de\/schwarzwald-baar\/wp-json\/wp\/v2\/users\/35"}],"replies":[{"embeddable":true,"href":"https:\/\/linksjugend-solid-bw.de\/schwarzwald-baar\/wp-json\/wp\/v2\/comments?post=592"}],"version-history":[{"count":1,"href":"https:\/\/linksjugend-solid-bw.de\/schwarzwald-baar\/wp-json\/wp\/v2\/pages\/592\/revisions"}],"predecessor-version":[{"id":593,"href":"https:\/\/linksjugend-solid-bw.de\/schwarzwald-baar\/wp-json\/wp\/v2\/pages\/592\/revisions\/593"}],"wp:attachment":[{"href":"https:\/\/linksjugend-solid-bw.de\/schwarzwald-baar\/wp-json\/wp\/v2\/media?parent=592"}],"curies":[{"name":"wp","href":"https:\/\/api.w.org\/{rel}","templated":true}]}}