{"id":20,"date":"2014-02-26T18:54:39","date_gmt":"2014-02-26T18:54:39","guid":{"rendered":"http:\/\/linksjugend-solid-bw.debg_default\/?page_id=20"},"modified":"2019-08-09T19:31:18","modified_gmt":"2019-08-09T19:31:18","slug":"gruppentreffen","status":"publish","type":"page","link":"https:\/\/linksjugend-solid-bw.de\/shaho\/gruppentreffen\/","title":{"rendered":"Gruppentreffen"},"content":{"rendered":"<h5>Hallo an alle Interessierten,<\/h5>\n<p>die Linksjugend [&#8216;solid] Schw\u00e4bisch Hall und Hohenlohe trifft sich aktuell unregelm\u00e4\u00dfig im B\u00fcro der LINKEN in Schw\u00e4bisch Hall.<\/p>\n<p>Alle unsere Sitzungen sind Grunds\u00e4tzlich \u00f6ffentlich und wir freuen uns \u00fcber jede*n die\/der vorbeikommt. Nat\u00fcrlich ist das komplett unverdindlich und Ihr m\u00fcsst kein Mitglied werden.<\/p>\n<p>Wir freuen uns auf Euer kommen<\/p>\n<p style=\"text-align: right\">\n","protected":false},"excerpt":{"rendered":"<p>Hallo an alle Interessierten, die Linksjugend [&#8216;solid] Schw\u00e4bisch Hall und Hohenlohe trifft sich aktuell unregelm\u00e4\u00dfig im B\u00fcro der LINKEN in Schw\u00e4bisch Hall. Alle unsere Sitzungen sind Grunds\u00e4tzlich \u00f6ffentlich und wir freuen uns \u00fcber jede*n die\/der<\/p>\n","protected":false},"author":1,"featured_media":0,"parent":0,"menu_order":4,"comment_status":"open","ping_status":"open","template":"","meta":{"jetpack_post_was_ever_published":false,"footnotes":"","_links_to":"","_links_to_target":""},"class_list":["post-20","page","type-page","status-publish","hentry"],"jetpack_sharing_enabled":true,"jetpack_shortlink":"https:\/\/wp.me\/P4o1qP-k","_links":{"self":[{"href":"https:\/\/linksjugend-solid-bw.de\/shaho\/wp-json\/wp\/v2\/pages\/20","targetHints":{"allow":["GET"]}}],"collection":[{"href":"https:\/\/linksjugend-solid-bw.de\/shaho\/wp-json\/wp\/v2\/pages"}],"about":[{"href":"https:\/\/linksjugend-solid-bw.de\/shaho\/wp-json\/wp\/v2\/types\/page"}],"author":[{"embeddable":true,"href":"https:\/\/linksjugend-solid-bw.de\/shaho\/wp-json\/wp\/v2\/users\/1"}],"replies":[{"embeddable":true,"href":"https:\/\/linksjugend-solid-bw.de\/shaho\/wp-json\/wp\/v2\/comments?post=20"}],"version-history":[{"count":7,"href":"https:\/\/linksjugend-solid-bw.de\/shaho\/wp-json\/wp\/v2\/pages\/20\/revisions"}],"predecessor-version":[{"id":187,"href":"https:\/\/linksjugend-solid-bw.de\/shaho\/wp-json\/wp\/v2\/pages\/20\/revisions\/187"}],"wp:attachment":[{"href":"https:\/\/linksjugend-solid-bw.de\/shaho\/wp-json\/wp\/v2\/media?parent=20"}],"curies":[{"name":"wp","href":"https:\/\/api.w.org\/{rel}","templated":true}]}}