{"id":4,"date":"2014-02-26T18:41:14","date_gmt":"2014-02-26T18:41:14","guid":{"rendered":"http:\/\/linksjugend-solid-bw.debg_default\/?page_id=4"},"modified":"2019-08-09T19:38:00","modified_gmt":"2019-08-09T19:38:00","slug":"kontakt","status":"publish","type":"page","link":"https:\/\/linksjugend-solid-bw.de\/shaho\/kontakt\/","title":{"rendered":"Kontakt und Impressum"},"content":{"rendered":"<p>Linksjugend [solid] Schw\u00e4bisch Hall und Hohenlohe<\/p>\n<p>Per E-Mail: brecht@linksjugend-solid-bw.de<\/p>\n<p>Per Post: B\u00fcro der Linken Schw\u00e4bisch Hall<\/p>\n<p>Lange Stra\u00dfe 36<\/p>\n<p>74523 Schw\u00e4bisch Hall<\/p>\n<p>Verantwortlich f\u00fcr den Inhalt ist Simon P. Brecht, Kreissprecher der linksjugend [&#8216;solid] Schw\u00e4bisch Hall und Hohenlohe (Stand, 06.03.2018)<\/p>\n<p style=\"text-align: right\">&lt;<a title=\"Homepage\" href=\"http:\/\/linksjugend-solid-bw.de\/sha\">Zur\u00fcck zur Startseite<\/a>&gt;<\/p>\n","protected":false},"excerpt":{"rendered":"<p>Linksjugend [solid] Schw\u00e4bisch Hall und Hohenlohe Per E-Mail: brecht@linksjugend-solid-bw.de Per Post: B\u00fcro der Linken Schw\u00e4bisch Hall Lange Stra\u00dfe 36 74523 Schw\u00e4bisch Hall Verantwortlich f\u00fcr den Inhalt ist Simon P. Brecht, Kreissprecher der linksjugend [&#8216;solid] Schw\u00e4bisch<\/p>\n","protected":false},"author":1,"featured_media":0,"parent":0,"menu_order":5,"comment_status":"open","ping_status":"open","template":"","meta":{"jetpack_post_was_ever_published":false,"footnotes":"","_links_to":"","_links_to_target":""},"class_list":["post-4","page","type-page","status-publish","hentry"],"jetpack_sharing_enabled":true,"jetpack_shortlink":"https:\/\/wp.me\/P4o1qP-4","_links":{"self":[{"href":"https:\/\/linksjugend-solid-bw.de\/shaho\/wp-json\/wp\/v2\/pages\/4","targetHints":{"allow":["GET"]}}],"collection":[{"href":"https:\/\/linksjugend-solid-bw.de\/shaho\/wp-json\/wp\/v2\/pages"}],"about":[{"href":"https:\/\/linksjugend-solid-bw.de\/shaho\/wp-json\/wp\/v2\/types\/page"}],"author":[{"embeddable":true,"href":"https:\/\/linksjugend-solid-bw.de\/shaho\/wp-json\/wp\/v2\/users\/1"}],"replies":[{"embeddable":true,"href":"https:\/\/linksjugend-solid-bw.de\/shaho\/wp-json\/wp\/v2\/comments?post=4"}],"version-history":[{"count":7,"href":"https:\/\/linksjugend-solid-bw.de\/shaho\/wp-json\/wp\/v2\/pages\/4\/revisions"}],"predecessor-version":[{"id":190,"href":"https:\/\/linksjugend-solid-bw.de\/shaho\/wp-json\/wp\/v2\/pages\/4\/revisions\/190"}],"wp:attachment":[{"href":"https:\/\/linksjugend-solid-bw.de\/shaho\/wp-json\/wp\/v2\/media?parent=4"}],"curies":[{"name":"wp","href":"https:\/\/api.w.org\/{rel}","templated":true}]}}