{"id":776,"date":"2016-11-01T23:06:54","date_gmt":"2016-11-01T23:06:54","guid":{"rendered":"http:\/\/linksjugend-solid-bw.de\/stuttgart\/?page_id=776"},"modified":"2019-02-27T08:34:33","modified_gmt":"2019-02-27T08:34:33","slug":"gruppentreffen-newsletter-mitglied-werden","status":"publish","type":"page","link":"https:\/\/linksjugend-solid-bw.de\/stuttgart\/gruppentreffen-newsletter-mitglied-werden\/","title":{"rendered":"Gruppentreffen  \/ Newsletter \/ Mitglied werden"},"content":{"rendered":"<p><a href=\"http:\/\/linksjugend-solid-bw.de\/stuttgart\/gruppentreffen__trashed\/12565502_919073424807788_848218399732933701_n\/\" rel=\"attachment wp-att-613\"><img loading=\"lazy\" decoding=\"async\" class=\"alignnone size-medium wp-image-613\" src=\"http:\/\/linksjugend-solid-bw.de\/stuttgart\/wp-content\/uploads\/sites\/8\/2014\/03\/12565502_919073424807788_848218399732933701_n-300x180.jpg\" alt=\"12565502_919073424807788_848218399732933701_n\" width=\"300\" height=\"180\" srcset=\"https:\/\/linksjugend-solid-bw.de\/stuttgart\/wp-content\/uploads\/sites\/8\/2014\/03\/12565502_919073424807788_848218399732933701_n-300x180.jpg 300w, https:\/\/linksjugend-solid-bw.de\/stuttgart\/wp-content\/uploads\/sites\/8\/2014\/03\/12565502_919073424807788_848218399732933701_n-768x461.jpg 768w, https:\/\/linksjugend-solid-bw.de\/stuttgart\/wp-content\/uploads\/sites\/8\/2014\/03\/12565502_919073424807788_848218399732933701_n.jpg 960w\" sizes=\"auto, (max-width: 300px) 100vw, 300px\" \/><\/a><\/p>\n<p>Offenes Treffen der Linksjugend [&#8217;solid] Stuttgart am 12.03.2019 um 19:00 Uhr.<\/p>\n<p>Um einen ersten Eindruck von der Linksjugend [&#8217;solid] Stuttgart zu bekommen, kannst du bei einem Gruppentreffen (offenes Treffen) teilnehmen.<\/p>\n<p>Das Gruppentreffen ist das Herzst\u00fcck unserer politischen Arbeit und findet in der Regel zweimal im Monat in den R\u00e4umlichkeiten der Landesgesch\u00e4ftstelle der Linken in der Falkertstra\u00dfe 58, 70176 Stuttgart statt.<\/p>\n<p>Eine Anreisem\u00f6glichkeit besteht mit der U4 nach Rosenbergstra\u00dfe\/Seidenstra\u00dfe<\/p>\n<p>Siehe auch unsere Facebook-Seite<\/p>\n<p><a href=\"https:\/\/www.facebook.com\/solidstuttgart\/\">https:\/\/www.facebook.com\/solidstuttgart\/<\/a><\/p>\n<p><a href=\"http:\/\/linksjugend-solid-bw.de\/stuttgart\/gruppentreffen-newsletter-mitglied-werden\/neueflyer\/\" rel=\"attachment wp-att-1096\"><img loading=\"lazy\" decoding=\"async\" class=\"alignnone size-medium wp-image-1096\" src=\"http:\/\/linksjugend-solid-bw.de\/stuttgart\/wp-content\/uploads\/sites\/8\/2016\/11\/neueflyer-300x199.jpg\" alt=\"\" width=\"300\" height=\"199\" srcset=\"https:\/\/linksjugend-solid-bw.de\/stuttgart\/wp-content\/uploads\/sites\/8\/2016\/11\/neueflyer-300x199.jpg 300w, https:\/\/linksjugend-solid-bw.de\/stuttgart\/wp-content\/uploads\/sites\/8\/2016\/11\/neueflyer-768x510.jpg 768w, https:\/\/linksjugend-solid-bw.de\/stuttgart\/wp-content\/uploads\/sites\/8\/2016\/11\/neueflyer-120x80.jpg 120w, https:\/\/linksjugend-solid-bw.de\/stuttgart\/wp-content\/uploads\/sites\/8\/2016\/11\/neueflyer.jpg 960w\" sizes=\"auto, (max-width: 300px) 100vw, 300px\" \/><\/a><\/p>\n<div id=\"js_21h\" class=\"_5pbx userContent\">\n<p><span style=\"color: #000000\">Unsere Veranstaltungen sind grunds\u00e4tzlich \u00f6ffentlich.<\/span><\/p>\n<p><span style=\"color: #000000\">Die Linksjugend [&#8217;solid] Stuttgart beh\u00e4lt sich vor, von ihrem (Haus-)recht Gebrauch zu machen und Personen, die rechtsradikalen Parteien oder Organisationen angeh\u00f6ren, der rechten Szene zuzuordnen sind oder bereits in der Vergangenheit durch rassistische, nationalistische, sexistische oder sonstige menschenverachtende \u00c4u\u00dferungen in Erscheinung getreten sind, den Zutritt zu ihren Veranstaltungen zu verwehren oder von diesen auszuschlie\u00dfen.<\/span><\/p>\n<\/div>\n<p><a href=\"http:\/\/linksjugend-solid-bw.de\/stuttgart\/ueber-uns\/solidlogo\/\" rel=\"attachment wp-att-1103\"><img loading=\"lazy\" decoding=\"async\" class=\"alignnone size-medium wp-image-1103\" src=\"http:\/\/linksjugend-solid-bw.de\/stuttgart\/wp-content\/uploads\/sites\/8\/2015\/04\/solidlogo-300x181.png\" alt=\"\" width=\"300\" height=\"181\" srcset=\"https:\/\/linksjugend-solid-bw.de\/stuttgart\/wp-content\/uploads\/sites\/8\/2015\/04\/solidlogo-300x181.png 300w, https:\/\/linksjugend-solid-bw.de\/stuttgart\/wp-content\/uploads\/sites\/8\/2015\/04\/solidlogo.png 334w\" sizes=\"auto, (max-width: 300px) 100vw, 300px\" \/><\/a><\/p>\n<p>und \u00f6kologisch!<\/p>\n<hr \/>\n<p><a href=\"http:\/\/linksjugend-solid-bw.de\/stuttgart\/gruppentreffen-newsletter-mitglied-werden\/newsletter\/\" rel=\"attachment wp-att-785\"><img loading=\"lazy\" decoding=\"async\" class=\"alignnone size-medium wp-image-785\" src=\"http:\/\/linksjugend-solid-bw.de\/stuttgart\/wp-content\/uploads\/sites\/8\/2016\/11\/newsletter-300x72.jpg\" alt=\"newsletter\" width=\"300\" height=\"72\" srcset=\"https:\/\/linksjugend-solid-bw.de\/stuttgart\/wp-content\/uploads\/sites\/8\/2016\/11\/newsletter-300x72.jpg 300w, https:\/\/linksjugend-solid-bw.de\/stuttgart\/wp-content\/uploads\/sites\/8\/2016\/11\/newsletter.jpg 608w\" sizes=\"auto, (max-width: 300px) 100vw, 300px\" \/><\/a><\/p>\n<div class=\"text_exposed_show\">\n<\/div>\n<p>Wenn Ihr unseren Newsletter und andere Informationen in Zukunft gerne lesen wollt,<span class=\"text_exposed_show\"> dann m\u00fcsst Ihr uns eine kurze Mail mit dem Betreff:<strong> \u201eNewsletter\u201c und dem Inhalt:<span style=\"color: #000000\"> \u201cJa, ich m\u00f6chte auch weiterhin den Newsletter erhalten\u201c <\/span> an: stuttgart@linksjugend-solid-bw.de schreiben.<\/strong><\/span><\/p>\n<p>Datenschutz: Um Informationen und unseren Newsletter zu erhalten, m\u00fcssen wir nur Eure E-Mail Adresse eintragen. Weitere Informationen ben\u00f6tigen wir von Euch nicht. Au\u00dfer Deiner E-Mail Adresse sind also in diesem Fall keine weiteren Informationen von Dir bei uns gespeichert. Prinzipiell gilt: Die bei uns gespeicherten Daten werden von uns nicht an Dritte weiter gegeben.<\/p>\n<hr \/>\n<p><a href=\"https:\/\/www.linksjugend-solid.de\/verband\/aktiv-werden\/mitglied-werden\/\" rel=\"attachment wp-att-788\"><img loading=\"lazy\" decoding=\"async\" class=\"alignnone wp-image-788 size-medium\" src=\"http:\/\/linksjugend-solid-bw.de\/stuttgart\/wp-content\/uploads\/sites\/8\/2016\/11\/mitglied-werden-300x86.png\" alt=\"mitglied-werden\" width=\"300\" height=\"86\" srcset=\"https:\/\/linksjugend-solid-bw.de\/stuttgart\/wp-content\/uploads\/sites\/8\/2016\/11\/mitglied-werden-300x86.png 300w, https:\/\/linksjugend-solid-bw.de\/stuttgart\/wp-content\/uploads\/sites\/8\/2016\/11\/mitglied-werden-768x220.png 768w, https:\/\/linksjugend-solid-bw.de\/stuttgart\/wp-content\/uploads\/sites\/8\/2016\/11\/mitglied-werden.png 880w\" sizes=\"auto, (max-width: 300px) 100vw, 300px\" \/><\/a><\/p>\n<p>Wir sind Azubis, Sch\u00fcler*innen, Studierende, junge Erwerbst\u00e4tige und Erwerbslose. Wir k\u00e4mpfen gemeinsam gegen die gro\u00dfen und kleinen Ungerechtigkeiten des Alltags. Linksjugend [\u2019solid] ist die Plattform wo junge Menschen selbst Politik machen k\u00f6nnen \u2013 egal, ob sie schon l\u00e4nger dabei sind oder neu einsteigen wollen.<\/p>\n<div class=\"entry-content clearfix colored-border\">\n<div>\n<p>Du m\u00f6chtest Mitglied werden? Super! Hier <a href=\"https:\/\/www.linksjugend-solid.de\/verband\/aktiv-werden\/mitglied-werden\/\">Mitglied werden<\/a>.<\/p>\n<\/div>\n<\/div>\n","protected":false},"excerpt":{"rendered":"<p>Offenes Treffen der Linksjugend [&#8217;solid] Stuttgart am 12.03.2019 um 19:00 Uhr. Um einen ersten Eindruck von der Linksjugend [&#8217;solid] Stuttgart zu bekommen, kannst du bei einem Gruppentreffen (offenes Treffen) teilnehmen. Das Gruppentreffen ist das Herzst\u00fcck<\/p>\n","protected":false},"author":25,"featured_media":0,"parent":0,"menu_order":0,"comment_status":"closed","ping_status":"closed","template":"","meta":{"jetpack_post_was_ever_published":false,"footnotes":"","_links_to":"","_links_to_target":""},"class_list":["post-776","page","type-page","status-publish","hentry"],"jetpack_shortlink":"https:\/\/wp.me\/P4pRGH-cw","jetpack_sharing_enabled":true,"_links":{"self":[{"href":"https:\/\/linksjugend-solid-bw.de\/stuttgart\/wp-json\/wp\/v2\/pages\/776","targetHints":{"allow":["GET"]}}],"collection":[{"href":"https:\/\/linksjugend-solid-bw.de\/stuttgart\/wp-json\/wp\/v2\/pages"}],"about":[{"href":"https:\/\/linksjugend-solid-bw.de\/stuttgart\/wp-json\/wp\/v2\/types\/page"}],"author":[{"embeddable":true,"href":"https:\/\/linksjugend-solid-bw.de\/stuttgart\/wp-json\/wp\/v2\/users\/25"}],"replies":[{"embeddable":true,"href":"https:\/\/linksjugend-solid-bw.de\/stuttgart\/wp-json\/wp\/v2\/comments?post=776"}],"version-history":[{"count":61,"href":"https:\/\/linksjugend-solid-bw.de\/stuttgart\/wp-json\/wp\/v2\/pages\/776\/revisions"}],"predecessor-version":[{"id":1365,"href":"https:\/\/linksjugend-solid-bw.de\/stuttgart\/wp-json\/wp\/v2\/pages\/776\/revisions\/1365"}],"wp:attachment":[{"href":"https:\/\/linksjugend-solid-bw.de\/stuttgart\/wp-json\/wp\/v2\/media?parent=776"}],"curies":[{"name":"wp","href":"https:\/\/api.w.org\/{rel}","templated":true}]}}